

{"id":7330,"date":"2025-04-23T16:54:18","date_gmt":"2025-04-23T14:54:18","guid":{"rendered":"https:\/\/blackviewphones.com\/?post_type=product&#038;p=7330"},"modified":"2026-04-15T15:45:49","modified_gmt":"2026-04-15T13:45:49","slug":"blackview-bv-holster-funda-telefonos-resistentes","status":"publish","type":"product","link":"https:\/\/blackviewphones.com\/es\/product\/blackview-bv-holster-funda-telefonos-resistentes\/","title":{"rendered":"Blackview BV Holster: Funda para tel\u00e9fonos resistentes"},"content":{"rendered":"<h1 data-spm-anchor-id=\"a2g0o.detail.1000016.i4.6bb25b43f3exZP\">Blackview BV Holster: Funda para tel\u00e9fonos resistentes<\/h1>\n<p data-spm-anchor-id=\"a2g0o.detail.1000016.i4.6bb25b43f3exZP\">Conoce el Blackview BV Holster, una funda <em>case<\/em> para tel\u00e9fonos resistentes, rugerizados o robustos. Con una hebilla triangular para facilitar el transporte y un c\u00f3modo dispositivo de cierre, est\u00e1 hecha a medida para una serie de tel\u00e9fonos robustos de Blackview u otras marcas, para llevarlo vertical o lateralmente en el cintur\u00f3n con presillas dobles. Tambi\u00e9n se puede colgar en su mochila y es ampliamente adecuado para varios tel\u00e9fonos.<\/p>\n<ul>\n<li data-spm-anchor-id=\"a2g0o.detail.1000016.i4.6bb25b43f3exZP\">Compatible con m\u00f3viles hasta pantallas de 6,67&#8243; o 24 mm de grosor<\/li>\n<li data-spm-anchor-id=\"a2g0o.detail.1000016.i4.6bb25b43f3exZP\">Color: Negro con naranja<\/li>\n<li data-spm-anchor-id=\"a2g0o.detail.1000016.i4.6bb25b43f3exZP\">Material: Piel<\/li>\n<li data-spm-anchor-id=\"a2g0o.detail.1000016.i4.6bb25b43f3exZP\">Medidas: 20*9*3 cm<\/li>\n<li data-spm-anchor-id=\"a2g0o.detail.1000016.i4.6bb25b43f3exZP\">Contenido: 1* Funda resistente para smartphone Blackview<\/li>\n<\/ul>\n<h2>Caracter\u00edsticas de BV Holder<\/h2>\n<ol>\n<li>Recorte preciso<\/li>\n<li>F\u00e1cil acceso<\/li>\n<li>Desplazamiento vertical\/lateral<\/li>\n<li>Protecci\u00f3n completa<\/li>\n<li>Compartimento para tarjetero incluido<\/li>\n<li>Compatible con la mayor\u00eda de dispositivos resistentes<\/li>\n<\/ol>\n","protected":false},"excerpt":{"rendered":"<p>Compatible con m\u00f3viles hasta pantallas de 6,67&#8243; o 24 mm de grosor<\/p>\n<p>Color: Negro con naranja<\/p>\n<p>Material: Piel<\/p>\n<p>Medidas: 20*9*3 cm<\/p>\n<p>&nbsp;<\/p>\n","protected":false},"featured_media":7334,"comment_status":"closed","ping_status":"closed","template":"","meta":{"_acf_changed":false},"product_brand":[],"product_cat":[154,330],"product_tag":[318,171,319],"class_list":{"0":"post-7330","1":"product","2":"type-product","3":"status-publish","4":"has-post-thumbnail","6":"product_cat-accesorios-blackview","7":"product_cat-accesorios-blackview-accesorios-para-moviles","8":"product_tag-bl","9":"product_tag-blackview","10":"product_tag-bv","12":"first","13":"instock","14":"sale","15":"shipping-taxable","16":"purchasable","17":"product-type-variable"},"acf":[],"_links":{"self":[{"href":"https:\/\/blackviewphones.com\/es\/wp-json\/wp\/v2\/product\/7330","targetHints":{"allow":["GET"]}}],"collection":[{"href":"https:\/\/blackviewphones.com\/es\/wp-json\/wp\/v2\/product"}],"about":[{"href":"https:\/\/blackviewphones.com\/es\/wp-json\/wp\/v2\/types\/product"}],"replies":[{"embeddable":true,"href":"https:\/\/blackviewphones.com\/es\/wp-json\/wp\/v2\/comments?post=7330"}],"version-history":[{"count":0,"href":"https:\/\/blackviewphones.com\/es\/wp-json\/wp\/v2\/product\/7330\/revisions"}],"wp:featuredmedia":[{"embeddable":true,"href":"https:\/\/blackviewphones.com\/es\/wp-json\/wp\/v2\/media\/7334"}],"wp:attachment":[{"href":"https:\/\/blackviewphones.com\/es\/wp-json\/wp\/v2\/media?parent=7330"}],"wp:term":[{"taxonomy":"product_brand","embeddable":true,"href":"https:\/\/blackviewphones.com\/es\/wp-json\/wp\/v2\/product_brand?post=7330"},{"taxonomy":"product_cat","embeddable":true,"href":"https:\/\/blackviewphones.com\/es\/wp-json\/wp\/v2\/product_cat?post=7330"},{"taxonomy":"product_tag","embeddable":true,"href":"https:\/\/blackviewphones.com\/es\/wp-json\/wp\/v2\/product_tag?post=7330"}],"curies":[{"name":"wp","href":"https:\/\/api.w.org\/{rel}","templated":true}]}}