

{"id":7313,"date":"2025-04-23T16:30:32","date_gmt":"2025-04-23T14:30:32","guid":{"rendered":"https:\/\/blackviewphones.com\/?post_type=product&#038;p=7313"},"modified":"2026-05-08T17:54:36","modified_gmt":"2026-05-08T15:54:36","slug":"blackview-airbuds-20-auriculares-bluetooth-5-4","status":"publish","type":"product","link":"https:\/\/blackviewphones.com\/es\/product\/blackview-airbuds-20-auriculares-bluetooth-5-4\/","title":{"rendered":"Blackview Airbuds 20"},"content":{"rendered":"<h1>Blackview Airbuds 20 \u2013 Auriculares Bluetooth 5.4<\/h1>\n<p>El<strong> Blackview Airbuds 20<\/strong> es un auricular TWS con dise\u00f1o ergon\u00f3mico, con IPX7 y <em>Smart Touch Control<\/em>. Ideal para usar en exteriores y realizar deporte. Con bater\u00eda de larga duraci\u00f3n 400 mAh.<\/p>\n<p>Cuenta con tecnolog\u00eda de conducci\u00f3n de aire, siente la m\u00fasica, no el entumecimiento. Con el podr\u00e1s disfrutar de hasta 6.5 hrs de reproducci\u00f3n de m\u00fasica. Compatible con Android, iOS y HarmonyOS. Adem\u00e1s, puedes cargar 10 minutos y disfrutar de hasta 60 minutos de sonido.<\/p>\n<p><strong>Protecci\u00f3n IPX7, llueva o haga sol<\/strong><\/p>\n<p>Los Airbuds 20 con protecci\u00f3n IPX7 resisten la lluvia, al sudor y las salpicaduras. Perfectos para deportes, actividades al aire libre y uso diario, garantizan un rendimiento fiable sin miedo a que el agua los da\u00f1e.<\/p>\n<p><strong>Estos auriculares de la marca Blackview, son IPX7, resisten al sudor<\/strong><\/p>\n<p><strong>No recomendamos sumergirlos en agua.<\/strong><\/p>\n","protected":false},"excerpt":{"rendered":"<p>Airbuds IPX7<\/p>\n<p>Peso:Auricular: 6.3 g| Caja de carga &#8211; 28 g<\/p>\n<p>Driver:\u03a6 13 mm<\/p>\n<p>Bluetooth: 5.4<\/p>\n<p>Cancelaci\u00f3n de ruido: Si<\/p>\n<p>Charging case: 400 mAh<\/p>\n","protected":false},"featured_media":7322,"comment_status":"closed","ping_status":"closed","template":"","meta":{"_acf_changed":false},"product_brand":[287],"product_cat":[154,156,159],"product_tag":[],"class_list":{"0":"post-7313","1":"product","2":"type-product","3":"status-publish","4":"has-post-thumbnail","6":"product_brand-blackview","7":"product_cat-accesorios-blackview","8":"product_cat-accesorios-blackview-auriculares","9":"product_cat-ofertas","11":"first","12":"instock","13":"sale","14":"shipping-taxable","15":"purchasable","16":"product-type-variable"},"acf":[],"_links":{"self":[{"href":"https:\/\/blackviewphones.com\/es\/wp-json\/wp\/v2\/product\/7313","targetHints":{"allow":["GET"]}}],"collection":[{"href":"https:\/\/blackviewphones.com\/es\/wp-json\/wp\/v2\/product"}],"about":[{"href":"https:\/\/blackviewphones.com\/es\/wp-json\/wp\/v2\/types\/product"}],"replies":[{"embeddable":true,"href":"https:\/\/blackviewphones.com\/es\/wp-json\/wp\/v2\/comments?post=7313"}],"version-history":[{"count":0,"href":"https:\/\/blackviewphones.com\/es\/wp-json\/wp\/v2\/product\/7313\/revisions"}],"wp:featuredmedia":[{"embeddable":true,"href":"https:\/\/blackviewphones.com\/es\/wp-json\/wp\/v2\/media\/7322"}],"wp:attachment":[{"href":"https:\/\/blackviewphones.com\/es\/wp-json\/wp\/v2\/media?parent=7313"}],"wp:term":[{"taxonomy":"product_brand","embeddable":true,"href":"https:\/\/blackviewphones.com\/es\/wp-json\/wp\/v2\/product_brand?post=7313"},{"taxonomy":"product_cat","embeddable":true,"href":"https:\/\/blackviewphones.com\/es\/wp-json\/wp\/v2\/product_cat?post=7313"},{"taxonomy":"product_tag","embeddable":true,"href":"https:\/\/blackviewphones.com\/es\/wp-json\/wp\/v2\/product_tag?post=7313"}],"curies":[{"name":"wp","href":"https:\/\/api.w.org\/{rel}","templated":true}]}}