

{"id":7302,"date":"2025-04-23T16:17:10","date_gmt":"2025-04-23T14:17:10","guid":{"rendered":"https:\/\/blackviewphones.com\/?post_type=product&#038;p=7302"},"modified":"2026-02-02T11:07:12","modified_gmt":"2026-02-02T10:07:12","slug":"blackview-airbuds-200-auriculares-bluetooth","status":"publish","type":"product","link":"https:\/\/blackviewphones.com\/es\/product\/blackview-airbuds-200-auriculares-bluetooth\/","title":{"rendered":"Blackview Airbuds 200 &#8211; Auriculares Bluetooth IP68"},"content":{"rendered":"<h1>Blackview Airbuds 200 \u2013 Auriculares Bluetooth IP68<\/h1>\n<p>El<strong> Blackview Airbuds 200<\/strong> es un auricular TWS ergon\u00f3mico con AI Powered, IP68 y con cancelaci\u00f3n de ruido. Ideal para llevar contigo a todas partes y disfrutar de la m\u00fasica. Con bater\u00eda de larga duraci\u00f3n 500 mAh.<\/p>\n<p><strong>Innovador dise\u00f1o Open-ear: Totalmente abiertos, comodidad total<\/strong><\/p>\n<p>Libera sin esfuerzo los canales auditivos y elimina la presi\u00f3n tradicionalmente asociada a los auriculares de bot\u00f3n, ofreciendo una comodidad inigualable: sin molestias ni dolor, incluso durante un uso prolongado. M\u00fasica o llamadas, siempre a gusto.<\/p>\n<p><strong>Smart AI \u2013 Cancelaci\u00f3n de ruido mejorada: Cada palabra, cristalina<\/strong><\/p>\n<p>Gracias a la avanzada tecnolog\u00eda de cancelaci\u00f3n de ruido con IA que filtra las distracciones de fondo, no se perder\u00e1 ni una palabra en una ciudad bulliciosa o en una oficina ruidosa. Disfrute de reuniones en l\u00ednea y llamadas de negocios n\u00edtidas, en las que cada palabra se oye con perfecta claridad.<\/p>\n<p><strong>Grado de impermeabilidad IP68: \u00bfSudor o lluvia? No temas<\/strong><\/p>\n<p>Con la certificaci\u00f3n IP68 de resistencia al agua y al polvo, los Airbuds 200 cuentan con una estructura robusta y estanca preparada para lo que venga, desde chorros de agua multidireccionales y sudoraci\u00f3n intensa hasta lluvia fuerte.<\/p>\n<h2>Gu\u00eda de uso de Airbuds 200:<\/h2>\n<ul>\n<li>Bajar volumen: Un toque (L)<\/li>\n<li>Subir volumen: Un toque (R)<\/li>\n<li>Play\/Pausa: Doble toque (L o R)<\/li>\n<li>Anterior canci\u00f3n: Triple toque (L)<\/li>\n<li>Siguiente canci\u00f3n: Triple toque (R)<\/li>\n<li>Llamar\/Colgar llamada: Doble toque (L o R)<\/li>\n<li>Rechazar llamada entrante: Toque largo (L o R 2 segundos)<\/li>\n<\/ul>\n<p><strong>Estos auriculares de la marca Blackview, son IP68, resisten al sudor<\/strong><\/p>\n<p><strong>No recomendamos sumergirlos en agua.<\/strong><\/p>\n","protected":false},"excerpt":{"rendered":"<p>Peso: Auricular: 20.5 g | Caja de carga \u2013 65.35 g<br \/>\nMedidas pocket: 80.5*67.5*27mm<br \/>\nDriver: 16 mm * 12 mm<br \/>\nBluetooth: 5.4<br \/>\nCancelaci\u00f3n de ruido: Si<br \/>\nCharging case: 500 mAh<\/p>\n","protected":false},"featured_media":7307,"comment_status":"closed","ping_status":"closed","template":"","meta":{"_acf_changed":false},"product_brand":[287],"product_cat":[154,156],"product_tag":[],"class_list":{"0":"post-7302","1":"product","2":"type-product","3":"status-publish","4":"has-post-thumbnail","6":"product_brand-blackview","7":"product_cat-accesorios-blackview","8":"product_cat-accesorios-blackview-auriculares","10":"first","11":"outofstock","12":"sale","13":"shipping-taxable","14":"purchasable","15":"product-type-variable"},"acf":[],"_links":{"self":[{"href":"https:\/\/blackviewphones.com\/es\/wp-json\/wp\/v2\/product\/7302","targetHints":{"allow":["GET"]}}],"collection":[{"href":"https:\/\/blackviewphones.com\/es\/wp-json\/wp\/v2\/product"}],"about":[{"href":"https:\/\/blackviewphones.com\/es\/wp-json\/wp\/v2\/types\/product"}],"replies":[{"embeddable":true,"href":"https:\/\/blackviewphones.com\/es\/wp-json\/wp\/v2\/comments?post=7302"}],"version-history":[{"count":0,"href":"https:\/\/blackviewphones.com\/es\/wp-json\/wp\/v2\/product\/7302\/revisions"}],"wp:featuredmedia":[{"embeddable":true,"href":"https:\/\/blackviewphones.com\/es\/wp-json\/wp\/v2\/media\/7307"}],"wp:attachment":[{"href":"https:\/\/blackviewphones.com\/es\/wp-json\/wp\/v2\/media?parent=7302"}],"wp:term":[{"taxonomy":"product_brand","embeddable":true,"href":"https:\/\/blackviewphones.com\/es\/wp-json\/wp\/v2\/product_brand?post=7302"},{"taxonomy":"product_cat","embeddable":true,"href":"https:\/\/blackviewphones.com\/es\/wp-json\/wp\/v2\/product_cat?post=7302"},{"taxonomy":"product_tag","embeddable":true,"href":"https:\/\/blackviewphones.com\/es\/wp-json\/wp\/v2\/product_tag?post=7302"}],"curies":[{"name":"wp","href":"https:\/\/api.w.org\/{rel}","templated":true}]}}