

{"id":7292,"date":"2025-04-23T16:10:35","date_gmt":"2025-04-23T14:10:35","guid":{"rendered":"https:\/\/blackviewphones.com\/?post_type=product&#038;p=7292"},"modified":"2026-01-14T10:22:13","modified_gmt":"2026-01-14T09:22:13","slug":"blackview-airbuds-12-auriculares-bluetooth","status":"publish","type":"product","link":"https:\/\/blackviewphones.com\/es\/product\/blackview-airbuds-12-auriculares-bluetooth\/","title":{"rendered":"Blackview Airbuds 12 &#8211; Auriculares Bluetooth 5.4"},"content":{"rendered":"<h1>Blackview Airbuds 12 \u2013 Auriculares Bluetooth 5.4<\/h1>\n<p>El<strong> Blackview Airbuds 12<\/strong> es un auricular TWS con IPX7, pantalla LED funcional, <em>touch screen<\/em> y con cancelaci\u00f3n de ruido. Ideal para llevar contigo a todas partes y disfrutar de la m\u00fasica. Con bater\u00eda de larga duraci\u00f3n 400 mAh.<\/p>\n<p><strong>Funcional pantalla t\u00e1ctil LED<\/strong><\/p>\n<p>Gracias a la pantalla t\u00e1ctil LED de los Airbuds 12, puedes ajustar r\u00e1pidamente la m\u00fasica, el volumen y el ecualizador, modificar la pantalla, localizar tus auriculares o capturar fotos, todo con un solo toque, para que tu vida sea m\u00e1s inteligente y fluida.<\/p>\n<p><strong>Habla claro. Hazte o\u00edr alto y claro<\/strong><\/p>\n<p>Calidad de llamada cristalina. La tecnolog\u00eda ENC de los Airbuds 12 garantiza llamadas n\u00edtidas filtrando el ruido del entorno. No importa si est\u00e1s en una calle con mucho tr\u00e1fico o al aire libre, tu voz sigue siendo natural y no se ve afectada por los sonidos de fondo.<\/p>\n<p><strong>Estos auriculares de la marca Blackview, son IPX7, resisten al sudor<\/strong><\/p>\n<p><strong>No recomendamos sumergirlos en agua.<\/strong><\/p>\n","protected":false},"excerpt":{"rendered":"<p>Auricular: 7.3 g | Caja de carga \u2013 44.2 g<br \/>\nMedidas pocket: 59.9*48.3*27.8 mm<br \/>\nDriver: \u03a6 10 mm Dynamic Driver<br \/>\nBluetooth: 5.4<br \/>\nCancelaci\u00f3n de ruido: Si<br \/>\nCharging case: 400 mAh<\/p>\n<div id=\"gtx-trans\" style=\"position: absolute; left: -8px; top: -10px;\">\n<div class=\"gtx-trans-icon\"><\/div>\n<\/div>\n","protected":false},"featured_media":7300,"comment_status":"closed","ping_status":"closed","template":"","meta":{"_acf_changed":false},"product_brand":[287],"product_cat":[349],"product_tag":[],"class_list":{"0":"post-7292","1":"product","2":"type-product","3":"status-publish","4":"has-post-thumbnail","6":"product_brand-blackview","7":"product_cat-sin-categoria","9":"first","10":"outofstock","11":"sale","12":"shipping-taxable","13":"purchasable","14":"product-type-variable"},"acf":[],"_links":{"self":[{"href":"https:\/\/blackviewphones.com\/es\/wp-json\/wp\/v2\/product\/7292","targetHints":{"allow":["GET"]}}],"collection":[{"href":"https:\/\/blackviewphones.com\/es\/wp-json\/wp\/v2\/product"}],"about":[{"href":"https:\/\/blackviewphones.com\/es\/wp-json\/wp\/v2\/types\/product"}],"replies":[{"embeddable":true,"href":"https:\/\/blackviewphones.com\/es\/wp-json\/wp\/v2\/comments?post=7292"}],"version-history":[{"count":0,"href":"https:\/\/blackviewphones.com\/es\/wp-json\/wp\/v2\/product\/7292\/revisions"}],"wp:featuredmedia":[{"embeddable":true,"href":"https:\/\/blackviewphones.com\/es\/wp-json\/wp\/v2\/media\/7300"}],"wp:attachment":[{"href":"https:\/\/blackviewphones.com\/es\/wp-json\/wp\/v2\/media?parent=7292"}],"wp:term":[{"taxonomy":"product_brand","embeddable":true,"href":"https:\/\/blackviewphones.com\/es\/wp-json\/wp\/v2\/product_brand?post=7292"},{"taxonomy":"product_cat","embeddable":true,"href":"https:\/\/blackviewphones.com\/es\/wp-json\/wp\/v2\/product_cat?post=7292"},{"taxonomy":"product_tag","embeddable":true,"href":"https:\/\/blackviewphones.com\/es\/wp-json\/wp\/v2\/product_tag?post=7292"}],"curies":[{"name":"wp","href":"https:\/\/api.w.org\/{rel}","templated":true}]}}