

{"id":7273,"date":"2025-04-23T13:58:47","date_gmt":"2025-04-23T11:58:47","guid":{"rendered":"https:\/\/blackviewphones.com\/?post_type=product&#038;p=7273"},"modified":"2026-02-04T15:00:39","modified_gmt":"2026-02-04T14:00:39","slug":"blackview-airbuds-9","status":"publish","type":"product","link":"https:\/\/blackviewphones.com\/es\/product\/blackview-airbuds-9\/","title":{"rendered":"Blackview Airbuds 9 &#8211; Auriculares Bluetooth 5.4"},"content":{"rendered":"<h1>Blackview Airbuds 9 \u2013 Auriculares Bluetooth 5.4<\/h1>\n<p>Los AirBuds 9 destacan por su estructura ligera y compacta. Se ajustan perfectamente al o\u00eddo, garantizando estabilidad incluso durante entrenamientos intensos o jornadas activas. Su dise\u00f1o ergon\u00f3mico permite usarlos por horas sin molestias. Disfruta de compatibilidad total con tus dispositivos favoritos. Ya sea que uses Android o iPhone, los AirBuds 9 se conectan en segundos y ofrecen una experiencia personalizada desde la app.<\/p>\n<p>Equipados con drivers din\u00e1micos de alta precisi\u00f3n y con tecnolog\u00eda PNC, los AirBuds 9 ofrecen un sonido n\u00edtido, equilibrado y con graves profundos. Cada nota, cada ritmo y cada llamada se escucha con claridad sorprendente. Disfruta de tu m\u00fasica favorita con calidad profesional est\u00e9s donde est\u00e9s.<\/p>\n<h2><span style=\"font-size: 28px; font-weight: 600;\">Caracter\u00edsticas <\/span>Blackview Airbuds 9 \u2013 Auriculares Bluetooth<\/h2>\n<table>\n<tbody>\n<tr>\n<td><strong>Caracter\u00edsticas Generales<\/strong><\/td>\n<td><\/td>\n<\/tr>\n<tr>\n<td>Rando de conexi\u00f3n:<\/td>\n<td>>10 m<\/td>\n<\/tr>\n<tr>\n<td>Peso:<\/td>\n<td>Auricular: 2.83 g| Caja de carga \u2013 30.36 g<\/td>\n<\/tr>\n<tr>\n<td>Driver:<\/td>\n<td>\u03a6 6 mm Dynamic Driver<\/td>\n<\/tr>\n<tr>\n<td>Bluetooth:<\/td>\n<td>5.4<\/td>\n<\/tr>\n<tr>\n<td>Reducci\u00f3n de ruido:<\/td>\n<td>Si<\/td>\n<\/tr>\n<tr>\n<td>Gama de respuesta en frecuencia:<\/td>\n<td>20-20KHZ<\/td>\n<\/tr>\n<tr>\n<td>Bater\u00eda:<\/td>\n<td>Earbuds: 30 mAh | Charging case: 400 mAh<\/td>\n<\/tr>\n<tr>\n<td>Tiempo de carga:<\/p>\n<p>Puerto de carga:<\/td>\n<td>1h 30 mins (earbuds) \/ 1h 75 mins (charging case)<\/p>\n<p>USB Type-C<\/td>\n<\/tr>\n<tr>\n<td>Contenido del paquete:<\/td>\n<td>Airbuds 9<br \/>\nCaja de carga<br \/>\nCable de carga tipo C<br \/>\nManual de uso<\/td>\n<\/tr>\n<\/tbody>\n<\/table>\n<h3>Gu\u00eda de uso de Airbuds 9:<\/h3>\n<ul>\n<li>Un solo toque: Volumen \u2013 (auricular izquierdo) | Volumen + (auricular derecho)<\/li>\n<li>Doble pulsaci\u00f3n: Pausa (auricular izquierdo) | Reproducir (auricular derecho) | Llamadas (responder llamadas\/finalizar llamadas)<\/li>\n<li>Triple pulsaci\u00f3n: Canci\u00f3n anterior (auricular izquierdo) | Canci\u00f3n siguiente (auricular derecho)<\/li>\n<li>Pulsaci\u00f3n larga: Rechazar llamadas<\/li>\n<li>Cuatro pulsaciones: Modo dormir<\/li>\n<\/ul>\n<p>\u00a0<\/p>\n","protected":false},"excerpt":{"rendered":"<p>Airbuds ergon\u00f3micos<\/p>\n<p>Peso: Auricular &#8211; 2.83 g| Caja de carga &#8211; 30.36 g<\/p>\n<p>Driver:\u03a6 6 mm<\/p>\n<p>Bluetooth:5.4<\/p>\n<p>Reducci\u00f3n de ruido:Si<\/p>\n<p>Charging case: 400 mAh<\/p>\n","protected":false},"featured_media":7275,"comment_status":"closed","ping_status":"closed","template":"","meta":{"_acf_changed":false},"product_brand":[],"product_cat":[154,156,159],"product_tag":[],"class_list":{"0":"post-7273","1":"product","2":"type-product","3":"status-publish","4":"has-post-thumbnail","6":"product_cat-accesorios-blackview","7":"product_cat-accesorios-blackview-auriculares","8":"product_cat-ofertas","10":"first","11":"outofstock","12":"sale","13":"shipping-taxable","14":"purchasable","15":"product-type-variable","16":"has-default-attributes"},"acf":[],"_links":{"self":[{"href":"https:\/\/blackviewphones.com\/es\/wp-json\/wp\/v2\/product\/7273","targetHints":{"allow":["GET"]}}],"collection":[{"href":"https:\/\/blackviewphones.com\/es\/wp-json\/wp\/v2\/product"}],"about":[{"href":"https:\/\/blackviewphones.com\/es\/wp-json\/wp\/v2\/types\/product"}],"replies":[{"embeddable":true,"href":"https:\/\/blackviewphones.com\/es\/wp-json\/wp\/v2\/comments?post=7273"}],"version-history":[{"count":0,"href":"https:\/\/blackviewphones.com\/es\/wp-json\/wp\/v2\/product\/7273\/revisions"}],"wp:featuredmedia":[{"embeddable":true,"href":"https:\/\/blackviewphones.com\/es\/wp-json\/wp\/v2\/media\/7275"}],"wp:attachment":[{"href":"https:\/\/blackviewphones.com\/es\/wp-json\/wp\/v2\/media?parent=7273"}],"wp:term":[{"taxonomy":"product_brand","embeddable":true,"href":"https:\/\/blackviewphones.com\/es\/wp-json\/wp\/v2\/product_brand?post=7273"},{"taxonomy":"product_cat","embeddable":true,"href":"https:\/\/blackviewphones.com\/es\/wp-json\/wp\/v2\/product_cat?post=7273"},{"taxonomy":"product_tag","embeddable":true,"href":"https:\/\/blackviewphones.com\/es\/wp-json\/wp\/v2\/product_tag?post=7273"}],"curies":[{"name":"wp","href":"https:\/\/api.w.org\/{rel}","templated":true}]}}