

{"id":7071,"date":"2025-04-07T13:28:37","date_gmt":"2025-04-07T11:28:37","guid":{"rendered":"https:\/\/blackviewphones.com\/?post_type=product&#038;p=7071"},"modified":"2026-03-27T14:06:42","modified_gmt":"2026-03-27T13:06:42","slug":"blackview-bv5300-plus-8-gb-ram-128-gb-rom","status":"publish","type":"product","link":"https:\/\/blackviewphones.com\/es\/product\/blackview-bv5300-plus-8-gb-ram-128-gb-rom\/","title":{"rendered":"Blackview BV5300 PLUS NFC | 24 GB RAM 128 GB ROM"},"content":{"rendered":"<h1>Blackview BV5300 Plus NFC |\u00a024 GB RAM + 128 GB ROM<\/h1>\n<p>A pesar de su resistencia, el <strong>BV5300 Plus<\/strong> no sacrifica el rendimiento. Viene equipado con un procesador Octa-Core. Este m\u00f3vil te ofrece hasta 24 GB de RAM y 1 TB TF de almacenamiento interno, lo que garantiza un funcionamiento fluido y la capacidad de ejecutar aplicaciones y juegos sin problemas.<\/p>\n<p>Con una bater\u00eda de 6580 mAh, el BV5300 Plus te proporciona una autonom\u00eda suficiente para todo el d\u00eda. Puedes utilizar tu smartphone sin preocuparte por quedarte sin energ\u00eda, incluso en situaciones en las que no tengas acceso a una toma de corriente.<\/p>\n<p>\u00a1No dejes que nada te detenga y adquiere ahora el BV5300 Plus, un m\u00f3vil resistente y a un precio asequible!<\/p>\n<h2 style=\"font-weight: 400;\"><strong>Resistencia extrema para cualquier entorno<\/strong><\/h2>\n<p>El Blackview BV5300 Plus es el compa\u00f1ero ideal para los amantes de las actividades al aire libre y los trabajadores en entornos exigentes. Su dise\u00f1o robusto cumple con los est\u00e1ndares de resistencia IP68 e IP69K, lo que lo hace resistente al agua, al polvo y a los golpes. Podr\u00e1s sumergirlo hasta 1.5 metros de profundidad durante 30 minutos sin preocupaciones. Adem\u00e1s, est\u00e1 dise\u00f1ado para resistir ca\u00eddas desde una altura de hasta 1.5 metros, brind\u00e1ndote una tranquilidad total en cualquier situaci\u00f3n.<\/p>\n<p><strong><span style=\"font-size: 16px;\">IP68: LO QUE PUEDES Y NO PUEDES HACER<\/span><\/strong><\/p>\n<p>Si un dispositivo tiene certificaci\u00f3n IP68, significa que puede ser sumergido en <strong>agua dulce<\/strong>\u00a0<strong>a profundidades de hasta un metro durante un m\u00e1ximo de 30 minutos, siempre que se mantengan las protecciones del terminal con su debida estanqueidad.<\/strong><\/p>\n<p><strong>Te dejamos unos consejos<\/strong>\u00a0<strong>para cualquier terminal con la certificaci\u00f3n IP68<\/strong>:<\/p>\n<ul>\n<li>No expongas el smartphone con IP68 a corrientes de agua, tales como el agua del grifo, las olas del mar o cascadas.<\/li>\n<li>Adem\u00e1s, si el smartphone con IP68 ha sido expuesto a agua dulce, secar con cuidado con un pa\u00f1o limpio y suave.<\/li>\n<li>Si el smartphone con IP68 ha sido expuesto a cualquier tipo de l\u00edquido que no sea agua dulce (como por ejemplo agua de mar), lavar inmediatamente el terminal con agua dulce de forma suave, y secar con cuidado con un pa\u00f1o suave y limpio.<\/li>\n<li>Ante cualquier duda de que las protecciones est\u00e9n bien cerradas.\u00a0<strong>NO\u00a0<\/strong>lo mojes.<\/li>\n<li>Evitar realizar pruebas agresivas para mostrar su resistencia<\/li>\n<li>No es conveniente manipular los botones del dispositivo dentro del agua<\/li>\n<li>Se recomienda NO mojar el dispositivo en agua salada porque la certificaci\u00f3n IP solo aplica en agua dulce.<\/li>\n<\/ul>\n","protected":false},"excerpt":{"rendered":"<p>MediaTek Helio G72<\/p>\n<p>8GB+8GB RAM 128 GB ROM<\/p>\n<p>DokeOS 4.0 Based on Android 13<\/p>\n<p>161.5*77.6*15.0 mm<\/p>\n<p>Pantalla 6.1&#8243; Peso 273 gramos<\/p>\n<p>6580 mAh<\/p>\n<p>M\u00f3vil resistente con NFC<\/p>\n<div id=\"gtx-trans\" style=\"position: absolute; left: 342px; top: 276.99px;\">\n<div class=\"gtx-trans-icon\"><\/div>\n<\/div>\n","protected":false},"featured_media":4533,"comment_status":"closed","ping_status":"closed","template":"","meta":{"_acf_changed":false},"product_brand":[],"product_cat":[136,166],"product_tag":[],"class_list":{"0":"post-7071","1":"product","2":"type-product","3":"status-publish","4":"has-post-thumbnail","6":"product_cat-moviles-resistentes-rugerizados","7":"product_cat-moviles-resistentes-rugerizados-nuevos-modelos","9":"first","10":"outofstock","11":"sale","12":"shipping-taxable","13":"purchasable","14":"product-type-variable","15":"has-default-attributes"},"acf":[],"_links":{"self":[{"href":"https:\/\/blackviewphones.com\/es\/wp-json\/wp\/v2\/product\/7071","targetHints":{"allow":["GET"]}}],"collection":[{"href":"https:\/\/blackviewphones.com\/es\/wp-json\/wp\/v2\/product"}],"about":[{"href":"https:\/\/blackviewphones.com\/es\/wp-json\/wp\/v2\/types\/product"}],"replies":[{"embeddable":true,"href":"https:\/\/blackviewphones.com\/es\/wp-json\/wp\/v2\/comments?post=7071"}],"version-history":[{"count":0,"href":"https:\/\/blackviewphones.com\/es\/wp-json\/wp\/v2\/product\/7071\/revisions"}],"wp:featuredmedia":[{"embeddable":true,"href":"https:\/\/blackviewphones.com\/es\/wp-json\/wp\/v2\/media\/4533"}],"wp:attachment":[{"href":"https:\/\/blackviewphones.com\/es\/wp-json\/wp\/v2\/media?parent=7071"}],"wp:term":[{"taxonomy":"product_brand","embeddable":true,"href":"https:\/\/blackviewphones.com\/es\/wp-json\/wp\/v2\/product_brand?post=7071"},{"taxonomy":"product_cat","embeddable":true,"href":"https:\/\/blackviewphones.com\/es\/wp-json\/wp\/v2\/product_cat?post=7071"},{"taxonomy":"product_tag","embeddable":true,"href":"https:\/\/blackviewphones.com\/es\/wp-json\/wp\/v2\/product_tag?post=7071"}],"curies":[{"name":"wp","href":"https:\/\/api.w.org\/{rel}","templated":true}]}}