

{"id":7020,"date":"2025-04-04T15:32:40","date_gmt":"2025-04-04T14:32:40","guid":{"rendered":"https:\/\/blackviewphones.com\/?post_type=product&#038;p=7020"},"modified":"2026-01-07T12:28:34","modified_gmt":"2026-01-07T11:28:34","slug":"blackview-w60-smartwatch","status":"publish","type":"product","link":"https:\/\/blackviewphones.com\/es\/product\/blackview-w60-smartwatch\/","title":{"rendered":"Blackview W60 &#8211; Smartwatch LED Flashlight"},"content":{"rendered":"<h1>Blackview W60 \u2013 Smartwatch LED Flashlight<\/h1>\n<p>Te invitamos a conocer el nuevo Smartwatch de Blackview, el Blackview W60 te ofrece una superficie de cristal fortificado que resiste impactos y abrasiones y proporciona, a su vez, una linterna. Adem\u00e1s, viene incorporado con una pulsera de silicona flexible para una comodidad sin esfuerzo. Cuenta con una pantalla de 2,01\u2033 de gran nitidez, disfrutar\u00e1s de una interacci\u00f3n visual perfecta para visualizar tus notificaciones de llamadas o recordatorios con una bater\u00eda de 900 mAh.<\/p>\n<h3>Rugged PANDA\u00ae Glass: IP68 Impermeable -30\u2103 to 70\u2103 y resistente\u00a0de polvo<\/h3>\n<p>El Blackview W60 es un reloj inteligente con el que puedes estar seguro de que las gotas de agua al lavarse las manos o una lluvia ligera no da\u00f1ar\u00e1n el W60 gracias a su resistencia al agua de hasta 10 metros. Adem\u00e1s, su clasificaci\u00f3n IP68 garantiza una protecci\u00f3n total contra la entrada de polvo. Tanto si realiza actividades al aire libre, como senderismo o ciclismo, como si limpia su habitaci\u00f3n, puede estar seguro de que la contaminaci\u00f3n por polvo no ser\u00e1 un problema.<\/p>\n<p>Por lo tanto, te permite participar en actividades como la pesca, el remo o el ejercicio en interiores. Hasta 5 m DeathBroke Resistente a ca\u00eddas (*la resistencia a ca\u00eddas puede ser subjetiva), capacidad de soporte de peso hasta 7 kg.<\/p>\n<h3>Resistente a los cosm\u00e9ticos: Niebla salina y alcohol<\/h3>\n<p>Nuevo proceso artesanal de llenado de aceite resistente al color. Las fuentes del W60 se fabrican mediante un proceso de rellenado de aceite totalmente nuevo, que proporciona una extraordinaria resistencia a la niebla salina. Por lo tanto, tanto si est\u00e1 sudando en el gimnasio, como si est\u00e1 cocinando en una cocina llena de humo, no necesitar\u00e1 quitarse el W60. Incluso el alcohol o los cosm\u00e9ticos no decolorar\u00e1n f\u00e1cilmente sus brillantes fuentes, garantizando su durabilidad.<\/p>\n<h3>Antihuellas y Antigolpes: Incluso para objetos afilados<\/h3>\n<p>El cristal PANDA\u00aa\u00a0m\u00e1s grueso es m\u00e1s duradero y puede resistir eficazmente ara\u00f1azos y colisiones accidentales. Los golpes ocasionales no tendr\u00e1n ning\u00fan impacto en el discreto cuerpo del W60. Mientras tanto, la tecnolog\u00eda antihuellas hace que la pantalla sea menos propensa a las huellas dactilares y las manchas, manteni\u00e9ndola limpia y realzando su elegancia y sofisticaci\u00f3n.<\/p>\n<h2><span style=\"font-size: 16px;\">IP68: LO QUE PUEDES Y NO PUEDES HACER<\/span><\/h2>\n<p>Si un dispositivo tiene certificaci\u00f3n IP68, significa que puede ser sumergido en <strong>agua dulce<\/strong>\u00a0<strong>a profundidades de hasta un metro durante un m\u00e1ximo de 30 minutos (comprobar especificaciones individuales), siempre que se mantengan las protecciones del terminal con su debida estanqueidad.<\/strong><\/p>\n<p><strong>Te dejamos unos consejos<\/strong>\u00a0<strong>para cualquier terminal con la certificaci\u00f3n IP68<\/strong>:<\/p>\n<ul>\n<li>No expongas el terminal con IP68 a corrientes de agua, tales como el agua del grifo, las olas del mar o cascadas.<\/li>\n<li>Adem\u00e1s, si el dispositivo con IP68 ha sido expuesto a agua dulce, secar con cuidado con un pa\u00f1o limpio y suave.<\/li>\n<li>Si el dispositivo con IP68 ha sido expuesto a cualquier tipo de l\u00edquido que no sea agua dulce (como por ejemplo agua de mar), lavar inmediatamente el terminal con agua dulce de forma suave, y secar con cuidado con un pa\u00f1o suave y limpio.<\/li>\n<li>Ante cualquier duda de que las protecciones est\u00e9n bien cerradas.\u00a0<strong>NO\u00a0<\/strong>lo mojes.<\/li>\n<li>Evitar realizar pruebas agresivas para mostrar su resistencia.<\/li>\n<li>No es conveniente manipular los botones del dispositivo dentro del agua.<\/li>\n<li>Se recomienda NO mojar el dispositivo en agua salada, ya que la certificaci\u00f3n IP solo aplica en agua dulce.<\/li>\n<\/ul>\n","protected":false},"excerpt":{"rendered":"<p>Pantalla 2,01&#8243; Rugged PANDA\u00ae Glass<\/p>\n<p>50*44.5*14.3 mm<\/p>\n<p>61 gramos |\u00a0900 mAh<\/p>\n<p>Modo deporte<\/p>\n<p>Llamadas Bluetooth y Notificaciones de mensajes<br \/>\nAsistente de voz + Music Control<br \/>\nBreathing Exercise + Monitor de sue\u00f1o<br \/>\nAgitar para controlar la c\u00e1mara a distancia<\/p>\n","protected":false},"featured_media":4634,"comment_status":"open","ping_status":"closed","template":"","meta":{"_acf_changed":false},"product_brand":[],"product_cat":[349],"product_tag":[],"class_list":{"0":"post-7020","1":"product","2":"type-product","3":"status-publish","4":"has-post-thumbnail","6":"product_cat-sin-categoria","8":"first","9":"outofstock","10":"sale","11":"shipping-taxable","12":"purchasable","13":"product-type-variable"},"acf":[],"_links":{"self":[{"href":"https:\/\/blackviewphones.com\/es\/wp-json\/wp\/v2\/product\/7020","targetHints":{"allow":["GET"]}}],"collection":[{"href":"https:\/\/blackviewphones.com\/es\/wp-json\/wp\/v2\/product"}],"about":[{"href":"https:\/\/blackviewphones.com\/es\/wp-json\/wp\/v2\/types\/product"}],"replies":[{"embeddable":true,"href":"https:\/\/blackviewphones.com\/es\/wp-json\/wp\/v2\/comments?post=7020"}],"version-history":[{"count":0,"href":"https:\/\/blackviewphones.com\/es\/wp-json\/wp\/v2\/product\/7020\/revisions"}],"wp:featuredmedia":[{"embeddable":true,"href":"https:\/\/blackviewphones.com\/es\/wp-json\/wp\/v2\/media\/4634"}],"wp:attachment":[{"href":"https:\/\/blackviewphones.com\/es\/wp-json\/wp\/v2\/media?parent=7020"}],"wp:term":[{"taxonomy":"product_brand","embeddable":true,"href":"https:\/\/blackviewphones.com\/es\/wp-json\/wp\/v2\/product_brand?post=7020"},{"taxonomy":"product_cat","embeddable":true,"href":"https:\/\/blackviewphones.com\/es\/wp-json\/wp\/v2\/product_cat?post=7020"},{"taxonomy":"product_tag","embeddable":true,"href":"https:\/\/blackviewphones.com\/es\/wp-json\/wp\/v2\/product_tag?post=7020"}],"curies":[{"name":"wp","href":"https:\/\/api.w.org\/{rel}","templated":true}]}}