

{"id":6995,"date":"2025-04-04T08:12:39","date_gmt":"2025-04-04T07:12:39","guid":{"rendered":"https:\/\/blackviewphones.com\/?post_type=product&#038;p=6995"},"modified":"2026-01-19T12:48:47","modified_gmt":"2026-01-19T11:48:47","slug":"blackview-r60-smartwatch","status":"publish","type":"product","link":"https:\/\/blackviewphones.com\/es\/product\/blackview-r60-smartwatch\/","title":{"rendered":"Blackview R60 &#8211; Smartwatch"},"content":{"rendered":"<h1>Blackview R60 \u2013 Smartwatch<\/h1>\n<p>El Blackview R60 destaca entre el resto de smartwatches deportivos por su enorme pantalla AMOLED de 1.96 pulgadas, m\u00e1s grande y n\u00edtida gracias a que alcanza hasta 800 nits de brillo. Adem\u00e1s, cuenta con m\u00e1s de 125 modos deportivos, certificado de resistencia al agua y al polvo IP68(*) y diversos sensores para conocer tu estado de salud f\u00edsica. Fabricado con un marco de aleaci\u00f3n de aluminio tratado con artesan\u00eda sofisticada, compatible con dispositivos Android y iOS(*). El Blackview R60 ofrece un acabado pulido y una sensaci\u00f3n de primera calidad.<\/p>\n<p><strong>Responde r\u00e1pidamente las llamadas<\/strong><\/p>\n<p>Este smartwatch cuenta con un bluetooth inteligente de modo dual que te permite emparejar la conexi\u00f3n con tu terminal f\u00e1cilmente. El nuevo Blackview R60 permite hacer llamadas desde la mu\u00f1eca gracias a su micr\u00f3fono y altavoz. As\u00ed mismo, permite controlarlo con la voz, siendo compatible con distintos sistemas como Siri, Google Assistant y muchos m\u00e1s. Tambi\u00e9n permite atender llamadas cuando est\u00e9s realizando deporte.<\/p>\n<p><strong>Duraci\u00f3n de bater\u00eda de hasta 25 d\u00edas, Rugged Panda Glass y certificaci\u00f3n IP68<\/strong><\/p>\n<p>Con tu R60 tiene una bater\u00eda de 800 mAh m\u00e1s grande de la historia con 10 d\u00edas de uso t\u00edpico. Adem\u00e1s, con una sola carga de hasta 25 d\u00edas de duraci\u00f3n de bater\u00eda. Adicionalmente, cuenta con una pantalla Rugged Panda Glass. El Smartwatch R60, pas\u00f3 la escala de dureza de Mohs en el nivel 7, lo que promete una tranquilidad inquebrantable. Adem\u00e1s, cuenta con una certificaci\u00f3n IP68 y cuenta con una funci\u00f3n que permite descargar el agua que queda en el interior.<\/p>\n<p><strong>800 nits de brillo<\/strong><\/p>\n<p>Ya sea disfrutando de los rayos dorados del sol o paseando por las sombras del anochecer, la pantalla del R60 se mantiene clara. Los 800 nits de brillo ajustables garantizan que cada momento se capture con una claridad impecable, intacto por los caprichos de la luz y la oscuridad.<\/p>\n<p><strong>Seguimiento diario de la actividad f\u00edsica con tu R60<\/strong><\/p>\n<p>Realiza un seguimiento de su rutina de ejercicios sin esfuerzo con el seguimiento diario de su actividad f\u00edsica. Controla tus pasos, frecuencia card\u00edaca, las calor\u00edas quemadas y m\u00e1s para mantenerse motivado y alcanzar sus objetivos de salud.<\/p>\n<p><strong> Entorno con la linterna R60 ultragrande<\/strong><\/p>\n<p>Ilumina tu entorno con la linterna R60 ultragrande y ultrabrillante, que proporciona una luz de alta intensidad para todo, desde caminatas nocturnas hasta situaciones de emergencia, lo que garantiza la m\u00e1xima visibilidad y seguridad. Nunca m\u00e1s te quedes atrapado en la oscuridad.<\/p>\n<p><strong>*IP68 es una clasificaci\u00f3n de protecci\u00f3n contra la entrada de agua de la Comisi\u00f3n Electrot\u00e9cnica Internacional (IEC) que indica el nivel de protecci\u00f3n que brinda una carcasa contra la intrusi\u00f3n de part\u00edculas s\u00f3lidas (como polvo) y l\u00edquidos (como agua). 6 significa que es totalmente a prueba de polvo. 8 significa que puede sumergirse en agua durante un per\u00edodo de tiempo. R60 est\u00e1 probado para ser resistente a la inmersi\u00f3n a 1,5 metros bajo el agua. Sin embargo, recomendamos hacer un uso moderado de este dispositivo y nunca sumergirlo en agua salada.<\/strong><\/p>\n<p>*Compatible con dispositivos Android que ejecuten Android 9.0 o posterior, y dispositivos iOS que ejecuten iOS 9.0 o posterior.<\/p>\n","protected":false},"excerpt":{"rendered":"<div class=\"woocommerce-product-details__short-description\">\n<p>Pantalla 1.96\u2033<\/p>\n<p>Dise\u00f1o similar a Apple Watch<\/p>\n<p>\u03c6 47.5*39.09*11.9 mm<\/p>\n<p>28,2 g (reloj) + 14,6 g (correa de silicona)<\/p>\n<p>800 mAh<\/p>\n<p>Modo deporte<\/p>\n<p>Control remoto de la c\u00e1mara y Localizar tu Phone<br \/>\nSeguimiento de ciclo mujer<br \/>\nCompatible con asistentes de voz: Siri o Google Assistant<\/p>\n<\/div>\n","protected":false},"featured_media":7001,"comment_status":"open","ping_status":"closed","template":"","meta":{"_acf_changed":false},"product_brand":[],"product_cat":[349],"product_tag":[],"class_list":{"0":"post-6995","1":"product","2":"type-product","3":"status-publish","4":"has-post-thumbnail","6":"product_cat-sin-categoria","8":"first","9":"outofstock","10":"sale","11":"shipping-taxable","12":"purchasable","13":"product-type-variable"},"acf":[],"_links":{"self":[{"href":"https:\/\/blackviewphones.com\/es\/wp-json\/wp\/v2\/product\/6995","targetHints":{"allow":["GET"]}}],"collection":[{"href":"https:\/\/blackviewphones.com\/es\/wp-json\/wp\/v2\/product"}],"about":[{"href":"https:\/\/blackviewphones.com\/es\/wp-json\/wp\/v2\/types\/product"}],"replies":[{"embeddable":true,"href":"https:\/\/blackviewphones.com\/es\/wp-json\/wp\/v2\/comments?post=6995"}],"version-history":[{"count":0,"href":"https:\/\/blackviewphones.com\/es\/wp-json\/wp\/v2\/product\/6995\/revisions"}],"wp:featuredmedia":[{"embeddable":true,"href":"https:\/\/blackviewphones.com\/es\/wp-json\/wp\/v2\/media\/7001"}],"wp:attachment":[{"href":"https:\/\/blackviewphones.com\/es\/wp-json\/wp\/v2\/media?parent=6995"}],"wp:term":[{"taxonomy":"product_brand","embeddable":true,"href":"https:\/\/blackviewphones.com\/es\/wp-json\/wp\/v2\/product_brand?post=6995"},{"taxonomy":"product_cat","embeddable":true,"href":"https:\/\/blackviewphones.com\/es\/wp-json\/wp\/v2\/product_cat?post=6995"},{"taxonomy":"product_tag","embeddable":true,"href":"https:\/\/blackviewphones.com\/es\/wp-json\/wp\/v2\/product_tag?post=6995"}],"curies":[{"name":"wp","href":"https:\/\/api.w.org\/{rel}","templated":true}]}}