

{"id":6933,"date":"2025-03-14T09:53:04","date_gmt":"2025-03-14T08:53:04","guid":{"rendered":"https:\/\/blackviewphones.com\/?post_type=product&#038;p=6933"},"modified":"2026-01-07T12:30:13","modified_gmt":"2026-01-07T11:30:13","slug":"blackview-airbuds-60-auriculares-bluetooth-5-3","status":"publish","type":"product","link":"https:\/\/blackviewphones.com\/es\/product\/blackview-airbuds-60-auriculares-bluetooth-5-3\/","title":{"rendered":"Blackview Airbuds 60 &#8211; Auriculares Bluetooth 5.3"},"content":{"rendered":"<h1>Blackview Airbuds 60 \u2013 Auriculares Bluetooth 5.3<\/h1>\n<p>El<strong> Blackview Airbuds 60<\/strong> es un auricular con IPX 4 Waterproof y con dise\u00f1o ergon\u00f3mico. Ideal para usar en exteriores y realizar deporte. Con bater\u00eda de larga duraci\u00f3n 500 mAh.<\/p>\n<p>Cuenta con un gancho ergon\u00f3mico, tecnolog\u00eda de conducci\u00f3n de aire y dise\u00f1o de oreja abierta. Con el podr\u00e1s disfrutar de 36 hrs de reproducci\u00f3n sin vibraciones.<\/p>\n<h2>Caracter\u00edsticas Blackview Airbuds 60 \u2013 Auriculares Bluetooth<\/h2>\n<table>\n<tbody>\n<tr>\n<td><strong>Caracter\u00edsticas Generales<\/strong><\/td>\n<td><\/td>\n<\/tr>\n<tr>\n<td>Material:<\/td>\n<td>Policarbonato y silic\u00f3n<\/td>\n<\/tr>\n<tr>\n<td>Peso:<\/td>\n<td>Auricular \u2013 4.6 g, Caja de carga \u2013 46 g<\/td>\n<\/tr>\n<tr>\n<td>Bluetooth:<\/td>\n<td>5.3 (hasta 5 metros de distancia sin interferencia)<\/td>\n<\/tr>\n<tr>\n<td>Cancelaci\u00f3n de ruido:<\/td>\n<td>Si<\/td>\n<\/tr>\n<tr>\n<td>Bater\u00eda:<\/td>\n<td>500 mAh (caja de carga)<\/td>\n<\/tr>\n<tr>\n<td>Contenido del paquete:<\/td>\n<td>Auriculares<br \/>\nCaja de carga<br \/>\nCable de carga Tipo C<br \/>\nManual de uso<\/td>\n<\/tr>\n<\/tbody>\n<\/table>\n<p>Estos auriculares de la marca Blackview, son IPX4, resisten al sudor<\/p>\n","protected":false},"excerpt":{"rendered":"<h2><\/h2>\n<div id=\"gtx-trans\" style=\"position: absolute; left: 7px; top: -5.5625px;\">\n<div class=\"gtx-trans-icon\"><\/div>\n<\/div>\n","protected":false},"featured_media":4454,"comment_status":"closed","ping_status":"closed","template":"","meta":{"_acf_changed":false},"product_brand":[],"product_cat":[349],"product_tag":[],"class_list":{"0":"post-6933","1":"product","2":"type-product","3":"status-publish","4":"has-post-thumbnail","6":"product_cat-sin-categoria","8":"first","9":"outofstock","10":"sale","11":"shipping-taxable","12":"purchasable","13":"product-type-variable","14":"has-default-attributes"},"acf":[],"_links":{"self":[{"href":"https:\/\/blackviewphones.com\/es\/wp-json\/wp\/v2\/product\/6933","targetHints":{"allow":["GET"]}}],"collection":[{"href":"https:\/\/blackviewphones.com\/es\/wp-json\/wp\/v2\/product"}],"about":[{"href":"https:\/\/blackviewphones.com\/es\/wp-json\/wp\/v2\/types\/product"}],"replies":[{"embeddable":true,"href":"https:\/\/blackviewphones.com\/es\/wp-json\/wp\/v2\/comments?post=6933"}],"version-history":[{"count":0,"href":"https:\/\/blackviewphones.com\/es\/wp-json\/wp\/v2\/product\/6933\/revisions"}],"wp:featuredmedia":[{"embeddable":true,"href":"https:\/\/blackviewphones.com\/es\/wp-json\/wp\/v2\/media\/4454"}],"wp:attachment":[{"href":"https:\/\/blackviewphones.com\/es\/wp-json\/wp\/v2\/media?parent=6933"}],"wp:term":[{"taxonomy":"product_brand","embeddable":true,"href":"https:\/\/blackviewphones.com\/es\/wp-json\/wp\/v2\/product_brand?post=6933"},{"taxonomy":"product_cat","embeddable":true,"href":"https:\/\/blackviewphones.com\/es\/wp-json\/wp\/v2\/product_cat?post=6933"},{"taxonomy":"product_tag","embeddable":true,"href":"https:\/\/blackviewphones.com\/es\/wp-json\/wp\/v2\/product_tag?post=6933"}],"curies":[{"name":"wp","href":"https:\/\/api.w.org\/{rel}","templated":true}]}}