

{"id":6836,"date":"2025-03-14T09:46:03","date_gmt":"2025-03-14T08:46:03","guid":{"rendered":"https:\/\/blackviewphones.com\/?post_type=product&#038;p=6836"},"modified":"2025-12-12T08:42:31","modified_gmt":"2025-12-12T07:42:31","slug":"tablet-blackview-active-8-12-gb-6gb6gb-ram-128-gb-rom","status":"publish","type":"product","link":"https:\/\/blackviewphones.com\/es\/product\/tablet-blackview-active-8-12-gb-6gb6gb-ram-128-gb-rom\/","title":{"rendered":"Tablet Blackview Active 8 10,4&#8243; | 12 GB (6GB+6GB) RAM 128 GB ROM"},"content":{"rendered":"<h1>Tablet Blackview Active 8 10,4&#8243; | 6+6 GB RAM 128 GB ROM<\/h1>\n<p>Descubre la nueva Tablet Blackview, la <strong>Tablet Active 8<\/strong> con 10,4&#8243;, m\u00e1s resistente y con mayor eficiencia. Es una tablet ultradelgada de 16,8 mm, con una <strong>bater\u00eda de 22000 mAh<\/strong>, <strong>carga r\u00e1pida de 33 W <\/strong>y carga inversa, que te permite hasta 1440 horas de tiempo en espera\u00a0y con sistema operativo <strong>Android 13.\u00a0<\/strong><\/p>\n<p>Una tablet con estilo robusto y pesa 976 gramos, con <strong>certificaci\u00f3n IP68 e IP69K<\/strong> y cuenta con una correa de cuero acolchada f\u00e1cil de usar. La Active 8 tiene<strong> 6 GB de RAM<\/strong> y <strong>128 GB de ROM, <\/strong>cuenta con carga inversa. Adem\u00e1s, puedes adaptar un teclado inal\u00e1mbrico para un mejor uso. Por lo tanto, es ideal para el trabajo, estudio o entretenimiento.<\/p>\n<h2>Caracter\u00edsticas Generales Blackview Active 8<\/h2>\n<table>\n<tbody>\n<tr>\n<td><strong>Pantalla:<\/strong><\/td>\n<td>10,36 \u00bb inch FHD+ IPS 2.4K<\/td>\n<\/tr>\n<tr>\n<td><strong>Procesador:<\/strong><\/td>\n<td>Octa Core Unisoc T616<\/td>\n<\/tr>\n<tr>\n<td><strong>CPU:<\/strong><\/td>\n<td>2* Cortex-A75 (2.0GHz)<br \/>\n6* Cortex-A55 (1.8GHz)<\/td>\n<\/tr>\n<tr>\n<td><strong>GPU:<\/strong><\/td>\n<td>Arm Mali-G57 650MHz<\/td>\n<\/tr>\n<tr>\n<td><strong>Display:<\/strong><\/td>\n<td>78.9% Screen-to-body Ratio<\/td>\n<\/tr>\n<tr>\n<td><strong>Sistema Operativo:<\/strong><\/td>\n<td>DokeOS_P 3.0 Based on Android 13<\/td>\n<\/tr>\n<tr>\n<td><strong>Dimensiones:<\/strong><\/td>\n<td>256.3*165.8*16.8 mm<\/td>\n<\/tr>\n<tr>\n<td><strong>Peso:<\/strong><\/td>\n<td>976 g<\/td>\n<\/tr>\n<tr>\n<td><strong>PPI:<\/strong><\/td>\n<td>225<\/td>\n<\/tr>\n<tr>\n<td><strong>Brillo (cd\/cm2):<\/strong><\/td>\n<td>400 min cd\/M\u00b2<\/td>\n<\/tr>\n<tr>\n<td><strong>Audio:<\/strong><\/td>\n<td>1338 2pcs; BOX Speakers<\/td>\n<\/tr>\n<tr>\n<td><strong>Duraci\u00f3n de bater\u00eda:<\/strong><\/td>\n<td>22 000 mAh con carga r\u00e1pida de 33 W<\/td>\n<\/tr>\n<tr>\n<td><strong>RAM:<\/strong><\/p>\n<p><strong>ROM:<\/strong><\/td>\n<td>6 GB expandible hasta 12 GB<\/p>\n<p>128 GB expandible hasta 1 TB<\/td>\n<\/tr>\n<tr>\n<td><strong>C\u00e1mara Frontal:<\/strong><\/p>\n<p><strong>C\u00e1mara Trasera:<\/strong><\/td>\n<td>16 Mpx SK Hynix\u00ae HI-1634Q<\/p>\n<p>13 Mpx\u00a0 SK Hynix\u00ae HI-1336<\/td>\n<\/tr>\n<tr>\n<td><strong>Navegaci\u00f3n:<\/strong><\/td>\n<td>GPS+Glonass+Beidou+Galileo<\/td>\n<\/tr>\n<tr>\n<td><b>Antutu:<\/b><\/td>\n<td>289839<\/td>\n<\/tr>\n<tr>\n<td><b>NFC:<\/b><\/td>\n<td>No<\/td>\n<\/tr>\n<tr>\n<td><b>Wifi:<\/b><\/td>\n<td>802.11a\/b\/g\/n\/ac(2.4G\/5G)<\/td>\n<\/tr>\n<tr>\n<td><b>Dual SIM:<\/b><\/td>\n<td>Si (2 Tarjetas SIM o una tarjeta TF Hasta 1 TB)<\/td>\n<\/tr>\n<tr>\n<td><strong>Otras caracter\u00edsticas:<\/strong><\/td>\n<td>\n<ul>\n<li>Carga inteligente<\/li>\n<li>Soporte de carga inversa<\/li>\n<li>Dos altavoces graves<\/li>\n<li>3 modos: modo lectura, luz nocturna, mode oscuro<\/li>\n<li>Desbloqueo facial<\/li>\n<li>Precarga inteligente<\/li>\n<li>Tecnolog\u00eda de juego MediaTek HyperEngine 2.0 Lite<\/li>\n<li>Modo PC<\/li>\n<\/ul>\n<\/td>\n<\/tr>\n<tr>\n<td><strong>Contenido del paquete:<\/strong><\/td>\n<td>Active 8<\/p>\n<p>Cable de carga<\/p>\n<p>Boligrafo Stylus Gratuito (L\u00e1piz \u00f3ptico)<\/p>\n<p>Manual de uso<\/p>\n<p>&nbsp;<\/td>\n<\/tr>\n<\/tbody>\n<\/table>\n<p><strong>Conectividad<\/strong><\/p>\n<p style=\"font-weight: 400;\">2G Bands: 850\/900\/1800\/1900<br \/>\n3G Bands: WCDMA1\/8<br \/>\n4G Bands: LTE_FDD: B1\/3\/7\/8\/20<br \/>\nLTE-TDD:B34\/38\/39\/40\/41<\/p>\n<h2 data-spm-anchor-id=\"a2g0o.detail.1000023.i7.388c274d1UTStG\"><strong>\u00bfPor qu\u00e9 comprar la Blackview Active 8?<\/strong><\/h2>\n<ul>\n<li>Por su certificaci\u00f3n IP68 e IP69K, si lo que buscas es una tablet resistente y robusta.<\/li>\n<li>Si buscas larga duraci\u00f3n, esta tablet te ofrece una gigantesca bater\u00eda de estado s\u00f3lido.<\/li>\n<li>Si sueles trabajar en entornos de temperaturas de -40\u00baC a +60\u00baC, esta tablet es ideal para ti.<\/li>\n<li>Fabricada para resistir: Lluvia, Arena, Polvo, Vibraci\u00f3n, Choque, Aceleraci\u00f3n, Altas temperaturas, Bajas Temperaturas, Humedad, Altitud e Inmersi\u00f3n.<\/li>\n<li>Necesitas una tablet que puedas utilizar como soporte de carga inversa.<\/li>\n<li>Si prefieres una tablet con buenas prestaciones de audio: Modo inteligente, modo pel\u00edcula, modo juego y modo voces.<\/li>\n<li>Multifuncional: Permite realizar diferentes tareas en m\u00faltiples ventanas simult\u00e1neamente.<\/li>\n<li>Es una tablet con certificaci\u00f3n T\u00dcV S\u00dcD.<\/li>\n<\/ul>\n<h2><span style=\"font-size: 16px;\">IP68: LO QUE PUEDES Y NO PUEDES HACER<\/span><\/h2>\n<p>Si un dispositivo tiene certificaci\u00f3n IP68, significa que puede ser sumergido en <strong>agua dulce<\/strong>\u00a0<strong>a profundidades de hasta un metro durante un m\u00e1ximo de 30 minutos, siempre que se mantengan las protecciones del terminal con su debida estanqueidad.<\/strong><\/p>\n<p><strong>Te dejamos unos consejos<\/strong>\u00a0<strong>para cualquier terminal con la certificaci\u00f3n IP68<\/strong>:<\/p>\n<ul>\n<li>No expongas el smartphone con IP68 a corrientes de agua, tales como el agua del grifo, las olas del mar o cascadas.<\/li>\n<li>Adem\u00e1s, si el smartphone con IP68 ha sido expuesto a agua dulce, secar con cuidado con un pa\u00f1o limpio y suave.<\/li>\n<li>Si el smartphone con IP68 ha sido expuesto a cualquier tipo de l\u00edquido que no sea agua dulce (como por ejemplo agua de mar), lavar inmediatamente el terminal con agua dulce de forma suave, y secar con cuidado con un pa\u00f1o suave y limpio.<\/li>\n<li>Ante cualquier duda de que las protecciones est\u00e9n bien cerradas.\u00a0<strong>NO\u00a0<\/strong>lo mojes.<\/li>\n<li>Evitar realizar pruebas agresivas para mostrar su resistencia<\/li>\n<li>No es conveniente manipular los botones del dispositivo dentro del agua<\/li>\n<li>Se recomienda NO mojar el dispositivo en agua salada porque la certificaci\u00f3n IP solo aplica en agua dulce.<\/li>\n<\/ul>\n<p>&nbsp;<\/p>\n","protected":false},"excerpt":{"rendered":"<h3><\/h3>\n<h2><\/h2>\n","protected":false},"featured_media":8350,"comment_status":"closed","ping_status":"closed","template":"","meta":{"_acf_changed":false},"product_brand":[],"product_cat":[349],"product_tag":[],"class_list":{"0":"post-6836","1":"product","2":"type-product","3":"status-publish","4":"has-post-thumbnail","6":"product_cat-sin-categoria","8":"first","9":"outofstock","10":"sale","11":"shipping-taxable","12":"purchasable","13":"product-type-variable","14":"has-default-attributes"},"acf":[],"_links":{"self":[{"href":"https:\/\/blackviewphones.com\/es\/wp-json\/wp\/v2\/product\/6836","targetHints":{"allow":["GET"]}}],"collection":[{"href":"https:\/\/blackviewphones.com\/es\/wp-json\/wp\/v2\/product"}],"about":[{"href":"https:\/\/blackviewphones.com\/es\/wp-json\/wp\/v2\/types\/product"}],"replies":[{"embeddable":true,"href":"https:\/\/blackviewphones.com\/es\/wp-json\/wp\/v2\/comments?post=6836"}],"version-history":[{"count":0,"href":"https:\/\/blackviewphones.com\/es\/wp-json\/wp\/v2\/product\/6836\/revisions"}],"wp:featuredmedia":[{"embeddable":true,"href":"https:\/\/blackviewphones.com\/es\/wp-json\/wp\/v2\/media\/8350"}],"wp:attachment":[{"href":"https:\/\/blackviewphones.com\/es\/wp-json\/wp\/v2\/media?parent=6836"}],"wp:term":[{"taxonomy":"product_brand","embeddable":true,"href":"https:\/\/blackviewphones.com\/es\/wp-json\/wp\/v2\/product_brand?post=6836"},{"taxonomy":"product_cat","embeddable":true,"href":"https:\/\/blackviewphones.com\/es\/wp-json\/wp\/v2\/product_cat?post=6836"},{"taxonomy":"product_tag","embeddable":true,"href":"https:\/\/blackviewphones.com\/es\/wp-json\/wp\/v2\/product_tag?post=6836"}],"curies":[{"name":"wp","href":"https:\/\/api.w.org\/{rel}","templated":true}]}}