

{"id":6794,"date":"2025-03-14T09:42:44","date_gmt":"2025-03-14T08:42:44","guid":{"rendered":"https:\/\/blackviewphones.com\/?post_type=product&#038;p=6794"},"modified":"2026-05-04T10:48:16","modified_gmt":"2026-05-04T08:48:16","slug":"tablet-blackview-active-8-pro-16-gb-ram-256-gb-rom","status":"publish","type":"product","link":"https:\/\/blackviewphones.com\/es\/product\/tablet-blackview-active-8-pro-16-gb-ram-256-gb-rom\/","title":{"rendered":"Tablet Blackview Active 8 Pro | 16 GB RAM 256 GB ROM"},"content":{"rendered":"<h1>Tablet Blackview Active 8 Pro | 16 GB RAM 256 GB ROM<\/h1>\n<p>Descubre la nueva Tablet Blackview, la <strong>Tab Active 8 Pro<\/strong> con 10,4\u2033, m\u00e1s resistente, con mayor eficiencia. Es una tablet ultradelgada de 16,8 mm, con una <strong>bater\u00eda de 22000 mAh<\/strong>, <strong>carga r\u00e1pida de 33 W <\/strong>que te permite hasta 1440 horas de tiempo en espera\u00a0y con sistema operativo <strong>Android 14.\u00a0<\/strong><\/p>\n<p>Una tablet con estilo robusto y pesa 973 gramos, con <strong>certificaci\u00f3n IP68 e IP69K<\/strong> y cuenta con una correa de cuero acolchada f\u00e1cil de usar. La Active 8 Pro tiene<strong>\u00a08 GB de RAM<\/strong> y <strong>256 GB de ROM. <\/strong>Adem\u00e1s, se puede adaptar teclado inal\u00e1mbrico para un mejor uso. Por lo tanto, es ideal para el trabajo, estudio o entretenimiento.<\/p>\n<h2 data-spm-anchor-id=\"a2g0o.detail.1000023.i7.388c274d1UTStG\"><strong>\u00bfPor qu\u00e9 comprar la Blackview Active 8 Pro?<\/strong><\/h2>\n<ul>\n<li>Por su certificaci\u00f3n IP68 e IP69K, si lo que buscas es una tablet resistente y robusta.<\/li>\n<li>Si buscas larga duraci\u00f3n, esta tablet te ofrece una gigantesca bater\u00eda de estado s\u00f3lido.<\/li>\n<li>Si sueles trabajar en entornos de temperaturas de -40\u00baC a +60\u00baC, esta tablet es ideal para ti.<\/li>\n<li>Fabricada para resistir: Lluvia, Arena, Polvo, Vibraci\u00f3n, Choque, Aceleraci\u00f3n, Altas temperaturas, Bajas Temperaturas, Humedad, Altitud e Inmersi\u00f3n.<\/li>\n<li>Necesitas una tablet que puedas usar como soporte de carga inversa.<\/li>\n<li>Si prefieres una tablet con buenas prestaciones de audio: Modo inteligente, modo pel\u00edcula, modo juego y modo voces.<\/li>\n<li>Multifuncional: Permite realizar diferentes tareas en m\u00faltiples ventanas simult\u00e1neamente.<\/li>\n<li>Es una tablet con certificaci\u00f3n de luz azul baja de T\u00dcV Rheinland.<\/li>\n<li>Incluye un stylus pen (puntero)<\/li>\n<\/ul>\n<h2><span style=\"font-size: 16px;\">IP68: LO QUE PUEDES Y NO PUEDES HACER<\/span><\/h2>\n<p>Si un dispositivo tiene certificaci\u00f3n IP68, significa que puede ser sumergido en <strong>agua dulce<\/strong>\u00a0<strong>a profundidades de hasta un metro durante un m\u00e1ximo de 30 minutos, siempre que se mantengan las protecciones del terminal con su debida estanqueidad.<\/strong><\/p>\n<p><strong>Te dejamos unos consejos<\/strong>\u00a0<strong>para cualquier terminal con la certificaci\u00f3n IP68<\/strong>:<\/p>\n<ul>\n<li>No expongas el smartphone con IP68 a corrientes de agua, tales como el agua del grifo, las olas del mar o cascadas.<\/li>\n<li>Adem\u00e1s, si el smartphone con IP68 ha sido expuesto a agua dulce, secar con cuidado con un pa\u00f1o limpio y suave.<\/li>\n<li>Si el smartphone con IP68 ha sido expuesto a cualquier tipo de l\u00edquido que no sea agua dulce (como por ejemplo agua de mar), lavar inmediatamente el terminal con agua dulce de forma suave, y secar con cuidado con un pa\u00f1o suave y limpio.<\/li>\n<li>Ante cualquier duda de que las protecciones est\u00e9n bien cerradas.\u00a0<strong>NO\u00a0<\/strong>lo mojes.<\/li>\n<li>Evitar realizar pruebas agresivas para mostrar su resistencia<\/li>\n<li>No es conveniente manipular los botones del dispositivo dentro del agua<\/li>\n<li>Se recomienda NO mojar el dispositivo en agua salada porque la certificaci\u00f3n IP solo aplica en agua dulce.<\/li>\n<\/ul>\n<p>\u00a0<\/p>\n","protected":false},"excerpt":{"rendered":"<p>Tablet resistente NFC (Admite Tarjeta SIM)<br \/>\nMediaTek Helio G99<br \/>\nAndroid 14 | 22 000 mAh<br \/>\n256.3 mm*165.8 mm*16.8 mm<br \/>\nPeso 976 g<br \/>\nPantalla 10.36\u2033 | 400 Nits<br \/>\n8GB+8GB RAM 256 GB ROM<\/p>\n","protected":false},"featured_media":12602,"comment_status":"closed","ping_status":"closed","template":"","meta":{"_acf_changed":false},"product_brand":[287],"product_cat":[159,95,281],"product_tag":[308],"class_list":{"0":"post-6794","1":"product","2":"type-product","3":"status-publish","4":"has-post-thumbnail","6":"product_brand-blackview","7":"product_cat-ofertas","8":"product_cat-tablets-blackview","9":"product_cat-tablets-blackview-tablets-resistentes-blackview","10":"product_tag-nfc","12":"first","13":"instock","14":"sale","15":"shipping-taxable","16":"purchasable","17":"product-type-variable","18":"has-default-attributes"},"acf":[],"_links":{"self":[{"href":"https:\/\/blackviewphones.com\/es\/wp-json\/wp\/v2\/product\/6794","targetHints":{"allow":["GET"]}}],"collection":[{"href":"https:\/\/blackviewphones.com\/es\/wp-json\/wp\/v2\/product"}],"about":[{"href":"https:\/\/blackviewphones.com\/es\/wp-json\/wp\/v2\/types\/product"}],"replies":[{"embeddable":true,"href":"https:\/\/blackviewphones.com\/es\/wp-json\/wp\/v2\/comments?post=6794"}],"version-history":[{"count":0,"href":"https:\/\/blackviewphones.com\/es\/wp-json\/wp\/v2\/product\/6794\/revisions"}],"wp:featuredmedia":[{"embeddable":true,"href":"https:\/\/blackviewphones.com\/es\/wp-json\/wp\/v2\/media\/12602"}],"wp:attachment":[{"href":"https:\/\/blackviewphones.com\/es\/wp-json\/wp\/v2\/media?parent=6794"}],"wp:term":[{"taxonomy":"product_brand","embeddable":true,"href":"https:\/\/blackviewphones.com\/es\/wp-json\/wp\/v2\/product_brand?post=6794"},{"taxonomy":"product_cat","embeddable":true,"href":"https:\/\/blackviewphones.com\/es\/wp-json\/wp\/v2\/product_cat?post=6794"},{"taxonomy":"product_tag","embeddable":true,"href":"https:\/\/blackviewphones.com\/es\/wp-json\/wp\/v2\/product_tag?post=6794"}],"curies":[{"name":"wp","href":"https:\/\/api.w.org\/{rel}","templated":true}]}}