

{"id":6747,"date":"2025-03-14T09:39:18","date_gmt":"2025-03-14T08:39:18","guid":{"rendered":"https:\/\/blackviewphones.com\/?post_type=product&#038;p=6747"},"modified":"2026-04-21T10:29:59","modified_gmt":"2026-04-21T08:29:59","slug":"blackview-bv8900-camara-termica","status":"publish","type":"product","link":"https:\/\/blackviewphones.com\/es\/product\/blackview-bv8900-camara-termica\/","title":{"rendered":"Blackview BV8900 (Reacondicionado) 16GB RAM + 256GB ROM"},"content":{"rendered":"<h1>Blackview BV8900 &#8211; Con C\u00e1mara T\u00e9rmica (Reacondicionado)<\/h1>\n<p>El<strong> BV8900<\/strong> est\u00e1 construido para soportar entornos extremos y desafiantes. Con su resistencia al agua, al polvo y a los golpes, este tel\u00e9fono es perfecto para aquellos que trabajan al aire libre o se aventuran en actividades al aire libre. Ya sea que est\u00e9s en un sitio de construcci\u00f3n, explorando la naturaleza o simplemente viviendo una vida activa, el BV8900 es tu compa\u00f1ero resistente y confiable. Este dispositivo cuenta con <strong>8 GB de <\/strong>memoria<strong> RAM<\/strong> junto a <strong>256 GB<\/strong> de <strong>ROM. <\/strong>Pantalla <strong>HD<\/strong>\u00a0de <strong>6,5&#8243; pulgadas <\/strong>bajo el sistema operativo <strong>Android 13 <\/strong>con <strong>Sensor T\u00e9rmico<\/strong>.<\/p>\n<h2>\u00bfPor qu\u00e9 comprar un BV8900?<\/h2>\n<ul>\n<li>Necesitas un terminal con mucha bater\u00eda, este Blackview te ofrece un bater\u00eda grande de 10 000 mAh (hasta 45.5 d\u00edas en espera).<\/li>\n<li>Con su termograf\u00eda de nivel profesional y alta resoluci\u00f3n t\u00e9rmica puedes detectar eficazmente: Puntos calientes, peligros existenciales y monitorear temperaturas.<\/li>\n<li>Si necesitas en tu hogar: Encontrar posibles fallas el\u00e9ctricas para evitar incendios el\u00e9ctricos, identificar la temperatura ideal o encontrar problemas de plomer\u00edas, tuber\u00edas bloqueadas o fugas.<\/li>\n<li>Si necesitas termograf\u00eda para tu profesi\u00f3n:\n<ul>\n<li>Industrial y Construcci\u00f3n: Detecta fallas en los equipos.<\/li>\n<li>Emergencia con peligro de incendio: Encuentra escapes de incendio o localiza a las personas atrapadas en un humo espeso.<\/li>\n<li>Agricultura: Ayuda a controlar los niveles de humedad en el suelo para obtener plantas sanas.<\/li>\n<li>Estilo de vida: Obt\u00e9n la temperatura ideal de la dieta de los alimentos y revisa las emociones de los cambios de temperatura.<\/li>\n<\/ul>\n<\/li>\n<\/ul>\n<h2><span style=\"font-size: 16px;\">IP68: LO QUE PUEDES Y NO PUEDES HACER<\/span><\/h2>\n<p>Si un dispositivo tiene certificaci\u00f3n IP68, significa que puede ser sumergido en <strong>agua dulce<\/strong>\u00a0<strong>a profundidades de hasta un metro durante un m\u00e1ximo de 30 minutos, siempre que se mantengan las protecciones del terminal con su debida estanqueidad.<\/strong><\/p>\n<p><strong>Te dejamos unos consejos<\/strong>\u00a0<strong>para cualquier terminal con la certificaci\u00f3n IP68<\/strong>:<\/p>\n<ul>\n<li style=\"list-style-type: none;\">\n<ul>\n<li>No expongas el smartphone con IP68 a corrientes de agua, tales como el agua del grifo, las olas del mar o cascadas.<\/li>\n<li>Si el smartphone con IP68 ha sido expuesto a agua dulce, secar con cuidado con un pa\u00f1o limpio y suave.<\/li>\n<li>Si el smartphone con IP68 ha sido expuesto a cualquier tipo de l\u00edquido que no sea agua dulce (como por ejemplo agua de mar), lavar inmediatamente el terminal con agua dulce de forma suave, y secar con cuidado con un pa\u00f1o suave y limpio.<\/li>\n<li>Ante cualquier duda de que las protecciones est\u00e9n bien cerradas.\u00a0<strong>NO\u00a0<\/strong>lo mojes.<\/li>\n<li>No recomendamos realizar pruebas agresivas para mostrar su resistencia<\/li>\n<li>Adem\u00e1s no es conveniente manipular los botones del dispositivo dentro del agua<\/li>\n<li>No se recomienda mojar el dispositivo en agua salada, ya que la certificaci\u00f3n IP solo aplica en agua dulce.<\/li>\n<\/ul>\n<\/li>\n<\/ul>\n<p>&nbsp;<\/p>\n","protected":false},"excerpt":{"rendered":"<p>Este Blackview te ofrece un bater\u00eda grande de 10 000 mAh (hasta 45.5 d\u00edas en espera).<\/p>\n<p>Con su termograf\u00eda de nivel profesional y alta resoluci\u00f3n t\u00e9rmica puedes detectar eficazmente: Puntos calientes, peligros existenciales y monitorear temperaturas.<\/p>\n<p>MediaTek Helio P90 MT6779<\/p>\n<p>8GB+8GB RAM 256 GB ROM<\/p>\n<p>Android 13 | Sensor T\u00e9rmico<\/p>\n<p>172.4*82.2*19.8 mm<\/p>\n<p>Pantalla 6,5\u2033 Peso 398 g<\/p>\n<p>10 000 mAh<\/p>\n<p>M\u00f3vil resistente con NFC (Reacondicionado)<\/p>\n<div id=\"gtx-trans\" style=\"position: absolute; left: 780px; top: 276.99px;\">\n<div class=\"gtx-trans-icon\"><\/div>\n<\/div>\n","protected":false},"featured_media":4133,"comment_status":"closed","ping_status":"closed","template":"","meta":{"_acf_changed":false},"product_brand":[287],"product_cat":[349],"product_tag":[184],"class_list":{"0":"post-6747","1":"product","2":"type-product","3":"status-publish","4":"has-post-thumbnail","6":"product_brand-blackview","7":"product_cat-sin-categoria","8":"product_tag-camara-termica","10":"first","11":"outofstock","12":"sale","13":"shipping-taxable","14":"purchasable","15":"product-type-variable","16":"has-default-attributes"},"acf":[],"_links":{"self":[{"href":"https:\/\/blackviewphones.com\/es\/wp-json\/wp\/v2\/product\/6747","targetHints":{"allow":["GET"]}}],"collection":[{"href":"https:\/\/blackviewphones.com\/es\/wp-json\/wp\/v2\/product"}],"about":[{"href":"https:\/\/blackviewphones.com\/es\/wp-json\/wp\/v2\/types\/product"}],"replies":[{"embeddable":true,"href":"https:\/\/blackviewphones.com\/es\/wp-json\/wp\/v2\/comments?post=6747"}],"version-history":[{"count":1,"href":"https:\/\/blackviewphones.com\/es\/wp-json\/wp\/v2\/product\/6747\/revisions"}],"predecessor-version":[{"id":13520,"href":"https:\/\/blackviewphones.com\/es\/wp-json\/wp\/v2\/product\/6747\/revisions\/13520"}],"wp:featuredmedia":[{"embeddable":true,"href":"https:\/\/blackviewphones.com\/es\/wp-json\/wp\/v2\/media\/4133"}],"wp:attachment":[{"href":"https:\/\/blackviewphones.com\/es\/wp-json\/wp\/v2\/media?parent=6747"}],"wp:term":[{"taxonomy":"product_brand","embeddable":true,"href":"https:\/\/blackviewphones.com\/es\/wp-json\/wp\/v2\/product_brand?post=6747"},{"taxonomy":"product_cat","embeddable":true,"href":"https:\/\/blackviewphones.com\/es\/wp-json\/wp\/v2\/product_cat?post=6747"},{"taxonomy":"product_tag","embeddable":true,"href":"https:\/\/blackviewphones.com\/es\/wp-json\/wp\/v2\/product_tag?post=6747"}],"curies":[{"name":"wp","href":"https:\/\/api.w.org\/{rel}","templated":true}]}}