

{"id":6424,"date":"2025-03-14T09:15:52","date_gmt":"2025-03-14T08:15:52","guid":{"rendered":"https:\/\/blackviewphones.com\/?post_type=product&#038;p=6424"},"modified":"2025-12-29T16:11:19","modified_gmt":"2025-12-29T15:11:19","slug":"blackview-bv7200-10-gb-6gb-4gb-ram-128-gb-rom","status":"publish","type":"product","link":"https:\/\/blackviewphones.com\/es\/product\/blackview-bv7200-10-gb-6gb-4gb-ram-128-gb-rom\/","title":{"rendered":"Blackview BV7200 | 10 GB (6GB + 4GB) RAM + 128 GB ROM"},"content":{"rendered":"<h1>Blackview BV7200 | 10 GB (6GB + 4GB) RAM + 128 GB ROM<\/h1>\n<p>Blackview BV7200, un\u00a0 estilo de vida robusto e invencible con el nuevo modelo de Blackview rugerizado, resistente al agua, polvo. Dise\u00f1ado con un nivel superior de durabilidad para sobrevivir a las ca\u00eddas y golpes del d\u00eda a d\u00eda. Con una luz indicadora, NFC un enganche para que te lo lleves a donde sea sin perderlo y para ayudarte a su uso, con un sensor de huella dactilar y bot\u00f3n de encendido 2 en 1.<\/p>\n<p>Procesador MeadiaTek Helio G85, la potencia y la velocidad para la mayor\u00eda de las exigencias. Cuenta con 6 GB de RAM y hasta 128 GB de expansi\u00f3n.<\/p>\n<p>C\u00e1mara de 50 Megapixeles, Dual 4G y pantalla de 6.1 pulgadas. Adem\u00e1s, cuenta con modo subacu\u00e1tico.<\/p>\n<h2>Caracter\u00edsticas Blackview BV7200<\/h2>\n<table style=\"height: 1277px;\" width=\"790\">\n<tbody>\n<tr>\n<td>\n<h3 id=\"sec-design\" class=\"k-h3\">Caracter\u00edsticas Generales<\/h3>\n<\/td>\n<\/tr>\n<tr>\n<td><strong>Modelo:\u00a0<\/strong><\/td>\n<td>MediaTek Helio G85<\/td>\n<\/tr>\n<tr>\n<td><strong>GPU:<\/strong><\/td>\n<td>2x Cortex<b class=\"dot\">\u2022<\/b>A75 2.0 GHz + 6x Cortex<b class=\"dot\">\u2022<\/b>A55 1.8 GHz<\/td>\n<\/tr>\n<tr>\n<td><strong>Tipo:<\/strong><\/td>\n<td>Octa-Core<\/td>\n<\/tr>\n<tr>\n<td><strong>Dimensiones:<\/strong><\/td>\n<td>81.6 mm \u00b7 165.3 mm \u00b7 16 mm<\/td>\n<\/tr>\n<tr>\n<td><strong>Peso:<\/strong><\/td>\n<td>288 Gr<\/td>\n<\/tr>\n<tr>\n<td><strong>Sistema Operativo:<\/strong><\/td>\n<td>Android 12<\/td>\n<\/tr>\n<tr>\n<td>\n<h3>Capacidad<\/h3>\n<\/td>\n<\/tr>\n<tr>\n<td><strong>RAM:<\/strong><\/td>\n<td>6 GB<\/td>\n<\/tr>\n<tr>\n<td><strong>ROM:<\/strong><\/td>\n<td>128 GB<\/td>\n<\/tr>\n<tr>\n<td><strong>Expandible:<\/strong><\/td>\n<td>Si<\/td>\n<\/tr>\n<tr>\n<td><strong>Bateria:<\/strong><\/td>\n<td>5180 mAh<\/td>\n<\/tr>\n<tr>\n<td>\n<h3>Pantalla<\/h3>\n<\/td>\n<\/tr>\n<tr>\n<td><strong>Tama\u00f1o:<\/strong><\/td>\n<td>6.1\u2033<\/td>\n<\/tr>\n<tr>\n<td><strong>Tipo:<\/strong><\/td>\n<td>LCD IPS<\/td>\n<\/tr>\n<tr>\n<td><strong>Resoluci\u00f3n:<\/strong><\/td>\n<td>720 x 21560 px <b class=\"dot\">\u2022<\/b>\u00a0FHD+<\/td>\n<\/tr>\n<tr>\n<td><\/td>\n<td><\/td>\n<\/tr>\n<tr>\n<td>\n<h3>C\u00e1mara<\/h3>\n<\/td>\n<\/tr>\n<tr>\n<td><strong>C\u00e1mara trasera:<\/strong><\/td>\n<td>50 Mpx<\/td>\n<\/tr>\n<tr>\n<td><strong>C\u00e1mara frontal:<\/strong><\/td>\n<td>8 Mpx<\/td>\n<\/tr>\n<tr>\n<td>\n<h3>Otras caracter\u00edsticas<\/h3>\n<\/td>\n<td><\/td>\n<\/tr>\n<tr>\n<td><strong>Doble SIM<\/strong><\/td>\n<td>Si<\/td>\n<\/tr>\n<tr>\n<td><strong>Wifi<\/strong><\/td>\n<td>802.11a\u00a0,\u00a0802.11b\u00a0,\u00a0802.11g\u00a0,\u00a0802.11n\u00a0,\u00a0802.11n 5GHz\u00a0,\u00a0802.11ac<\/td>\n<\/tr>\n<tr>\n<td><strong>Bluetooth<\/strong><\/td>\n<td>Bluetooth 5.4<\/td>\n<\/tr>\n<tr>\n<td><strong>Navegaci\u00f3n<\/strong><\/td>\n<td>GPS, A-GPS, GLONASS, Beidou, Galileo<\/td>\n<\/tr>\n<tr>\n<td><strong>NFC<\/strong><\/td>\n<td>Si<\/td>\n<\/tr>\n<tr>\n<td><b>Entrada de auriculares tipo C<\/b><\/td>\n<\/tr>\n<tr>\n<td>\n<h3>Contenido del paquete<\/h3>\n<\/td>\n<td><\/td>\n<\/tr>\n<tr>\n<td><strong> Blackview BV7200<\/strong><\/td>\n<td><\/td>\n<\/tr>\n<tr>\n<td><strong>Enchufe<\/strong><\/td>\n<td><\/td>\n<\/tr>\n<tr>\n<td><strong>Cable de carga tipo C<\/strong><\/td>\n<td><\/td>\n<\/tr>\n<\/tbody>\n<\/table>\n<h2><span style=\"font-size: 16px;\">IP68: LO QUE PUEDES Y NO PUEDES HACER<\/span><\/h2>\n<p>Si un dispositivo tiene certificaci\u00f3n IP68, significa que puede ser sumergido en <strong>agua dulce<\/strong>\u00a0<strong>a profundidades de hasta un metro durante un m\u00e1ximo de 30 minutos siempre que se mantengan las protecciones del terminal con su debida estanqueidad.<\/strong><\/p>\n<p><strong>Te dejamos unos consejos<\/strong>\u00a0<strong>para cualquier terminal con la certificaci\u00f3n IP68<\/strong>:<\/p>\n<ul>\n<li>No expongas el smartphone con IP68 a corrientes de agua, tales como el agua del grifo, las olas del mar o cascadas.<\/li>\n<li>Adem\u00e1s si el smartphone con IP68 ha sido expuesto a agua dulce, secar con cuidado con un pa\u00f1o limpio y suave.<\/li>\n<li>Si el smartphone con IP68 ha sido expuesto a cualquier tipo de l\u00edquido que no sea agua dulce (como por ejemplo agua de mar) , lavar inmediatamente el terminal con agua dulce de forma suave, y secar con cuidado con un pa\u00f1o suave y limpio.<\/li>\n<li>Ante cualquier duda de que las protecciones est\u00e9n bien cerradas.\u00a0<strong>NO\u00a0<\/strong>lo mojes.<\/li>\n<li>Evitar\u00a0 realizar pruebas agresivas para mostrar su resistencia<\/li>\n<li>No es conveniente manipular los botones del dispositivo dentro del agua<\/li>\n<li>Se recomienda NO mojar el dispositivo en agua salada ya que la certificaci\u00f3n IP solo aplica en agua dulce.<\/li>\n<\/ul>\n","protected":false},"excerpt":{"rendered":"<p>Blackview BV7200 | 10 GB (6GB + 4GB) RAM + 128 GB ROM Blackview BV7200, un\u00a0 estilo de vida robusto e invencible con el nuevo modelo de Blackview rugerizado, resistente al agua, polvo. Dise\u00f1ado con un nivel superior de durabilidad para sobrevivir a las ca\u00eddas y golpes del d\u00eda a d\u00eda. Con una luz indicadora,<\/p>\n<div class=\"klb-readmore entry-button\"><a class=\"btn read-more\" href=\"https:\/\/blackviewphones.com\/es\/product\/blackview-bv7200-10-gb-6gb-4gb-ram-128-gb-rom\/\">Read More<\/a><\/div>\n","protected":false},"featured_media":3651,"comment_status":"closed","ping_status":"closed","template":"","meta":{"_acf_changed":false},"product_brand":[],"product_cat":[349],"product_tag":[],"class_list":{"0":"post-6424","1":"product","2":"type-product","3":"status-publish","4":"has-post-thumbnail","6":"product_cat-sin-categoria","8":"first","9":"outofstock","10":"sale","11":"shipping-taxable","12":"purchasable","13":"product-type-variable","14":"has-default-attributes"},"acf":[],"_links":{"self":[{"href":"https:\/\/blackviewphones.com\/es\/wp-json\/wp\/v2\/product\/6424","targetHints":{"allow":["GET"]}}],"collection":[{"href":"https:\/\/blackviewphones.com\/es\/wp-json\/wp\/v2\/product"}],"about":[{"href":"https:\/\/blackviewphones.com\/es\/wp-json\/wp\/v2\/types\/product"}],"replies":[{"embeddable":true,"href":"https:\/\/blackviewphones.com\/es\/wp-json\/wp\/v2\/comments?post=6424"}],"version-history":[{"count":0,"href":"https:\/\/blackviewphones.com\/es\/wp-json\/wp\/v2\/product\/6424\/revisions"}],"wp:featuredmedia":[{"embeddable":true,"href":"https:\/\/blackviewphones.com\/es\/wp-json\/wp\/v2\/media\/3651"}],"wp:attachment":[{"href":"https:\/\/blackviewphones.com\/es\/wp-json\/wp\/v2\/media?parent=6424"}],"wp:term":[{"taxonomy":"product_brand","embeddable":true,"href":"https:\/\/blackviewphones.com\/es\/wp-json\/wp\/v2\/product_brand?post=6424"},{"taxonomy":"product_cat","embeddable":true,"href":"https:\/\/blackviewphones.com\/es\/wp-json\/wp\/v2\/product_cat?post=6424"},{"taxonomy":"product_tag","embeddable":true,"href":"https:\/\/blackviewphones.com\/es\/wp-json\/wp\/v2\/product_tag?post=6424"}],"curies":[{"name":"wp","href":"https:\/\/api.w.org\/{rel}","templated":true}]}}