

{"id":6361,"date":"2025-03-14T09:11:59","date_gmt":"2025-03-14T08:11:59","guid":{"rendered":"https:\/\/blackviewphones.com\/?post_type=product&#038;p=6361"},"modified":"2026-02-03T13:48:45","modified_gmt":"2026-02-03T12:48:45","slug":"blackview-bl8800-pro-5g-camara-termica","status":"publish","type":"product","link":"https:\/\/blackviewphones.com\/es\/product\/blackview-bl8800-pro-5g-camara-termica\/","title":{"rendered":"Blackview BL8800 Pro | 5G C\u00e1mara T\u00e9rmica"},"content":{"rendered":"<h1>Blackview BL8800 Pro 5G \u2013 Con c\u00e1mara t\u00e9rmica<\/h1>\n<p>Blackview BL8800 Pro \u2013 5G, llega al mercado con c\u00e1mara t\u00e9rmica integrada.<\/p>\n<p>Cuenta con una capacidad de<strong> 8GB de RAM y 128GB de ROM<\/strong>, con el procesador de \u00faltima generaci\u00f3n MediaTek Dimensity 700 (MT6833), lo que permitir\u00e1 manejar m\u00faltiples tareas al mismo tiempo y cambiar sin problemas entre aplicaciones.<\/p>\n<p>Tambi\u00e9n es un dispositivo que cuenta con triple c\u00e1mara\u00a0 de 50 megapixeles y asistido por dos m\u00e1s de 2MP y 5MP<\/p>\n<p>Dispositivo testado IP68 & IP69K.<\/p>\n<p>La pantalla es de 6,58 pulgadas y bater\u00eda de 8380 mAh, y con un sistema operativo Android 11.<\/p>\n<h2><span style=\"font-size: 16px;\">IP68: LO QUE PUEDES Y NO PUEDES HACER<\/span><\/h2>\n<p>Si un dispositivo tiene certificaci\u00f3n IP68, significa que puede ser sumergido en <strong>agua dulce<\/strong>\u00a0<strong>a profundidades de hasta un metro durante un m\u00e1ximo de 30 minutos siempre que se mantengan las protecciones del terminal con su debida estanqueidad.<\/strong><\/p>\n<p><strong>Te dejamos unos consejos<\/strong>\u00a0<strong>para cualquier terminal con la certificaci\u00f3n IP68<\/strong>:<\/p>\n<ul>\n<li>No expongas el smartphone con IP68 a corrientes de agua, tales como el agua del grifo, las olas del mar o cascadas.<\/li>\n<li>Si el smartphone con IP68 ha sido expuesto a agua dulce, secar con cuidado con un pa\u00f1o limpio y suave.<\/li>\n<li>Si el smartphone con IP68 ha sido expuesto a cualquier tipo de l\u00edquido que no sea agua dulce (como por ejemplo agua de mar) , lavar inmediatamente el terminal con agua dulce de forma suave, y secar con cuidado con un pa\u00f1o suave y limpio.<\/li>\n<li>Ante cualquier duda de que las protecciones est\u00e9n bien cerradas.\u00a0<strong>NO\u00a0<\/strong>lo mojes.<\/li>\n<li>No recomendamos realizar pruebas agresivas para mostrar su resistencia<\/li>\n<li>No es conveniente manipular los botones del dispositivo dentro del agua<\/li>\n<li>No se recomienda mojar el dispositivo en agua salada ya que la certificaci\u00f3n IP solo aplica en agua dulce.<\/li>\n<\/ul>\n","protected":false},"excerpt":{"rendered":"<p>MediaTek Dimensity 700<\/p>\n<p>8GB RAM 128 GB ROM<\/p>\n<p>Android 11 \u2013 5G | Sensor T\u00e9rmico<\/p>\n<p>176.2 mm * 83.5 mm * 17.7 mm<\/p>\n<p>Pantalla 6.58\u2033 Peso 367 g<\/p>\n<p>8380 mAh<\/p>\n<p>M\u00f3vil resistente con NFC<\/p>\n","protected":false},"featured_media":3554,"comment_status":"closed","ping_status":"closed","template":"","meta":{"_acf_changed":false},"product_brand":[],"product_cat":[349],"product_tag":[184],"class_list":{"0":"post-6361","1":"product","2":"type-product","3":"status-publish","4":"has-post-thumbnail","6":"product_cat-sin-categoria","7":"product_tag-camara-termica","9":"first","10":"outofstock","11":"sale","12":"shipping-taxable","13":"purchasable","14":"product-type-variable","15":"has-default-attributes"},"acf":[],"_links":{"self":[{"href":"https:\/\/blackviewphones.com\/es\/wp-json\/wp\/v2\/product\/6361","targetHints":{"allow":["GET"]}}],"collection":[{"href":"https:\/\/blackviewphones.com\/es\/wp-json\/wp\/v2\/product"}],"about":[{"href":"https:\/\/blackviewphones.com\/es\/wp-json\/wp\/v2\/types\/product"}],"replies":[{"embeddable":true,"href":"https:\/\/blackviewphones.com\/es\/wp-json\/wp\/v2\/comments?post=6361"}],"version-history":[{"count":0,"href":"https:\/\/blackviewphones.com\/es\/wp-json\/wp\/v2\/product\/6361\/revisions"}],"wp:featuredmedia":[{"embeddable":true,"href":"https:\/\/blackviewphones.com\/es\/wp-json\/wp\/v2\/media\/3554"}],"wp:attachment":[{"href":"https:\/\/blackviewphones.com\/es\/wp-json\/wp\/v2\/media?parent=6361"}],"wp:term":[{"taxonomy":"product_brand","embeddable":true,"href":"https:\/\/blackviewphones.com\/es\/wp-json\/wp\/v2\/product_brand?post=6361"},{"taxonomy":"product_cat","embeddable":true,"href":"https:\/\/blackviewphones.com\/es\/wp-json\/wp\/v2\/product_cat?post=6361"},{"taxonomy":"product_tag","embeddable":true,"href":"https:\/\/blackviewphones.com\/es\/wp-json\/wp\/v2\/product_tag?post=6361"}],"curies":[{"name":"wp","href":"https:\/\/api.w.org\/{rel}","templated":true}]}}