

{"id":6102,"date":"2025-03-14T08:57:25","date_gmt":"2025-03-14T07:57:25","guid":{"rendered":"https:\/\/blackviewphones.com\/?post_type=product&#038;p=6102"},"modified":"2026-05-14T18:25:29","modified_gmt":"2026-05-14T16:25:29","slug":"protector-de-hidrogel","status":"publish","type":"product","link":"https:\/\/blackviewphones.com\/es\/product\/protector-de-hidrogel\/","title":{"rendered":"Protector de Hidrogel"},"content":{"rendered":"<h1>Protector de Hidrogel<\/h1>\n<section class=\"text-token-text-primary w-full focus:outline-none [--shadow-height:45px] has-data-writing-block:pointer-events-none has-data-writing-block:-mt-(--shadow-height) has-data-writing-block:pt-(--shadow-height) [&:has([data-writing-block])>*]:pointer-events-auto scroll-mt-(--header-height)\" dir=\"auto\" data-turn-id=\"fc001ac0-3442-41f3-8422-4c404fb35424\" data-testid=\"conversation-turn-1\" data-scroll-anchor=\"false\" data-turn=\"user\"><\/section>\n<section class=\"text-token-text-primary w-full focus:outline-none [--shadow-height:45px] has-data-writing-block:pointer-events-none has-data-writing-block:-mt-(--shadow-height) has-data-writing-block:pt-(--shadow-height) [&:has([data-writing-block])>*]:pointer-events-auto scroll-mt-[calc(var(--header-height)+min(200px,max(70px,20svh)))]\" dir=\"auto\" data-turn-id=\"request-WEB:5d3fd1be-bee3-4d60-a993-04d27c2b50ec-0\" data-testid=\"conversation-turn-2\" data-scroll-anchor=\"true\" data-turn=\"assistant\">\n<div class=\"text-base my-auto mx-auto pb-10 [--thread-content-margin:var(--thread-content-margin-xs,calc(var(--spacing)*4))] @w-sm\/main:[--thread-content-margin:var(--thread-content-margin-sm,calc(var(--spacing)*6))] @w-lg\/main:[--thread-content-margin:var(--thread-content-margin-lg,calc(var(--spacing)*16))] px-(--thread-content-margin)\">\n<div class=\"[--thread-content-max-width:40rem] @w-lg\/main:[--thread-content-max-width:48rem] mx-auto max-w-(--thread-content-max-width) flex-1 group\/turn-messages focus-visible:outline-hidden relative flex w-full min-w-0 flex-col agent-turn\">\n<div class=\"flex max-w-full flex-col gap-4 grow\">\n<div class=\"min-h-8 text-message relative flex w-full flex-col items-end gap-2 text-start break-words whitespace-normal outline-none keyboard-focused:focus-ring [.text-message+&]:mt-1\" dir=\"auto\" tabindex=\"0\" data-message-author-role=\"assistant\" data-message-id=\"826401ec-0cb1-4b9d-ad9f-6ec50dda25d7\" data-message-model-slug=\"gpt-5-3\" data-turn-start-message=\"true\">\n<div class=\"flex w-full flex-col gap-1 empty:hidden\">\n<div class=\"markdown prose dark:prose-invert w-full wrap-break-word dark markdown-new-styling\">\n<p data-start=\"0\" data-end=\"323\" data-is-last-node=\"\" data-is-only-node=\"\"><span style=\"color: #0000ff;\"><strong>Informaci\u00f3n importante: Si a\u00f1ades este art\u00edculo junto con un m\u00f3vil o tablet en tu compra, entenderemos que el protector corresponde a ese mismo dispositivo incluido en la cesta. Si no hay ning\u00fan dispositivo (m\u00f3vil o tablet) en tu pedido, deber\u00e1s indicar el modelo exacto de tu terminal para que podamos prepararlo a medida en el checkout, antes de pagar.<\/strong><\/span><\/p>\n<\/div>\n<\/div>\n<\/div>\n<\/div>\n<\/div>\n<\/div>\n<\/section>\n<h2><strong>\u00bfC\u00f3mo instalar el protector Hidrogel?<\/strong><\/h2>\n<p>Es un proceso sencillo, solo necesitar\u00e1s un poco de paciencia. te mostramos en un breve video.<\/p>\n<p>La particularidad de los protectores de Hidrogel son sus dise\u00f1os perfectos hechos a medida, sin margen de error.<\/p>\n<p>Aqu\u00ed os mostramos c\u00f3mo colocar una l\u00e1mina de hidrogel en cualquier smartphone.<\/p>\n","protected":false},"excerpt":{"rendered":"<p style=\"text-align: left;\"><span style=\"color: #0000ff;\"><strong>Informaci\u00f3n importante: Si a\u00f1ades este art\u00edculo junto con un m\u00f3vil o tablet en tu compra, entenderemos que el protector corresponde a ese mismo dispositivo incluido en la cesta. Si no hay ning\u00fan dispositivo (m\u00f3vil o tablet) en tu pedido, deber\u00e1s indicar el modelo exacto de tu terminal para que podamos prepararlo a medida.<\/strong><\/span><\/p>\n<p>Protector de Hidrogel, ideal para cualquier tipo de m\u00f3vil, protecci\u00f3n extrema, resistente y m\u00e1s delgada que un cristal templado y f\u00e1cil de instalar.<\/p>\n<p>Existen <strong>dos familias de tipos de protectores<\/strong>\u00a0que actualmente se utilizan, el\u00a0<strong>protector de cristal templado<\/strong>\u00a0y el\u00a0<strong>protector de hidrogel.<\/strong><\/p>\n<p>Es por ello que ponemos a tu disposici\u00f3n los protectores de hidrogel para que tu m\u00f3vil o tablet lleve la m\u00e1xima protecci\u00f3n y con esta nueva tecnolog\u00eda <b>Fabricamos el protector de pantalla de hidrogel para tu m\u00f3vil o tablet a medida<\/b>\u00a0y lo enviamos a tu casa.<\/p>\n<p>El Hidrogel es una nueva tecnolog\u00eda con grandes beneficios. Tenemos m\u00e1s de 8.000 modelos disponibles.<\/p>\n<p>Esta nueva protecci\u00f3n para m\u00f3viles trae ventajas asociadas:<\/p>\n<ul>\n<li><b>Resistencia ante los golpes.<\/b> Es capaz de absorber toda la fuerza y dejar intacta la pantalla.<\/li>\n<li><b>Pantalla curva.<\/b> Se ajusta perfectamente a las esquinas del tel\u00e9fono o Tablet, y mucho m\u00e1s a los dispositivos de pantalla curva.<\/li>\n<li><b>Mucho m\u00e1s fino.<\/b> La capa es mucho m\u00e1s delgada que la de un cristal templado, lo que hace, que tengamos la sensaci\u00f3n de no tener ninguna l\u00e1mina.<\/li>\n<li><b>Marca en la pantalla.<\/b>\u00a0Dependiendo de la capa de cada protector, pueden dejar m\u00e1s o menos huellas marcadas sobre la l\u00e1mina. Tampoco supone un inconveniente, ya que bastar\u00eda con limpiarla.<\/li>\n<\/ul>\n","protected":false},"featured_media":3727,"comment_status":"closed","ping_status":"closed","template":"","meta":{"_acf_changed":false},"product_brand":[287],"product_cat":[154,330,331],"product_tag":[],"class_list":{"0":"post-6102","1":"product","2":"type-product","3":"status-publish","4":"has-post-thumbnail","6":"product_brand-blackview","7":"product_cat-accesorios-blackview","8":"product_cat-accesorios-blackview-accesorios-para-moviles","9":"product_cat-accesorios-blackview-accesorios-para-tablets","11":"first","12":"instock","13":"sale","14":"shipping-taxable","15":"purchasable","16":"product-type-variable","17":"has-default-attributes"},"acf":[],"_links":{"self":[{"href":"https:\/\/blackviewphones.com\/es\/wp-json\/wp\/v2\/product\/6102","targetHints":{"allow":["GET"]}}],"collection":[{"href":"https:\/\/blackviewphones.com\/es\/wp-json\/wp\/v2\/product"}],"about":[{"href":"https:\/\/blackviewphones.com\/es\/wp-json\/wp\/v2\/types\/product"}],"replies":[{"embeddable":true,"href":"https:\/\/blackviewphones.com\/es\/wp-json\/wp\/v2\/comments?post=6102"}],"version-history":[{"count":0,"href":"https:\/\/blackviewphones.com\/es\/wp-json\/wp\/v2\/product\/6102\/revisions"}],"wp:featuredmedia":[{"embeddable":true,"href":"https:\/\/blackviewphones.com\/es\/wp-json\/wp\/v2\/media\/3727"}],"wp:attachment":[{"href":"https:\/\/blackviewphones.com\/es\/wp-json\/wp\/v2\/media?parent=6102"}],"wp:term":[{"taxonomy":"product_brand","embeddable":true,"href":"https:\/\/blackviewphones.com\/es\/wp-json\/wp\/v2\/product_brand?post=6102"},{"taxonomy":"product_cat","embeddable":true,"href":"https:\/\/blackviewphones.com\/es\/wp-json\/wp\/v2\/product_cat?post=6102"},{"taxonomy":"product_tag","embeddable":true,"href":"https:\/\/blackviewphones.com\/es\/wp-json\/wp\/v2\/product_tag?post=6102"}],"curies":[{"name":"wp","href":"https:\/\/api.w.org\/{rel}","templated":true}]}}