

{"id":5020,"date":"2025-01-17T16:43:41","date_gmt":"2025-01-17T15:43:41","guid":{"rendered":"https:\/\/blackviewphones.com\/?product=blackview-bv8200-36-gb-ram-256-gb-rom-ai-brillo-linterna-negro"},"modified":"2026-05-04T10:25:01","modified_gmt":"2026-05-04T08:25:01","slug":"blackview-bv8200-36-gb-ram-256-gb-rom-linterna","status":"publish","type":"product","link":"https:\/\/blackviewphones.com\/es\/product\/blackview-bv8200-36-gb-ram-256-gb-rom-linterna\/","title":{"rendered":"Blackview BV8200 | 36 GB (12GB+24GB) RAM 256 GB ROM"},"content":{"rendered":"<h1>Blackview BV8200 | 36 GB (12GB+24GB) RAM 256 GB ROM<\/h1>\n<p>Presentamos el\u00a0<strong>BV8200, un tel\u00e9fono robusto.<\/strong>\u00a0Dise\u00f1ado para resistir los entornos m\u00e1s desafiantes con linterna de hasta 170 l\u00famenes. Equipado con un potente procesador\u00a0<strong>MediaTek Helio G100<\/strong>\u00a0y\u00a0<strong>Android 14<\/strong>. Con\u00a0<strong>12 GB<\/strong>\u00a0<strong>de RAM<\/strong>\u00a0hasta\u00a0<strong>24\u00a0GB<\/strong><strong>\u00a0m\u00e1s<\/strong>\u00a0de expansi\u00f3n, este dispositivo te brinda un rendimiento r\u00e1pido y fluido en todas tus tareas. Con una capacidad de almacenamiento interno de\u00a0<strong>256 GB<\/strong>\u00a0y la posibilidad de ampliarlo hasta un 2 TB adicional mediante una tarjeta microSD, tendr\u00e1s espacio m\u00e1s que suficiente para almacenar tus archivos, aplicaciones y medios.<\/p>\n<p>Su doble pantalla\u00a0<strong>CORNING \u00ae GORILLA \u00ae GLASS 5, l<\/strong>a frontal\u00a06.5 pulgadas,\u00a0<strong>120 Hz<\/strong>, ofrece una experiencia visual inmersiva y vibrante, mientras que su bater\u00eda de larga duraci\u00f3n de\u00a0<strong>8800 mAh<\/strong>\u00a0te permite disfrutar de un uso prolongado sin preocuparte por quedarte sin energ\u00eda. Asimismo, cuenta con una pantalla trasera de 1,3\u2033 y 60 Hz.<\/p>\n<p>El BV8200 cuenta con una c\u00e1mara trasera\u00a0<strong>50MP Samsung\u00ae ISOCELL GN5<\/strong>, que te permite capturar im\u00e1genes y videos de alta calidad incluso en condiciones de poca luz. Adem\u00e1s, su c\u00e1mara frontal de 32 MPx es perfecta para tomar selfies impresionantes e incorpora un AI Photo Editor.<\/p>\n<p>Adicionalmente, cuenta con un potente rendimiento y capacidad de almacenamiento. El BV8200, posee\u00a0<strong>certificaciones IP68 e IP69K<\/strong>, lo que significa que es resistente al agua dulce y al polvo. Tambi\u00e9n cumple con los est\u00e1ndares militares\u00a0<strong>MIL-STD-810H<\/strong>, lo que garantiza su resistencia a condiciones extremas como ca\u00eddas, vibraciones y temperaturas extremas.<\/p>\n<h2><span style=\"font-size: 16px;\">No dejes pasar la oportunidad de adquirir el BV8200, un tel\u00e9fono resistente y confiable que te acompa\u00f1ar\u00e1 en tus aventuras m\u00e1s extremas. Experimenta un rendimiento excepcional, una duraci\u00f3n de bater\u00eda, linterna potente y una calidad de c\u00e1mara sobresaliente. \u00a1Prep\u00e1rate para llevar tu experiencia m\u00f3vil al siguiente nivel con el BV8200 de Blackview!<\/span><\/h2>\n<h3>IP68: LO QUE PUEDES Y NO PUEDES HACER<\/h3>\n<p>Si un dispositivo tiene certificaci\u00f3n IP68, significa que puede ser sumergido en\u00a0<strong>agua dulce<\/strong>\u00a0<strong>a profundidades de hasta un metro durante un m\u00e1ximo de 30 minutos, siempre que se mantengan las protecciones del terminal con su debida estanqueidad.<\/strong><\/p>\n<p><strong>Te dejamos unos consejos<\/strong>\u00a0<strong>para cualquier terminal con la certificaci\u00f3n IP68<\/strong>:<\/p>\n<ul>\n<li>No expongas el smartphone con IP68 a corrientes de agua, tales como el agua del grifo, las olas del mar o cascadas.<\/li>\n<li>Adem\u00e1s, si el smartphone con IP68 ha sido expuesto a agua dulce, secar con cuidado con un pa\u00f1o limpio y suave.<\/li>\n<li>Si el smartphone con IP68 ha sido expuesto a cualquier tipo de l\u00edquido que no sea agua dulce (como por ejemplo agua de mar) , lavar inmediatamente el terminal con agua dulce de forma suave, y secar con cuidado con un pa\u00f1o suave y limpio.<\/li>\n<li>Ante cualquier duda de que las protecciones est\u00e9n bien cerradas.\u00a0<strong>No\u00a0<\/strong>lo mojes.<\/li>\n<li>Evitar realizar pruebas agresivas para mostrar su resistencia<\/li>\n<li>No es conveniente manipular los botones del dispositivo dentro del agua<\/li>\n<li>Se recomienda NO mojar el dispositivo en agua salada, ya que la certificaci\u00f3n IP solo aplica en agua dulce.<\/li>\n<\/ul>\n","protected":false},"excerpt":{"rendered":"<p>M\u00f3vil resistente con NFC<\/p>\n<p>MediaTek Helio G100<\/p>\n<p>12GB+24GB RAM 256 GB ROM<\/p>\n<p>Android 14 | Linterna 170 LM<\/p>\n<p>174.6*81.1*16.5 mm<\/p>\n<p>Pantalla 6.5\u2033 500 Nits<\/p>\n<p>8800 mAh Peso 370 g<\/p>\n<div id=\"gtx-trans\" style=\"position: absolute; left: 675px; top: 276.99px;\">\n<div class=\"gtx-trans-icon\"><\/div>\n<\/div>\n","protected":false},"featured_media":12571,"comment_status":"open","ping_status":"closed","template":"","meta":{"_acf_changed":false},"product_brand":[287],"product_cat":[42,136,166,159],"product_tag":[298],"class_list":{"0":"post-5020","1":"product","2":"type-product","3":"status-publish","4":"has-post-thumbnail","6":"product_brand-blackview","7":"product_cat-moviles-blackview","8":"product_cat-moviles-resistentes-rugerizados","9":"product_cat-moviles-resistentes-rugerizados-nuevos-modelos","10":"product_cat-ofertas","11":"product_tag-linterna","13":"first","14":"instock","15":"sale","16":"shipping-taxable","17":"purchasable","18":"product-type-variable"},"acf":[],"_links":{"self":[{"href":"https:\/\/blackviewphones.com\/es\/wp-json\/wp\/v2\/product\/5020","targetHints":{"allow":["GET"]}}],"collection":[{"href":"https:\/\/blackviewphones.com\/es\/wp-json\/wp\/v2\/product"}],"about":[{"href":"https:\/\/blackviewphones.com\/es\/wp-json\/wp\/v2\/types\/product"}],"replies":[{"embeddable":true,"href":"https:\/\/blackviewphones.com\/es\/wp-json\/wp\/v2\/comments?post=5020"}],"version-history":[{"count":0,"href":"https:\/\/blackviewphones.com\/es\/wp-json\/wp\/v2\/product\/5020\/revisions"}],"wp:featuredmedia":[{"embeddable":true,"href":"https:\/\/blackviewphones.com\/es\/wp-json\/wp\/v2\/media\/12571"}],"wp:attachment":[{"href":"https:\/\/blackviewphones.com\/es\/wp-json\/wp\/v2\/media?parent=5020"}],"wp:term":[{"taxonomy":"product_brand","embeddable":true,"href":"https:\/\/blackviewphones.com\/es\/wp-json\/wp\/v2\/product_brand?post=5020"},{"taxonomy":"product_cat","embeddable":true,"href":"https:\/\/blackviewphones.com\/es\/wp-json\/wp\/v2\/product_cat?post=5020"},{"taxonomy":"product_tag","embeddable":true,"href":"https:\/\/blackviewphones.com\/es\/wp-json\/wp\/v2\/product_tag?post=5020"}],"curies":[{"name":"wp","href":"https:\/\/api.w.org\/{rel}","templated":true}]}}