

{"id":4845,"date":"2025-01-17T16:42:48","date_gmt":"2025-01-17T15:42:48","guid":{"rendered":"https:\/\/blackviewphones.com\/?product=blackview-bv4800-pro-nfc-12-gb-4gb8gb-ram-128-gb-rom-negro"},"modified":"2026-04-30T21:34:18","modified_gmt":"2026-04-30T19:34:18","slug":"blackview-bv4800-pro-4gb-ram-128gb-rom","status":"publish","type":"product","link":"https:\/\/blackviewphones.com\/es\/product\/blackview-bv4800-pro-4gb-ram-128gb-rom\/","title":{"rendered":"Blackview BV4800 Pro NFC | 12 GB (4GB+8GB) RAM + 128 GB ROM"},"content":{"rendered":"<h1>Blackview BV4800 Pro NFC | 12 GB (4GB+8GB) RAM + 128 GB ROM<\/h1>\n<p>Descubre el nuevo m\u00f3vil de Blackview, el BV4800 Pro NFC , un tel\u00e9fono m\u00f3vil ideal si buscas un dispositivo sencillo, econ\u00f3mico y resistente. Este smartphone cuenta con<strong> 4 GB <\/strong>de memoria<strong> RAM<\/strong> ampliable virtualmente hasta 12 GB junto a <strong>128 GB<\/strong> de <strong>ROM<\/strong> ampliable mediante tarjeta SD hasta 1 TB. Pantalla HD de <strong>6,56 pulgadas<\/strong>\u00a0bajo el sistema operativo <strong>Android 15 <\/strong>y una bater\u00eda de<strong> 5180 mAh.<\/strong><\/p>\n<h2><span style=\"font-size: 16px;\">IP68: LO QUE PUEDES Y NO PUEDES HACER<\/span><\/h2>\n<p>Si un dispositivo tiene certificaci\u00f3n IP68, significa que puede ser sumergido en <strong>agua dulce<\/strong>\u00a0<strong>a profundidades de hasta un metro durante un m\u00e1ximo de 30 minutos, siempre que se mantengan las protecciones del terminal con su debida estanqueidad.<\/strong><\/p>\n<p><strong>Te dejamos unos consejos<\/strong>\u00a0<strong>para cualquier terminal con la certificaci\u00f3n IP68<\/strong>:<\/p>\n<ul>\n<li>No expongas el smartphone con IP68 a corrientes de agua, tales como el agua del grifo, las olas del mar o cascadas.<\/li>\n<li>Si el smartphone con IP68 ha sido expuesto a agua dulce, secar con cuidado con un pa\u00f1o limpio y suave.<\/li>\n<li>Si el smartphone con IP68 ha sido expuesto a cualquier tipo de l\u00edquido que no sea agua dulce (como por ejemplo agua de mar) , lavar inmediatamente el terminal con agua dulce de forma suave, y secar con cuidado con un pa\u00f1o suave y limpio.<\/li>\n<li>Ante cualquier duda de que las protecciones est\u00e9n bien cerradas.\u00a0<strong>NO\u00a0<\/strong>lo mojes.<\/li>\n<li>No recomendamos realizar pruebas agresivas para mostrar su resistencia<\/li>\n<li>Adem\u00e1s no es conveniente manipular los botones del dispositivo dentro del agua<\/li>\n<li>No se recomienda mojar el dispositivo en agua salada, ya que la certificaci\u00f3n IP solo aplica en agua dulce.<\/li>\n<\/ul>\n","protected":false},"excerpt":{"rendered":"<p>UNISOC T6062<\/p>\n<p>4GB+8GB RAM 128 GB ROM<\/p>\n<p>Android 15<\/p>\n<p>174.7*81.5*13.5 mm<\/p>\n<p>Pantalla 6,56&#8243; Peso 285 gramos<\/p>\n<p>5180 mAh<\/p>\n<p>M\u00f3vil rugerizado con NFC<\/p>\n","protected":false},"featured_media":4839,"comment_status":"open","ping_status":"closed","template":"","meta":{"_acf_changed":false},"product_brand":[287],"product_cat":[42,136,166,159],"product_tag":[],"class_list":{"0":"post-4845","1":"product","2":"type-product","3":"status-publish","4":"has-post-thumbnail","6":"product_brand-blackview","7":"product_cat-moviles-blackview","8":"product_cat-moviles-resistentes-rugerizados","9":"product_cat-moviles-resistentes-rugerizados-nuevos-modelos","10":"product_cat-ofertas","12":"first","13":"instock","14":"sale","15":"shipping-taxable","16":"purchasable","17":"product-type-variable","18":"has-default-attributes"},"acf":[],"_links":{"self":[{"href":"https:\/\/blackviewphones.com\/es\/wp-json\/wp\/v2\/product\/4845","targetHints":{"allow":["GET"]}}],"collection":[{"href":"https:\/\/blackviewphones.com\/es\/wp-json\/wp\/v2\/product"}],"about":[{"href":"https:\/\/blackviewphones.com\/es\/wp-json\/wp\/v2\/types\/product"}],"replies":[{"embeddable":true,"href":"https:\/\/blackviewphones.com\/es\/wp-json\/wp\/v2\/comments?post=4845"}],"version-history":[{"count":0,"href":"https:\/\/blackviewphones.com\/es\/wp-json\/wp\/v2\/product\/4845\/revisions"}],"wp:featuredmedia":[{"embeddable":true,"href":"https:\/\/blackviewphones.com\/es\/wp-json\/wp\/v2\/media\/4839"}],"wp:attachment":[{"href":"https:\/\/blackviewphones.com\/es\/wp-json\/wp\/v2\/media?parent=4845"}],"wp:term":[{"taxonomy":"product_brand","embeddable":true,"href":"https:\/\/blackviewphones.com\/es\/wp-json\/wp\/v2\/product_brand?post=4845"},{"taxonomy":"product_cat","embeddable":true,"href":"https:\/\/blackviewphones.com\/es\/wp-json\/wp\/v2\/product_cat?post=4845"},{"taxonomy":"product_tag","embeddable":true,"href":"https:\/\/blackviewphones.com\/es\/wp-json\/wp\/v2\/product_tag?post=4845"}],"curies":[{"name":"wp","href":"https:\/\/api.w.org\/{rel}","templated":true}]}}