

{"id":4777,"date":"2025-01-17T16:42:26","date_gmt":"2025-01-17T15:42:26","guid":{"rendered":"https:\/\/blackviewphones.com\/?product=tablet-blackview-tab-9-wifi-18gb-6gb12gb-ram-256-gb-rom-gris"},"modified":"2026-04-15T15:20:43","modified_gmt":"2026-04-15T13:20:43","slug":"tablet-blackview-tab-9-wifi-18gb-ram-256gb-rom","status":"publish","type":"product","link":"https:\/\/blackviewphones.com\/es\/product\/tablet-blackview-tab-9-wifi-18gb-ram-256gb-rom\/","title":{"rendered":"Tablet Blackview Tab 9 Wifi | 18GB (6GB+12GB) RAM 256 GB ROM"},"content":{"rendered":"<h1>Tablet Blackview Tab 9 Wifi | 18GB (6GB+12GB) RAM 256 GB ROM<\/h1>\n<p>Descubre la nueva Tablet\u00a0<strong>Tab 9 Wifi\u00a0<\/strong>de la marca Blackview con 11\u2033 con un grosor de 9.1 mm, con una bater\u00eda de\u00a0<strong>8200 mAh<\/strong>\u00a0y con sistema operativo\u00a0<strong>Android 14.\u00a0<\/strong>Cuenta con un procesador UNISOC T606 Octa-Core 12 nm,\u00a0<strong>funci\u00f3n de modo PC<\/strong>\u00a0y un Antutu 260146.<\/p>\n<p><span data-spm-anchor-id=\"a2g0o.detail.1000023.i6.416912c6ea8IFf\">Tiene un elegante estilo moderno y<\/span><span data-spm-anchor-id=\"a2g0o.detail.1000023.i7.416912c6ea8IFf\">\u00a0pesa 512 gramos<\/span><strong>.<\/strong>\u00a0Cuenta adem\u00e1s con<strong>\u00a06 GB de RAM<\/strong>\u00a0<strong>expandible virtualmente hasta 18 GB<\/strong>\u00a0y\u00a0<strong>256 GB de ROM expandible hasta 1 TF<\/strong>, adem\u00e1s se puede adaptar teclado inal\u00e1mbrico para un mejor uso y es\u00a0<strong>compatible con Widevine L1.<\/strong><\/p>\n<p><strong>Dual Band WiFi 5<\/strong><\/p>\n<p>Tab 9 WiFi con WiFi 5 de doble banda integrada garantiza una conectividad m\u00e1s estable con una cobertura m\u00e1s amplia y una mejor penetraci\u00f3n de la se\u00f1al. Disfruta de la m\u00e1xima velocidad de descarga y carga de archivos, juegos, streaming de pel\u00edculas y conferencias fluidas.<\/p>\n<h2><strong style=\"font-size: 16px;\">Tablet de la marca Blackview, no es IP68, no se puede mojar ni golpear.<\/strong><\/h2>\n<p><strong>El teclado no est\u00e1 incluido.<\/strong><\/p>\n","protected":false},"excerpt":{"rendered":"<p>Potencia ligera para grandes ideas. Esta tablet de <strong data-start=\"715\" data-end=\"722\">11&#8243;<\/strong> con <strong data-start=\"727\" data-end=\"737\">WiFi 5<\/strong>, <strong data-start=\"739\" data-end=\"754\">Unisoc T606<\/strong> y hasta <strong data-start=\"763\" data-end=\"789\">18 GB de RAM combinada<\/strong> te ofrece una experiencia \u00e1gil y multidispositivo gracias al <strong data-start=\"851\" data-end=\"877\">Android 14 con Modo PC<\/strong>. Su bater\u00eda de <strong data-start=\"893\" data-end=\"905\">8200 mAh<\/strong>, compatibilidad con <strong data-start=\"926\" data-end=\"941\">Widevine L1<\/strong> y un dise\u00f1o estilizado de <strong data-start=\"968\" data-end=\"977\">512 g<\/strong> la convierten en la opci\u00f3n ideal para quienes buscan rendimiento, entretenimiento en alta calidad y movilidad sin l\u00edmites.<\/p>\n","protected":false},"featured_media":12933,"comment_status":"open","ping_status":"closed","template":"","meta":{"_acf_changed":false},"product_brand":[287],"product_cat":[349],"product_tag":[302],"class_list":{"0":"post-4777","1":"product","2":"type-product","3":"status-publish","4":"has-post-thumbnail","6":"product_brand-blackview","7":"product_cat-sin-categoria","8":"product_tag-wifi-5","10":"first","11":"outofstock","12":"sale","13":"shipping-taxable","14":"purchasable","15":"product-type-variable","16":"has-default-attributes"},"acf":[],"_links":{"self":[{"href":"https:\/\/blackviewphones.com\/es\/wp-json\/wp\/v2\/product\/4777","targetHints":{"allow":["GET"]}}],"collection":[{"href":"https:\/\/blackviewphones.com\/es\/wp-json\/wp\/v2\/product"}],"about":[{"href":"https:\/\/blackviewphones.com\/es\/wp-json\/wp\/v2\/types\/product"}],"replies":[{"embeddable":true,"href":"https:\/\/blackviewphones.com\/es\/wp-json\/wp\/v2\/comments?post=4777"}],"version-history":[{"count":0,"href":"https:\/\/blackviewphones.com\/es\/wp-json\/wp\/v2\/product\/4777\/revisions"}],"wp:featuredmedia":[{"embeddable":true,"href":"https:\/\/blackviewphones.com\/es\/wp-json\/wp\/v2\/media\/12933"}],"wp:attachment":[{"href":"https:\/\/blackviewphones.com\/es\/wp-json\/wp\/v2\/media?parent=4777"}],"wp:term":[{"taxonomy":"product_brand","embeddable":true,"href":"https:\/\/blackviewphones.com\/es\/wp-json\/wp\/v2\/product_brand?post=4777"},{"taxonomy":"product_cat","embeddable":true,"href":"https:\/\/blackviewphones.com\/es\/wp-json\/wp\/v2\/product_cat?post=4777"},{"taxonomy":"product_tag","embeddable":true,"href":"https:\/\/blackviewphones.com\/es\/wp-json\/wp\/v2\/product_tag?post=4777"}],"curies":[{"name":"wp","href":"https:\/\/api.w.org\/{rel}","templated":true}]}}