

{"id":4764,"date":"2025-01-17T16:42:23","date_gmt":"2025-01-17T15:42:23","guid":{"rendered":"https:\/\/blackviewphones.com\/?product=blackview-r50-smartwatch-negro"},"modified":"2026-05-10T15:05:29","modified_gmt":"2026-05-10T13:05:29","slug":"blackview-r50-smartwatch-negro","status":"publish","type":"product","link":"https:\/\/blackviewphones.com\/es\/product\/blackview-r50-smartwatch-negro\/","title":{"rendered":"Blackview R50 &#8211; Smartwatch"},"content":{"rendered":"<h1 data-start=\"159\" data-end=\"189\"><strong data-start=\"159\" data-end=\"189\">Blackview R50 \u2013 Smartwatch<\/strong><\/h1>\n<p data-start=\"340\" data-end=\"798\">Descubre el nuevo smartwatch de Blackview, el <strong data-start=\"386\" data-end=\"403\">Blackview R50<\/strong>, dise\u00f1ado para ayudarte a supervisar tu bienestar diario y con una autonom\u00eda destacada. Incluye una <strong data-start=\"504\" data-end=\"543\">correa de silicona suave y flexible<\/strong> que ofrece un uso c\u00f3modo durante todo el d\u00eda. Incorpora una <strong data-start=\"604\" data-end=\"625\">pantalla de 1,87\u201d<\/strong> con alta definici\u00f3n que facilita una visualizaci\u00f3n clara de llamadas entrantes, avisos y recordatorios, junto con una <strong data-start=\"744\" data-end=\"766\">bater\u00eda de 350 mAh<\/strong> pensada para un uso prolongado.<\/p>\n<h2 data-start=\"800\" data-end=\"839\">Contesta llamadas de forma sencilla<\/h2>\n<p data-start=\"841\" data-end=\"1078\">Este reloj inteligente integra <strong data-start=\"872\" data-end=\"907\">conectividad Bluetooth avanzada<\/strong>, permitiendo una vinculaci\u00f3n r\u00e1pida con tu smartphone. Podr\u00e1s <strong data-start=\"970\" data-end=\"1001\">aceptar o rechazar llamadas<\/strong> directamente desde la mu\u00f1eca mientras entrenas o realizas tareas dom\u00e9sticas.<\/p>\n<h2 data-start=\"1080\" data-end=\"1122\">Recibe avisos y consulta recordatorios<\/h2>\n<p data-start=\"1124\" data-end=\"1310\">Mant\u00e9n tu reloj sincronizado con el m\u00f3vil para recibir <strong data-start=\"1179\" data-end=\"1241\">alertas de llamadas, mensajes y notificaciones importantes<\/strong>, sin necesidad de sacar el tel\u00e9fono durante tus actividades diarias.<\/p>\n<h2 data-start=\"1312\" data-end=\"1371\">Supervisa la frecuencia card\u00edaca y el ox\u00edgeno en sangre<\/h2>\n<p data-start=\"1373\" data-end=\"1637\">Con el <strong data-start=\"1380\" data-end=\"1387\">R50<\/strong>, controla tus <strong data-start=\"1402\" data-end=\"1451\">valores de frecuencia card\u00edaca en tiempo real<\/strong> durante el ejercicio y cuida tu equilibrio f\u00edsico. El seguimiento de los <strong data-start=\"1525\" data-end=\"1557\">niveles de ox\u00edgeno en sangre<\/strong> te ayuda a comprender mejor el estado de tu cuerpo y tus h\u00e1bitos de movimiento.<\/p>\n<h2 data-start=\"1639\" data-end=\"1680\">Analiza el sue\u00f1o y valora su descanso<\/h2>\n<p data-start=\"1682\" data-end=\"2109\">Te ayuda a crear <strong data-start=\"1699\" data-end=\"1737\">rutinas de descanso m\u00e1s saludables<\/strong>, ya que un buen sue\u00f1o va de la mano de alarmas regulares y una correcta gesti\u00f3n del descanso. Tambi\u00e9n realiza un seguimiento del <strong data-start=\"1867\" data-end=\"1896\">nivel de estr\u00e9s emocional<\/strong>, ya que mantener un estado an\u00edmico estable favorece el bienestar y la calidad del sue\u00f1o. Incluye un <strong data-start=\"1997\" data-end=\"2028\">monitor de estr\u00e9s emocional<\/strong>, con indicadores de estado de \u00e1nimo, para ayudarte a mejorar tu descanso diario.<\/p>\n","protected":false},"excerpt":{"rendered":"<p>Descubre el nuevo smartwatch de Blackview, el <strong data-start=\"386\" data-end=\"403\">Blackview R50<\/strong>, dise\u00f1ado para ayudarte a supervisar tu bienestar diario y con una autonom\u00eda destacada. Incluye una <strong data-start=\"504\" data-end=\"543\">correa de silicona suave y flexible<\/strong> que ofrece un uso c\u00f3modo durante todo el d\u00eda. Incorpora una <strong data-start=\"604\" data-end=\"625\">pantalla de 1,87\u201d<\/strong> con alta definici\u00f3n que facilita una visualizaci\u00f3n clara de llamadas entrantes, avisos y recordatorios, junto con una <strong data-start=\"744\" data-end=\"766\">bater\u00eda de 350 mAh<\/strong> pensada para un uso prolongado.<\/p>\n","protected":false},"featured_media":4763,"comment_status":"open","ping_status":"closed","template":"","meta":{"_acf_changed":false},"product_brand":[287],"product_cat":[154,159,90],"product_tag":[],"class_list":{"0":"post-4764","1":"product","2":"type-product","3":"status-publish","4":"has-post-thumbnail","6":"product_brand-blackview","7":"product_cat-accesorios-blackview","8":"product_cat-ofertas","9":"product_cat-smartwatch","11":"first","12":"instock","13":"sale","14":"shipping-taxable","15":"purchasable","16":"product-type-variable","17":"has-default-attributes"},"acf":[],"_links":{"self":[{"href":"https:\/\/blackviewphones.com\/es\/wp-json\/wp\/v2\/product\/4764","targetHints":{"allow":["GET"]}}],"collection":[{"href":"https:\/\/blackviewphones.com\/es\/wp-json\/wp\/v2\/product"}],"about":[{"href":"https:\/\/blackviewphones.com\/es\/wp-json\/wp\/v2\/types\/product"}],"replies":[{"embeddable":true,"href":"https:\/\/blackviewphones.com\/es\/wp-json\/wp\/v2\/comments?post=4764"}],"version-history":[{"count":0,"href":"https:\/\/blackviewphones.com\/es\/wp-json\/wp\/v2\/product\/4764\/revisions"}],"wp:featuredmedia":[{"embeddable":true,"href":"https:\/\/blackviewphones.com\/es\/wp-json\/wp\/v2\/media\/4763"}],"wp:attachment":[{"href":"https:\/\/blackviewphones.com\/es\/wp-json\/wp\/v2\/media?parent=4764"}],"wp:term":[{"taxonomy":"product_brand","embeddable":true,"href":"https:\/\/blackviewphones.com\/es\/wp-json\/wp\/v2\/product_brand?post=4764"},{"taxonomy":"product_cat","embeddable":true,"href":"https:\/\/blackviewphones.com\/es\/wp-json\/wp\/v2\/product_cat?post=4764"},{"taxonomy":"product_tag","embeddable":true,"href":"https:\/\/blackviewphones.com\/es\/wp-json\/wp\/v2\/product_tag?post=4764"}],"curies":[{"name":"wp","href":"https:\/\/api.w.org\/{rel}","templated":true}]}}