

{"id":4703,"date":"2025-01-17T16:42:06","date_gmt":"2025-01-17T15:42:06","guid":{"rendered":"https:\/\/blackviewphones.com\/?product=teclado-inalambrico-blackview-negro-k2"},"modified":"2026-04-14T12:36:46","modified_gmt":"2026-04-14T10:36:46","slug":"teclado-inalambrico-blackview","status":"publish","type":"product","link":"https:\/\/blackviewphones.com\/es\/product\/teclado-inalambrico-blackview\/","title":{"rendered":"Teclado inal\u00e1mbrico Blackview"},"content":{"rendered":"<h1>Teclado inal\u00e1mbrico Blackview<\/h1>\n<h2>Modelo: K2 Ultradelgado<\/h2>\n<p>Versi\u00f3n de Bluetooth: Bluetooth 3,0<\/p>\n<p>Dise\u00f1o de 78 teclas\/6 filas de dise\u00f1o de disposici\u00f3n de tapa de tecla.<\/p>\n<p>Compatible con Windows, iOS y Android.<\/p>\n<p>Admite entrada de PC.<\/p>\n<p>Rango de trabajo: &lt; 10 metros<\/p>\n<p>Bater\u00edas recargables incorporadas.<\/p>\n","protected":false},"excerpt":{"rendered":"<p>Teclado inal\u00e1mbrico Blackview Modelo: K2 Ultradelgado Versi\u00f3n de Bluetooth: Bluetooth 3,0 Dise\u00f1o de 78 teclas\/6 filas de dise\u00f1o de disposici\u00f3n de tapa de tecla. Compatible con Windows, iOS y Android. Admite entrada de PC. Rango de trabajo: &lt; 10 metros Bater\u00edas recargables incorporadas.<\/p>\n","protected":false},"featured_media":13006,"comment_status":"open","ping_status":"closed","template":"","meta":{"_acf_changed":false},"product_brand":[287],"product_cat":[154],"product_tag":[],"class_list":{"0":"post-4703","1":"product","2":"type-product","3":"status-publish","4":"has-post-thumbnail","6":"product_brand-blackview","7":"product_cat-accesorios-blackview","9":"first","10":"instock","11":"sale","12":"shipping-taxable","13":"purchasable","14":"product-type-variable","15":"has-default-attributes"},"acf":[],"_links":{"self":[{"href":"https:\/\/blackviewphones.com\/es\/wp-json\/wp\/v2\/product\/4703","targetHints":{"allow":["GET"]}}],"collection":[{"href":"https:\/\/blackviewphones.com\/es\/wp-json\/wp\/v2\/product"}],"about":[{"href":"https:\/\/blackviewphones.com\/es\/wp-json\/wp\/v2\/types\/product"}],"replies":[{"embeddable":true,"href":"https:\/\/blackviewphones.com\/es\/wp-json\/wp\/v2\/comments?post=4703"}],"version-history":[{"count":0,"href":"https:\/\/blackviewphones.com\/es\/wp-json\/wp\/v2\/product\/4703\/revisions"}],"wp:featuredmedia":[{"embeddable":true,"href":"https:\/\/blackviewphones.com\/es\/wp-json\/wp\/v2\/media\/13006"}],"wp:attachment":[{"href":"https:\/\/blackviewphones.com\/es\/wp-json\/wp\/v2\/media?parent=4703"}],"wp:term":[{"taxonomy":"product_brand","embeddable":true,"href":"https:\/\/blackviewphones.com\/es\/wp-json\/wp\/v2\/product_brand?post=4703"},{"taxonomy":"product_cat","embeddable":true,"href":"https:\/\/blackviewphones.com\/es\/wp-json\/wp\/v2\/product_cat?post=4703"},{"taxonomy":"product_tag","embeddable":true,"href":"https:\/\/blackviewphones.com\/es\/wp-json\/wp\/v2\/product_tag?post=4703"}],"curies":[{"name":"wp","href":"https:\/\/api.w.org\/{rel}","templated":true}]}}