

{"id":4656,"date":"2025-01-17T16:41:53","date_gmt":"2025-01-17T15:41:53","guid":{"rendered":"https:\/\/blackviewphones.com\/?product=blackview-bl9000-pro-36-gb-ram-12gb-24-gb-512-gb-rom-negro"},"modified":"2026-04-13T15:14:38","modified_gmt":"2026-04-13T13:14:38","slug":"blackview-bl9000-pro-36gb-ram-512gb-rom","status":"publish","type":"product","link":"https:\/\/blackviewphones.com\/es\/product\/blackview-bl9000-pro-36gb-ram-512gb-rom\/","title":{"rendered":"Blackview BL9000 PRO (Reacondicionado) | 36 GB RAM 512 GB ROM"},"content":{"rendered":"<h1>Blackview BL9000 PRO 5G &#8211; C\u00e1mara T\u00e9rmica | 36 GB RAM (12GB + 24 GB) 512 GB ROM<\/h1>\n<p>Te presentamos el <strong>Blackview BL9000 Pro 5G<\/strong> con <strong>c\u00e1mara t\u00e9rmica <em>My Flir\u00ae Pro<\/em><\/strong>, llega al mercado con doble pantalla integrada. Cuenta con una capacidad de hasta <strong>36 GB de RAM y 512 GB de ROM<\/strong>, con el procesador de \u00faltima generaci\u00f3n MediaTek Dimensity 8020 (MT6891Z), lo que permitir\u00e1 manejar m\u00faltiples tareas al mismo tiempo y cambiar sin problemas entre aplicaciones. Adem\u00e1s, cuenta con una pantalla de 6,78&#8243; hasta 500 nits, una bater\u00eda de <strong>8800 mAh<\/strong> de <strong>carga r\u00e1pida 120 w<\/strong>, y con un sistema operativo Android 14.<\/p>\n<p>Tambi\u00e9n es un dispositivo que cuenta con <strong>Dual C\u00e1mara de 50MP (Samsung\u00ae ISOCELL GN5) y 13MP<\/strong> (120\u00b0 Ultra-wide &amp; up to 2cm Ultra-macro). Asimismo, una c\u00e1mara frontal de 50MP(SK Hynix 5022Q).\u00a0Dispositivo testado con certificaci\u00f3n IP68 e IP69K.<\/p>\n<p>Y si eres de los que prefiere el entretenimiento, este m\u00f3vil cuenta con la tecnolog\u00eda de juegos <strong>MediaTek HyperEngine Lite<\/strong> con motor lineal del eje X. Sum\u00e9rgete en una experiencia de juego \u00fanica con un motor lineal avanzado del eje X, que ofrece una respuesta h\u00e1ptica extraordinaria. Con Wifi de doble banda 6.<\/p>\n<h2><span style=\"font-size: 16px;\">IP68: LO QUE PUEDES Y NO PUEDES HACER<\/span><\/h2>\n<p>Si un dispositivo tiene certificaci\u00f3n IP68, significa que puede ser sumergido en <strong>agua dulce<\/strong>\u00a0<strong>a profundidades de hasta un metro durante un m\u00e1ximo de 30 minutos, siempre que se mantengan las protecciones del terminal con su debida estanqueidad.<\/strong><\/p>\n<p><strong>Te dejamos unos consejos<\/strong>\u00a0<strong>para cualquier terminal con la certificaci\u00f3n IP68<\/strong>:<\/p>\n<ul>\n<li>No expongas el smartphone con IP68 a corrientes de agua, tales como el agua del grifo, las olas del mar o cascadas.<\/li>\n<li>Si el smartphone con IP68 ha sido expuesto a agua dulce, secar con cuidado con un pa\u00f1o limpio y suave.<\/li>\n<li>Si el smartphone con IP68 ha sido expuesto a cualquier tipo de l\u00edquido que no sea agua dulce (como por ejemplo agua de mar) , lavar inmediatamente el terminal con agua dulce de forma suave, y secar con cuidado con un pa\u00f1o suave y limpio.<\/li>\n<li>Ante cualquier duda de que las protecciones est\u00e9n bien cerradas.\u00a0<strong>NO <\/strong>lo mojes.<\/li>\n<li>No recomendamos realizar pruebas agresivas para mostrar su resistencia<\/li>\n<li>No es conveniente manipular los botones del dispositivo dentro del agua<\/li>\n<li>No se recomienda mojar el dispositivo en agua salada, ya que la certificaci\u00f3n IP solo aplica en agua dulce.<\/li>\n<\/ul>\n","protected":false},"excerpt":{"rendered":"<p><strong>M\u00f3vil resistente con NFC (Reacondicionado)<\/strong><\/p>\n","protected":false},"featured_media":8357,"comment_status":"open","ping_status":"closed","template":"","meta":{"_acf_changed":false},"product_brand":[287],"product_cat":[42,136,159],"product_tag":[184],"class_list":{"0":"post-4656","1":"product","2":"type-product","3":"status-publish","4":"has-post-thumbnail","6":"product_brand-blackview","7":"product_cat-moviles-blackview","8":"product_cat-moviles-resistentes-rugerizados","9":"product_cat-ofertas","10":"product_tag-camara-termica","12":"first","13":"instock","14":"sale","15":"shipping-taxable","16":"purchasable","17":"product-type-variable","18":"has-default-attributes"},"acf":[],"_links":{"self":[{"href":"https:\/\/blackviewphones.com\/es\/wp-json\/wp\/v2\/product\/4656","targetHints":{"allow":["GET"]}}],"collection":[{"href":"https:\/\/blackviewphones.com\/es\/wp-json\/wp\/v2\/product"}],"about":[{"href":"https:\/\/blackviewphones.com\/es\/wp-json\/wp\/v2\/types\/product"}],"replies":[{"embeddable":true,"href":"https:\/\/blackviewphones.com\/es\/wp-json\/wp\/v2\/comments?post=4656"}],"version-history":[{"count":0,"href":"https:\/\/blackviewphones.com\/es\/wp-json\/wp\/v2\/product\/4656\/revisions"}],"wp:featuredmedia":[{"embeddable":true,"href":"https:\/\/blackviewphones.com\/es\/wp-json\/wp\/v2\/media\/8357"}],"wp:attachment":[{"href":"https:\/\/blackviewphones.com\/es\/wp-json\/wp\/v2\/media?parent=4656"}],"wp:term":[{"taxonomy":"product_brand","embeddable":true,"href":"https:\/\/blackviewphones.com\/es\/wp-json\/wp\/v2\/product_brand?post=4656"},{"taxonomy":"product_cat","embeddable":true,"href":"https:\/\/blackviewphones.com\/es\/wp-json\/wp\/v2\/product_cat?post=4656"},{"taxonomy":"product_tag","embeddable":true,"href":"https:\/\/blackviewphones.com\/es\/wp-json\/wp\/v2\/product_tag?post=4656"}],"curies":[{"name":"wp","href":"https:\/\/api.w.org\/{rel}","templated":true}]}}