

{"id":13731,"date":"2026-04-29T12:40:50","date_gmt":"2026-04-29T10:40:50","guid":{"rendered":"https:\/\/blackviewphones.com\/?post_type=product&#038;p=13731"},"modified":"2026-04-29T12:56:07","modified_gmt":"2026-04-29T10:56:07","slug":"blackview-airbuds-16","status":"publish","type":"product","link":"https:\/\/blackviewphones.com\/es\/product\/blackview-airbuds-16\/","title":{"rendered":"Blackview Airbuds 16: Auriculares ligeros Bluetooth 6.0"},"content":{"rendered":"<h1>Blackview Airbuds 16: Auriculares inal\u00e1mbricos ultraligeros Bluetooth 6.0<\/h1>\n<p><span style=\"color: #ff0000;\"><b>ENV\u00cdOS A PARTIR DEL 12\/05\/2026 <\/b><\/span><\/p>\n<p><span style=\"color: #ff0000;\"><b>PRECIO ESPECIAL DE RESERVA POR LANZAMIENTO. NO DISPONIBLE PARA ENV\u00cdOS ANTES DE LA FECHA INDICADA CON NING\u00daN M\u00c9TODO DE ENV\u00cdO<\/b><\/span><\/p>\n<h2 data-path-to-node=\"8\"><b data-path-to-node=\"8\" data-index-in-node=\"0\">AirBuds 16: Sonido de alta definici\u00f3n y m\u00e1xima comodidad<\/b><\/h2>\n<p data-path-to-node=\"9\">Descubre una nueva forma de disfrutar tu m\u00fasica con los <b data-path-to-node=\"9\" data-index-in-node=\"55\">AirBuds 16<\/b>. Pensados para usuarios que valoran tanto la calidad como la comodidad, estos auriculares TWS (True Wireless Stereo) destacan por su dise\u00f1o ultraligero; con solo <b data-path-to-node=\"9\" data-index-in-node=\"209\">2.8 gramos<\/b> por unidad, apenas notar\u00e1s que los llevas puestos incluso tras largas sesiones de uso. Integran el chip <b data-path-to-node=\"9\" data-index-in-node=\"303\">Bluetrum 5656C3<\/b> junto con la \u00faltima tecnolog\u00eda de <b data-path-to-node=\"9\" data-index-in-node=\"342\">Bluetooth 6.0<\/b>, garantizando una conexi\u00f3n estable, r\u00e1pida y sin interrupciones.<\/p>\n<p data-path-to-node=\"10\"><b data-path-to-node=\"10\" data-index-in-node=\"0\">Sonido claro y autonom\u00eda optimizada<\/b> Gracias a la compatibilidad con c\u00f3decs <b data-path-to-node=\"10\" data-index-in-node=\"71\">AAC y SBC<\/b>, los AirBuds 16 ofrecen una experiencia de audio equilibrada, con graves potentes y agudos definidos. Disfruta de hasta <b data-path-to-node=\"10\" data-index-in-node=\"184\">6 horas de reproducci\u00f3n musical<\/b> con una sola carga (al 70% de volumen), y ampl\u00eda su uso con el estuche de carga de <b data-path-to-node=\"10\" data-index-in-node=\"316\">320 mAh<\/b>, que permite una recarga completa en aproximadamente 90 minutos mediante USB-C.<\/p>\n<p data-path-to-node=\"11\"><b data-path-to-node=\"11\" data-index-in-node=\"0\">Dise\u00f1o pr\u00e1ctico pensado para el uso diario<\/b> Su estructura ergon\u00f3mica tipo \u00absoft pack\u00bb garantiza una sujeci\u00f3n c\u00f3moda y segura, perfecta para entrenamientos o desplazamientos. Con un alcance de conexi\u00f3n superior a <b data-path-to-node=\"11\" data-index-in-node=\"195\">10 metros<\/b> y una eficiencia energ\u00e9tica que proporciona hasta <b data-path-to-node=\"11\" data-index-in-node=\"267\">60 horas en modo espera<\/b>, los AirBuds 16 est\u00e1n dise\u00f1ados para acompa\u00f1arte todo el d\u00eda con estilo en versiones blanco o negro.<\/p>\n<h2>Caracter\u00edsticas de los Blackview AirBuds 16<\/h2>\n<table width=\"790\">\n<tbody>\n<tr>\n<td>\n<h3 id=\"sec-design\" class=\"k-h3\">Caracter\u00edsticas Generales<\/h3>\n<\/td>\n<\/tr>\n<tr>\n<td><strong>Modelo:<\/strong><\/td>\n<td>AirBuds 16<\/td>\n<\/tr>\n<tr>\n<td><strong>Tecnolog\u00eda:<\/strong><br \/>\n<strong>Chipset:<\/strong><\/td>\n<td>Bluetooth V6.0<br \/>\nBluetrum 5656C3 | IC CMT2806<\/td>\n<\/tr>\n<tr>\n<td><strong>C\u00f3decs de Audio:<\/strong><\/td>\n<td>AAC \/ SBC<\/td>\n<\/tr>\n<tr>\n<td><strong>Tipo:<\/strong><\/td>\n<td>Auriculares inal\u00e1mbricos TWS<\/td>\n<\/tr>\n<tr>\n<td><strong>Dimensiones:<\/strong><\/td>\n<td>Earbud: 21.25 \u00d7 16.8 \u00d7 18.26 mm | Estuche: 65.97 \u00d7 37.79 \u00d7 26.38 mm<\/td>\n<\/tr>\n<tr>\n<td><strong>Peso:<\/strong><\/td>\n<td>Earbud: 2.8g | Estuche (sin earbuds): 30.97g<\/td>\n<\/tr>\n<tr>\n<td><strong>Conectividad:<\/strong><\/td>\n<td>Bluetooth 6.0 (Rango &gt;10 metros)<\/td>\n<\/tr>\n<tr>\n<td><strong>Colores:<\/strong><\/td>\n<td>Negro<\/td>\n<\/tr>\n<tr>\n<td>\n<h3>Capacidad y Autonom\u00eda<\/h3>\n<\/td>\n<\/tr>\n<tr>\n<td><strong>Bater\u00eda Earbuds:<\/strong><\/td>\n<td>35 mAh (Polymer lithium-ion)<\/td>\n<\/tr>\n<tr>\n<td><strong>Bater\u00eda Estuche:<\/strong><\/td>\n<td>320 mAh (Polymer lithium-ion)<\/td>\n<\/tr>\n<tr>\n<td><strong>Tiempo de reproducci\u00f3n:<\/strong><\/td>\n<td>6.0 horas (al 70% de volumen)<\/td>\n<\/tr>\n<tr>\n<td><strong>Tiempo en espera:<\/strong><\/td>\n<td>60 horas (conectado)<\/td>\n<\/tr>\n<tr>\n<td>\n<h3>Carga<\/h3>\n<\/td>\n<\/tr>\n<tr>\n<td><strong>Tiempo de carga Earbud:<\/strong><\/td>\n<td>1.6 horas<\/td>\n<\/tr>\n<tr>\n<td><strong>Tiempo de carga Estuche:<\/strong><\/td>\n<td>Aprox. 2 horas (v\u00eda cable)<\/td>\n<\/tr>\n<tr>\n<td>\n<h3>Otras caracter\u00edsticas<\/h3>\n<\/td>\n<td>\n<ul>\n<li>Conexi\u00f3n ultra estable con Bluetooth 6.0<\/li>\n<li>Dise\u00f1o ergon\u00f3mico ultraligero (2.8g por auricular)<\/li>\n<li>Audio de alta fidelidad con c\u00f3dec AAC<\/li>\n<li>Control t\u00e1ctil inteligente<\/li>\n<li>Estuche compacto y f\u00e1cil de transportar<\/li>\n<li>Compatibilidad con iOS y Android<\/li>\n<\/ul>\n<\/td>\n<\/tr>\n<tr>\n<td><strong>Puerto de carga<\/strong><\/td>\n<td>USB Type-C<\/td>\n<\/tr>\n<tr>\n<td><strong>Speaker<\/strong><\/td>\n<td>Controladores din\u00e1micos optimizados<\/td>\n<\/tr>\n<tr>\n<td>\n<h3>Contenido del paquete<\/h3>\n<\/td>\n<td><b>Blackview AirBuds 16<\/b><br \/>\n<strong>Estuche de carga<\/strong><br \/>\n<strong>Cable de carga USB-C<\/strong><br \/>\n<strong>Manual de usuario<\/strong><\/td>\n<\/tr>\n<\/tbody>\n<\/table>\n<div class=\"group_14 flex-row\">\n<h2><strong>Gu\u00eda de uso:<\/strong><\/h2>\n<ul>\n<li><strong>Un toque (izquierdo o derecho):<\/strong> Reproducir \/ Pausar m\u00fasica<\/li>\n<li><strong>Doble toque (L\/R):<\/strong> Responder \/ finalizar llamada<\/li>\n<li><strong>Triple toque izquierdo:<\/strong> Canci\u00f3n anterior<\/li>\n<li><strong>Triple toque derecho:<\/strong> Canci\u00f3n siguiente<\/li>\n<li><strong>Mantener pulsado 2 segundos:<\/strong> Rechazar llamada<\/li>\n<li><strong>Cu\u00e1druple toque (cualquiera):<\/strong> Activar \/ desactivar modo juego<\/li>\n<li><strong>Pulsaci\u00f3n larga durante llamada:<\/strong> Activar micr\u00f3fono del tel\u00e9fono<\/li>\n<\/ul>\n<\/div>\n","protected":false},"excerpt":{"rendered":"<p><span style=\"color: #ff0000;\"><b>ENVIOS A PARTIR DEL 12\/05\/2026<\/b><\/span><\/p>\n<p><span style=\"color: #ff0000;\"><b>PRECIO ESPECIAL DE RESERVA POR LANZAMIENTO. NO DISPONIBLE PARA ENV\u00cdOS ANTES DE LA FECHA INDICADA CON NING\u00daN M\u00c9TODO DE ENV\u00cdO<\/b><\/span><\/p>\n<p><b data-path-to-node=\"6\" data-index-in-node=\"0\">Libertad inal\u00e1mbrica con tecnolog\u00eda de vanguardia.<\/b> Los nuevos <b data-path-to-node=\"6\" data-index-in-node=\"62\">AirBuds 16<\/b> incorporan el avanzado est\u00e1ndar <b data-path-to-node=\"6\" data-index-in-node=\"105\">Bluetooth 6.0<\/b> para una conexi\u00f3n impecable y sin latencia. Con un peso pluma de solo <b data-path-to-node=\"6\" data-index-in-node=\"189\">2.8g por auricular<\/b> y una autonom\u00eda de hasta <b data-path-to-node=\"6\" data-index-in-node=\"233\">6 horas<\/b> de reproducci\u00f3n continua, son el compa\u00f1ero ideal para tu m\u00fasica y llamadas diarias. Calidad de sonido <b data-path-to-node=\"6\" data-index-in-node=\"343\">AAC<\/b> y un dise\u00f1o minimalista que cabe en cualquier bolsillo.<\/p>\n","protected":false},"featured_media":13735,"comment_status":"open","ping_status":"closed","template":"","meta":{"_acf_changed":false},"product_brand":[287],"product_cat":[154,156,159,339,338],"product_tag":[],"class_list":{"0":"post-13731","1":"product","2":"type-product","3":"status-publish","4":"has-post-thumbnail","6":"product_brand-blackview","7":"product_cat-accesorios-blackview","8":"product_cat-accesorios-blackview-auriculares","9":"product_cat-ofertas","10":"product_cat-otros-productos","11":"product_cat-productos","13":"first","14":"instock","15":"sale","16":"shipping-taxable","17":"purchasable","18":"product-type-variable","19":"has-default-attributes"},"acf":[],"_links":{"self":[{"href":"https:\/\/blackviewphones.com\/es\/wp-json\/wp\/v2\/product\/13731","targetHints":{"allow":["GET"]}}],"collection":[{"href":"https:\/\/blackviewphones.com\/es\/wp-json\/wp\/v2\/product"}],"about":[{"href":"https:\/\/blackviewphones.com\/es\/wp-json\/wp\/v2\/types\/product"}],"replies":[{"embeddable":true,"href":"https:\/\/blackviewphones.com\/es\/wp-json\/wp\/v2\/comments?post=13731"}],"version-history":[{"count":3,"href":"https:\/\/blackviewphones.com\/es\/wp-json\/wp\/v2\/product\/13731\/revisions"}],"predecessor-version":[{"id":13741,"href":"https:\/\/blackviewphones.com\/es\/wp-json\/wp\/v2\/product\/13731\/revisions\/13741"}],"wp:featuredmedia":[{"embeddable":true,"href":"https:\/\/blackviewphones.com\/es\/wp-json\/wp\/v2\/media\/13735"}],"wp:attachment":[{"href":"https:\/\/blackviewphones.com\/es\/wp-json\/wp\/v2\/media?parent=13731"}],"wp:term":[{"taxonomy":"product_brand","embeddable":true,"href":"https:\/\/blackviewphones.com\/es\/wp-json\/wp\/v2\/product_brand?post=13731"},{"taxonomy":"product_cat","embeddable":true,"href":"https:\/\/blackviewphones.com\/es\/wp-json\/wp\/v2\/product_cat?post=13731"},{"taxonomy":"product_tag","embeddable":true,"href":"https:\/\/blackviewphones.com\/es\/wp-json\/wp\/v2\/product_tag?post=13731"}],"curies":[{"name":"wp","href":"https:\/\/api.w.org\/{rel}","templated":true}]}}