

{"id":12841,"date":"2026-03-25T15:36:55","date_gmt":"2026-03-25T14:36:55","guid":{"rendered":"https:\/\/blackviewphones.com\/?post_type=product&#038;p=12841"},"modified":"2026-05-06T10:54:26","modified_gmt":"2026-05-06T08:54:26","slug":"blackview-fort-200-108-mpx-camara-y-carga-inalambrica","status":"publish","type":"product","link":"https:\/\/blackviewphones.com\/es\/product\/blackview-fort-200-108-mpx-camara-y-carga-inalambrica\/","title":{"rendered":"Blackview FORT 200 108 Mpx C\u00e1mara y Carga inal\u00e1mbrica"},"content":{"rendered":"<h1 class=\"product_title entry-title\">Blackview FORT 200 108 Mpx C\u00e1mara y Carga inal\u00e1mbrica<\/h1>\n<p data-start=\"666\" data-end=\"976\"><strong>El Rugged m\u00e1s avanzado de la serie FORT de Blackview<\/strong><\/p>\n<p data-start=\"666\" data-end=\"976\">El nuevo FORT 200 es un m\u00f3vil resistente con peso ligero que te permitir\u00e1 llevarlo a todas partes con comodidad. Cuenta con un dise\u00f1o moderno y con una<strong> c\u00e1mara principal de 108 Mpx Samsung\u00ae HM6<\/strong>, finci\u00f3n de\u00a0<strong>control remoto<\/strong> de infrarrojo para que puedas controlar tus dispositivos desde la comodidad de tu sof\u00e1.<\/p>\n<p data-start=\"978\" data-end=\"1222\">Con <strong>5 000 mAh<\/strong> de bater\u00eda y con <strong>carga inal\u00e1mbrica<\/strong>, c\u00e1maras de alta resoluci\u00f3n <strong>50 MP frontal Samsung\u00ae JN1 AI<\/strong> y soporte 4G. Por lo tanto, es un dispositivo pensado para durar, rendir y adaptarse a condiciones extremas. Un aut\u00e9ntico \u201ctodo-terreno\u201d para profesionales y aventureros.<\/p>\n<p><strong>\ud83d\udcfa Pantalla grande de 6.78\u2033 120Hz<\/strong><\/p>\n<p>Su pantalla de 6.78 pulgadas con tasa de refresco de 120Hz ofrece una experiencia visual fluida, ideal para trabajo, navegaci\u00f3n y multimedia.<\/p>\n<p><strong>\u2728 Dise\u00f1o premium rugged<\/strong><\/p>\n<p>El FORT 200 combina resistencia extrema con un dise\u00f1o moderno inspirado en smartphones de gama alta, ofreciendo una est\u00e9tica robusta pero elegante.<\/p>\n<h3><b>IP68: LO QUE PUEDES Y NO PUEDES HACER<\/b><\/h3>\n<p><span style=\"font-weight: 400;\">Si un dispositivo tiene certificaci\u00f3n IP68, significa que puede ser sumergido en <\/span><b>agua dulce<\/b> <b>a profundidades de hasta un metro durante un m\u00e1ximo de 30 minutos, siempre que se mantengan las protecciones del terminal con su debida estanqueidad.<\/b><\/p>\n<p><b>Te dejamos unos consejos<\/b> <b>para cualquier terminal con la certificaci\u00f3n IP68<\/b><span style=\"font-weight: 400;\">:<\/span><\/p>\n<ul>\n<li style=\"font-weight: 400;\" aria-level=\"1\"><span style=\"font-weight: 400;\">No expongas el smartphone con IP68 a corrientes de agua, tales como el agua del grifo, las olas del mar o cascadas.<\/span><\/li>\n<li style=\"font-weight: 400;\" aria-level=\"1\"><span style=\"font-weight: 400;\">Adem\u00e1s, si el smartphone con IP68 ha sido expuesto a agua dulce, secar con cuidado con un pa\u00f1o limpio y suave.<\/span><\/li>\n<li style=\"font-weight: 400;\" aria-level=\"1\"><span style=\"font-weight: 400;\">Si el smartphone con IP68 ha sido expuesto a cualquier tipo de l\u00edquido que no sea agua dulce (como por ejemplo agua de mar) , lavar inmediatamente el terminal con agua dulce de forma suave, y secar con cuidado con un pa\u00f1o suave y limpio.<\/span><\/li>\n<li style=\"font-weight: 400;\" aria-level=\"1\"><span style=\"font-weight: 400;\">Ante cualquier duda de que las protecciones est\u00e9n bien cerradas. <\/span><b>No <\/b><span style=\"font-weight: 400;\">lo mojes.<\/span><\/li>\n<li style=\"font-weight: 400;\" aria-level=\"1\"><span style=\"font-weight: 400;\">Evitar realizar pruebas agresivas para mostrar su resistencia<\/span><\/li>\n<li style=\"font-weight: 400;\" aria-level=\"1\"><span style=\"font-weight: 400;\">No es conveniente manipular los botones del dispositivo dentro del agua<\/span><\/li>\n<li style=\"font-weight: 400;\" aria-level=\"1\"><span style=\"font-weight: 400;\">Se recomienda NO mojar el dispositivo en agua salada, ya que la certificaci\u00f3n IP solo aplica en agua dulce.<\/span><\/li>\n<\/ul>\n<p><strong>IP69K + MIL-STD-810H: LO QUE PUEDES Y NO PUEDES HACER<\/strong><\/p>\n<p>Un dispositivo con certificaci\u00f3n IP69K y pruebas superadas seg\u00fan el est\u00e1ndar militar MIL-STD-810H ofrece un nivel de resistencia superior tanto frente a agua a alta presi\u00f3n, polvo, como frente a golpes, vibraciones y temperaturas extremas.<\/p>\n<p><strong>Este est\u00e1ndar militar estadounidense eval\u00faa el comportamiento del dispositivo en situaciones reales de uso exigente, aunque no garantiza indestructibilidad. Te dejamos unos consejos para cualquier terminal con IP69K y MIL-STD-810H:<\/strong><\/p>\n<ul>\n<li>No asumas que el est\u00e1ndar militar permite impactos extremos o ca\u00eddas desde cualquier altura. El terminal es resistente, pero no irrompible.<\/li>\n<li>Evita exponer el smartphone a presiones, temperaturas o fuerzas m\u00e1s all\u00e1 de los l\u00edmites indicados por el fabricante.<\/li>\n<li>Aunque pueda soportar agua a alta presi\u00f3n, no lo sumerjas prolongadamente ni manipules botones bajo el agua o durante chorros directos.<\/li>\n<li>Si el terminal ha estado en contacto con agua dulce, s\u00e9calo cuidadosamente con un pa\u00f1o suave.<\/li>\n<li>Si ha estado expuesto a agua salada, barro, qu\u00edmicos o cualquier l\u00edquido distinto al agua dulce, enju\u00e1galo con suavidad usando agua dulce y luego s\u00e9calo por completo.<\/li>\n<li>No realices pruebas extremas con fuego, impactos deliberados o ca\u00eddas innecesarias solo para demostrar resistencia.<\/li>\n<li>Aseg\u00farate de que todas las tapas, protecciones o juntas est\u00e9n completamente cerradas antes de exponer el dispositivo a polvo, presi\u00f3n o humedad.<\/li>\n<li>Aunque soporte vibraciones y temperaturas exigentes, evita usarlo de forma prolongada en maquinaria pesada que exceda los rangos certificados.<\/li>\n<\/ul>\n","protected":false},"excerpt":{"rendered":"<p data-start=\"1124\" data-end=\"1311\">El <strong data-start=\"1127\" data-end=\"1149\">Blackview FORT 200<\/strong> es el rugged m\u00e1s avanzado de la serie FORT, destacando por su <strong data-start=\"1212\" data-end=\"1251\">c\u00e1mara de 108MP y carga inal\u00e1mbrica 15w<\/strong>, dos caracter\u00edsticas poco comunes en m\u00f3viles resistentes.<\/p>\n<p data-start=\"1313\" data-end=\"1450\">Con <strong data-start=\"1317\" data-end=\"1379\">6GB\/12GB de RAM ampliable virtualmente hasta 24GB\/48GB, 256GB de almacenamiento y bater\u00eda de 5 000 mAh<\/strong>, ofrece potencia, autonom\u00eda y tecnolog\u00eda premium en cualquier entorno.<\/p>\n","protected":false},"featured_media":13627,"comment_status":"open","ping_status":"closed","template":"","meta":{"_acf_changed":false},"product_brand":[287],"product_cat":[42,136,159],"product_tag":[364],"class_list":{"0":"post-12841","1":"product","2":"type-product","3":"status-publish","4":"has-post-thumbnail","6":"product_brand-blackview","7":"product_cat-moviles-blackview","8":"product_cat-moviles-resistentes-rugerizados","9":"product_cat-ofertas","10":"product_tag-fort-5","12":"first","13":"instock","14":"sale","15":"shipping-taxable","16":"purchasable","17":"product-type-variable","18":"has-default-attributes"},"acf":[],"_links":{"self":[{"href":"https:\/\/blackviewphones.com\/es\/wp-json\/wp\/v2\/product\/12841","targetHints":{"allow":["GET"]}}],"collection":[{"href":"https:\/\/blackviewphones.com\/es\/wp-json\/wp\/v2\/product"}],"about":[{"href":"https:\/\/blackviewphones.com\/es\/wp-json\/wp\/v2\/types\/product"}],"replies":[{"embeddable":true,"href":"https:\/\/blackviewphones.com\/es\/wp-json\/wp\/v2\/comments?post=12841"}],"version-history":[{"count":2,"href":"https:\/\/blackviewphones.com\/es\/wp-json\/wp\/v2\/product\/12841\/revisions"}],"predecessor-version":[{"id":13900,"href":"https:\/\/blackviewphones.com\/es\/wp-json\/wp\/v2\/product\/12841\/revisions\/13900"}],"wp:featuredmedia":[{"embeddable":true,"href":"https:\/\/blackviewphones.com\/es\/wp-json\/wp\/v2\/media\/13627"}],"wp:attachment":[{"href":"https:\/\/blackviewphones.com\/es\/wp-json\/wp\/v2\/media?parent=12841"}],"wp:term":[{"taxonomy":"product_brand","embeddable":true,"href":"https:\/\/blackviewphones.com\/es\/wp-json\/wp\/v2\/product_brand?post=12841"},{"taxonomy":"product_cat","embeddable":true,"href":"https:\/\/blackviewphones.com\/es\/wp-json\/wp\/v2\/product_cat?post=12841"},{"taxonomy":"product_tag","embeddable":true,"href":"https:\/\/blackviewphones.com\/es\/wp-json\/wp\/v2\/product_tag?post=12841"}],"curies":[{"name":"wp","href":"https:\/\/api.w.org\/{rel}","templated":true}]}}