

{"id":12790,"date":"2026-03-25T12:58:52","date_gmt":"2026-03-25T11:58:52","guid":{"rendered":"https:\/\/blackviewphones.com\/?post_type=product&#038;p=12790"},"modified":"2026-05-06T09:40:59","modified_gmt":"2026-05-06T07:40:59","slug":"blackview-mp100-pro-mini-pc-i5-12450h","status":"publish","type":"product","link":"https:\/\/blackviewphones.com\/es\/product\/blackview-mp100-pro-mini-pc-i5-12450h\/","title":{"rendered":"Blackview MP100 Pro Mini PC (i5-12450H) 4.4GHz 45W 16 GB RAM 512 GB SSD"},"content":{"rendered":"<h1>Blackview MP100 Pro Mini PC (i5-12450H) 4.4GHz 45W 16 GB RAM 512 GB SSD<\/h1>\n<h2 data-path-to-node=\"8\"><b data-path-to-node=\"8\" data-index-in-node=\"0\">Mini PC Intel i5-12450H: Rendimiento de alto voltaje para tu escritorio<\/b><\/h2>\n<p data-path-to-node=\"9\">Si buscas la potencia de una computadora de escritorio convencional pero sin el estorbo de una torre gigante, esta Mini PC es tu mejor aliada. Gracias a su procesador de alto rendimiento <b data-path-to-node=\"9\" data-index-in-node=\"187\">Intel\u00ae Core\u2122 i5-12450H (Serie H)<\/b>, con 8 n\u00facleos y 12 hilos, podr\u00e1s ejecutar flujos de trabajo pesados, software de gesti\u00f3n y aplicaciones de dise\u00f1o con total fluidez.<\/p>\n<p data-path-to-node=\"10\"><b data-path-to-node=\"10\" data-index-in-node=\"0\">Velocidad de almacenamiento y memoria de \u00e9lite<\/b> No pierdas tiempo esperando. Con su <b data-path-to-node=\"10\" data-index-in-node=\"83\">SSD M.2 de 512GB con tecnolog\u00eda PCIe 4.0<\/b>, la transferencia de datos y el encendido del sistema son incre\u00edblemente r\u00e1pidos. Sus <b data-path-to-node=\"10\" data-index-in-node=\"210\">16GB de RAM DDR4<\/b> permiten una multitarea intensiva sin retardos, y si necesitas m\u00e1s, puedes ampliarla f\u00e1cilmente hasta los <b data-path-to-node=\"10\" data-index-in-node=\"333\">64GB<\/b>.<\/p>\n<p data-path-to-node=\"11\"><b data-path-to-node=\"11\" data-index-in-node=\"0\">Conectividad de \u00faltima generaci\u00f3n y Triple V\u00eddeo<\/b> Maximiza tu \u00e1rea de trabajo conectando hasta <b data-path-to-node=\"11\" data-index-in-node=\"94\">tres monitores simult\u00e1neos en resoluci\u00f3n 4K @60Hz<\/b> a trav\u00e9s de sus puertos HDMI 2.0, DisplayPort 1.4 y el vers\u00e1til puerto USB-C frontal. Adem\u00e1s, la integraci\u00f3n de <b data-path-to-node=\"11\" data-index-in-node=\"256\">Wi-Fi 6<\/b> y Bluetooth garantiza una conexi\u00f3n inal\u00e1mbrica estable y r\u00e1pida, mientras que sus 6 puertos USB te permiten conectar todos tus perif\u00e9ricos sin limitaciones. Todo gestionado por el sistema operativo <b data-path-to-node=\"11\" data-index-in-node=\"462\">Windows 11 Pro<\/b>, listo para trabajar en entornos profesionales desde el primer minuto.<\/p>\n<p><em>Este terminal cuenta con Windows 11 Pro con licencia OEM de por vida, es una licencia ligada al hadware del equipo y no se puede transferir a otro ordenador.<\/em><\/p>\n","protected":false},"excerpt":{"rendered":"<p><b data-path-to-node=\"6\" data-index-in-node=\"0\">Potencia profesional de alto nivel en formato Mini.<\/b> Equipada con el procesador <b data-path-to-node=\"6\" data-index-in-node=\"79\">Intel Core i5-12450H<\/b> de 8 n\u00facleos y <b data-path-to-node=\"6\" data-index-in-node=\"115\">16GB de RAM<\/b>, esta Mini PC est\u00e1 dise\u00f1ada para usuarios exigentes que requieren velocidad en multitarea, edici\u00f3n y oficina avanzada. Con <b data-path-to-node=\"6\" data-index-in-node=\"250\">SSD PCIe 4.0<\/b>, Wi-Fi 6 y soporte para triple pantalla 4K, es el equilibrio perfecto entre potencia bruta y ahorro de espacio.<\/p>\n<p><strong>Este terminal cuenta con Windows 11 Pro con licencia OEM de por vida, es una licencia ligada al hadware del equipo y no se puede transferir a otro ordenador.<\/strong><\/p>\n","protected":false},"featured_media":13390,"comment_status":"open","ping_status":"closed","template":"","meta":{"_acf_changed":false},"product_brand":[],"product_cat":[153,159,151,332,338],"product_tag":[],"class_list":{"0":"post-12790","1":"product","2":"type-product","3":"status-publish","4":"has-post-thumbnail","6":"product_cat-equipos-blackview-mini-pc","7":"product_cat-ofertas","8":"product_cat-equipos-blackview","9":"product_cat-reservar-moviles-blackview","10":"product_cat-productos","12":"first","13":"instock","14":"sale","15":"shipping-taxable","16":"purchasable","17":"product-type-variable","18":"has-default-attributes"},"acf":[],"_links":{"self":[{"href":"https:\/\/blackviewphones.com\/es\/wp-json\/wp\/v2\/product\/12790","targetHints":{"allow":["GET"]}}],"collection":[{"href":"https:\/\/blackviewphones.com\/es\/wp-json\/wp\/v2\/product"}],"about":[{"href":"https:\/\/blackviewphones.com\/es\/wp-json\/wp\/v2\/types\/product"}],"replies":[{"embeddable":true,"href":"https:\/\/blackviewphones.com\/es\/wp-json\/wp\/v2\/comments?post=12790"}],"version-history":[{"count":0,"href":"https:\/\/blackviewphones.com\/es\/wp-json\/wp\/v2\/product\/12790\/revisions"}],"wp:featuredmedia":[{"embeddable":true,"href":"https:\/\/blackviewphones.com\/es\/wp-json\/wp\/v2\/media\/13390"}],"wp:attachment":[{"href":"https:\/\/blackviewphones.com\/es\/wp-json\/wp\/v2\/media?parent=12790"}],"wp:term":[{"taxonomy":"product_brand","embeddable":true,"href":"https:\/\/blackviewphones.com\/es\/wp-json\/wp\/v2\/product_brand?post=12790"},{"taxonomy":"product_cat","embeddable":true,"href":"https:\/\/blackviewphones.com\/es\/wp-json\/wp\/v2\/product_cat?post=12790"},{"taxonomy":"product_tag","embeddable":true,"href":"https:\/\/blackviewphones.com\/es\/wp-json\/wp\/v2\/product_tag?post=12790"}],"curies":[{"name":"wp","href":"https:\/\/api.w.org\/{rel}","templated":true}]}}