

{"id":12687,"date":"2026-03-24T13:41:03","date_gmt":"2026-03-24T12:41:03","guid":{"rendered":"https:\/\/blackviewphones.com\/?post_type=product&#038;p=12687"},"modified":"2026-05-07T12:39:51","modified_gmt":"2026-05-07T10:39:51","slug":"blackview-pantalla-portatil-scm8-15","status":"publish","type":"product","link":"https:\/\/blackviewphones.com\/es\/product\/blackview-pantalla-portatil-scm8-15\/","title":{"rendered":"Blackview Pantalla port\u00e1til SCM8 15&#8243;"},"content":{"rendered":"<h1>Blackview Pantalla port\u00e1til SCM8 15\u2033<\/h1>\n<p><span style=\"color: #000000;\">El <strong data-start=\"1740\" data-end=\"1758\">Blackview SCM8<\/strong> es una pantalla port\u00e1til de 15,3\u2033 Full HD que transforma tu port\u00e1til, PC o tablet en una estaci\u00f3n de trabajo multipantalla, ideal para productividad, edici\u00f3n, programaci\u00f3n o entretenimiento. Con un grosor de solo <strong data-start=\"1970\" data-end=\"1981\">9,1 mm<\/strong> y un peso de <strong data-start=\"1995\" data-end=\"2004\">800 g<\/strong>, destaca por su <strong data-start=\"2021\" data-end=\"2045\">portabilidad extrema, <\/strong>lo puedes llevar f\u00e1cilmente en tu mochila o malet\u00edn sin ocupar apenas espacio.\u00a0<\/span><\/p>\n<p><strong>Su centro de productividad port\u00e1til. Multitarea c\u00f3moda para la vista, est\u00e9 donde est\u00e9<\/strong><\/p>\n<p>Con una pantalla profesional mejorada, el SCM8 ofrece im\u00e1genes precisas y vibrantes en cualquier entorno. Compacto, con colores precisos, le permite realizar m\u00faltiples tareas sin problemas, ya sea trabajando, estudiando o creando en cualquier lugar.<\/p>\n","protected":false},"excerpt":{"rendered":"<p>El Blackview SCM8 es una pantalla port\u00e1til 15\u2033 Full HD, ultraligera<span style=\"color: #000000;\"> (800 g) y compacta, con panel IPS, USB-C plug-and-play y altavoz integrado.<\/span><\/p>\n<p><em><strong>Imagen referencial, incluye solo pantalla port\u00e1til, no el ordenador<\/strong><\/em><\/p>\n","protected":false},"featured_media":12694,"comment_status":"open","ping_status":"closed","template":"","meta":{"_acf_changed":false},"product_brand":[287],"product_cat":[154,61,159,339,151,332,338],"product_tag":[],"class_list":{"0":"post-12687","1":"product","2":"type-product","3":"status-publish","4":"has-post-thumbnail","6":"product_brand-blackview","7":"product_cat-accesorios-blackview","8":"product_cat-equipos-blackview-portatiles","9":"product_cat-ofertas","10":"product_cat-otros-productos","11":"product_cat-equipos-blackview","12":"product_cat-reservar-moviles-blackview","13":"product_cat-productos","15":"first","16":"instock","17":"sale","18":"shipping-taxable","19":"purchasable","20":"product-type-variable","21":"has-default-attributes"},"acf":[],"_links":{"self":[{"href":"https:\/\/blackviewphones.com\/es\/wp-json\/wp\/v2\/product\/12687","targetHints":{"allow":["GET"]}}],"collection":[{"href":"https:\/\/blackviewphones.com\/es\/wp-json\/wp\/v2\/product"}],"about":[{"href":"https:\/\/blackviewphones.com\/es\/wp-json\/wp\/v2\/types\/product"}],"replies":[{"embeddable":true,"href":"https:\/\/blackviewphones.com\/es\/wp-json\/wp\/v2\/comments?post=12687"}],"version-history":[{"count":1,"href":"https:\/\/blackviewphones.com\/es\/wp-json\/wp\/v2\/product\/12687\/revisions"}],"predecessor-version":[{"id":13924,"href":"https:\/\/blackviewphones.com\/es\/wp-json\/wp\/v2\/product\/12687\/revisions\/13924"}],"wp:featuredmedia":[{"embeddable":true,"href":"https:\/\/blackviewphones.com\/es\/wp-json\/wp\/v2\/media\/12694"}],"wp:attachment":[{"href":"https:\/\/blackviewphones.com\/es\/wp-json\/wp\/v2\/media?parent=12687"}],"wp:term":[{"taxonomy":"product_brand","embeddable":true,"href":"https:\/\/blackviewphones.com\/es\/wp-json\/wp\/v2\/product_brand?post=12687"},{"taxonomy":"product_cat","embeddable":true,"href":"https:\/\/blackviewphones.com\/es\/wp-json\/wp\/v2\/product_cat?post=12687"},{"taxonomy":"product_tag","embeddable":true,"href":"https:\/\/blackviewphones.com\/es\/wp-json\/wp\/v2\/product_tag?post=12687"}],"curies":[{"name":"wp","href":"https:\/\/api.w.org\/{rel}","templated":true}]}}