

{"id":12673,"date":"2026-03-24T12:17:35","date_gmt":"2026-03-24T11:17:35","guid":{"rendered":"https:\/\/blackviewphones.com\/?post_type=product&#038;p=12673"},"modified":"2026-05-11T10:35:04","modified_gmt":"2026-05-11T08:35:04","slug":"blackview-rugged-funda-para-fort100","status":"publish","type":"product","link":"https:\/\/blackviewphones.com\/es\/product\/blackview-rugged-funda-para-fort100\/","title":{"rendered":"Blackview Rugged Funda Case para Fort100"},"content":{"rendered":"<h1 data-spm-anchor-id=\"a2g0o.detail.1000016.i4.6bb25b43f3exZP\">Blackview Rugged Funda Case para Fort 100<\/h1>\n<p data-spm-anchor-id=\"a2g0o.detail.1000016.i4.6bb25b43f3exZP\">Protege tu smartphone con la funda original Blackview para FORT100, dise\u00f1ada para ofrecer resistencia superior, agarre seguro y protecci\u00f3n contra golpes y ara\u00f1azos. Fabricada con materiales resistentes que se ajustan perfectamente al dispositivo sin afectar su uso diario. Conoce el Blackview Rugged Funda Case para tel\u00e9fonos resistentes Fort 100. Con una anilla que actua como soporte o apoyo en el escritorio mientras observa v\u00eddeos u otros para mayor comodidad.<\/p>\n<p><strong>M\u00e1xima protecci\u00f3n para tu FORT 100<\/strong><\/p>\n<p>Dise\u00f1ada espec\u00edficamente para el tel\u00e9fono resistente FORT100, esta funda de precisi\u00f3n lleva la durabilidad a un nuevo nivel. Cuando lo que importa es una protecci\u00f3n extrema, no te conformes con nada menos que una funda dise\u00f1ada exclusivamente para tu dispositivo.<\/p>\n<p><strong>Dise\u00f1ada para el FORT 100<\/strong><\/p>\n<p>No se trata de una funda gen\u00e9rica adaptada para encajar, sino que est\u00e1 dise\u00f1ada espec\u00edficamente para el FORT100. Su ajuste perfecto y preciso envuelve tu tel\u00e9fono en una capa adicional de protecci\u00f3n sin a\u00f1adir volumen innecesario, lo que te proporciona una mayor protecci\u00f3n contra ca\u00eddas y resistencia a los impactos exactamente donde lo necesitas.<\/p>\n<h2>Caracter\u00edsticas principales para Funda Case Blackview FORT100:<\/h2>\n<ul>\n<li>Garant\u00eda de ajuste perfecto: dise\u00f1ada exclusivamente para las dimensiones del FORT100 con recortes de precisi\u00f3n para todos los puertos y botones.<\/li>\n<li>Mayor durabilidad: a\u00f1ade una capa protectora adicional a tu tel\u00e9fono, ya de por s\u00ed resistente, para tu m\u00e1xima tranquilidad.<\/li>\n<li>Soporte para anillos integrado: el soporte para anillos integrado proporciona un agarre seguro y una visualizaci\u00f3n manos libres en m\u00faltiples \u00e1ngulos.<\/li>\n<li>Construcci\u00f3n ajustada: se mantiene firmemente en su sitio sin resbalar ni desplazarse durante el uso.<\/li>\n<li>Opciones en colores a juego: disponible en negro y blanco lunar para complementar a la perfecci\u00f3n tu FORT100.<\/li>\n<li>Funcionalidad intacta: acceso completo a todas las funciones, c\u00e1maras y puertos sin necesidad de retirar la funda.<\/li>\n<li>Dise\u00f1ada para tu estilo de vida<\/li>\n<li>Tanto si est\u00e1s en una obra, explorando la naturaleza o simplemente quieres la m\u00e1xima protecci\u00f3n para tu inversi\u00f3n, esta funda te lo ofrece. El soporte con anilla integrado te proporciona un agarre seguro durante el uso con una sola mano y sirve tambi\u00e9n como un pr\u00e1ctico soporte para ver v\u00eddeos o realizar videollamadas. Siente la confianza que te da saber que tu FORT100 est\u00e1 protegido con una funda dise\u00f1ada a medida.<\/li>\n<li>Disponible en dos acabados premium: negro cl\u00e1sico o elegante blanco lunar. Elige el color que mejor combine con tu FORT100.<\/li>\n<\/ul>\n<p>\u00a0<\/p>\n","protected":false},"excerpt":{"rendered":"<p>Protege tu smartphone con la funda <strong>original<\/strong> Blackview para FORT100, dise\u00f1ada para ofrecer resistencia superior, agarre seguro y protecci\u00f3n contra golpes y ara\u00f1azos. Fabricada con materiales resistentes que se ajustan perfectamente al dispositivo sin afectar su uso diario. Conoce el Blackview Rugged Funda Case para tel\u00e9fonos resistentes Fort 100. Con una anilla que actua como soporte o apoyo en el escritorio mientras observa v\u00eddeos u otros para mayor comodidad.<\/p>\n","protected":false},"featured_media":12680,"comment_status":"open","ping_status":"closed","template":"","meta":{"_acf_changed":false},"product_brand":[],"product_cat":[154,330,159,338],"product_tag":[],"class_list":{"0":"post-12673","1":"product","2":"type-product","3":"status-publish","4":"has-post-thumbnail","6":"product_cat-accesorios-blackview","7":"product_cat-accesorios-blackview-accesorios-para-moviles","8":"product_cat-ofertas","9":"product_cat-productos","11":"first","12":"instock","13":"sale","14":"shipping-taxable","15":"purchasable","16":"product-type-variable","17":"has-default-attributes"},"acf":[],"_links":{"self":[{"href":"https:\/\/blackviewphones.com\/es\/wp-json\/wp\/v2\/product\/12673","targetHints":{"allow":["GET"]}}],"collection":[{"href":"https:\/\/blackviewphones.com\/es\/wp-json\/wp\/v2\/product"}],"about":[{"href":"https:\/\/blackviewphones.com\/es\/wp-json\/wp\/v2\/types\/product"}],"replies":[{"embeddable":true,"href":"https:\/\/blackviewphones.com\/es\/wp-json\/wp\/v2\/comments?post=12673"}],"version-history":[{"count":0,"href":"https:\/\/blackviewphones.com\/es\/wp-json\/wp\/v2\/product\/12673\/revisions"}],"wp:featuredmedia":[{"embeddable":true,"href":"https:\/\/blackviewphones.com\/es\/wp-json\/wp\/v2\/media\/12680"}],"wp:attachment":[{"href":"https:\/\/blackviewphones.com\/es\/wp-json\/wp\/v2\/media?parent=12673"}],"wp:term":[{"taxonomy":"product_brand","embeddable":true,"href":"https:\/\/blackviewphones.com\/es\/wp-json\/wp\/v2\/product_brand?post=12673"},{"taxonomy":"product_cat","embeddable":true,"href":"https:\/\/blackviewphones.com\/es\/wp-json\/wp\/v2\/product_cat?post=12673"},{"taxonomy":"product_tag","embeddable":true,"href":"https:\/\/blackviewphones.com\/es\/wp-json\/wp\/v2\/product_tag?post=12673"}],"curies":[{"name":"wp","href":"https:\/\/api.w.org\/{rel}","templated":true}]}}