

{"id":12238,"date":"2026-02-09T13:33:35","date_gmt":"2026-02-09T12:33:35","guid":{"rendered":"https:\/\/blackviewphones.com\/?post_type=product&#038;p=12238"},"modified":"2026-05-14T18:25:29","modified_gmt":"2026-05-14T16:25:29","slug":"blackview-rock-3","status":"publish","type":"product","link":"https:\/\/blackviewphones.com\/es\/product\/blackview-rock-3\/","title":{"rendered":"Blackview ROCK 3 | Con c\u00e1mara t\u00e9rmica y 750 Nits"},"content":{"rendered":"<h1>Blackview ROCK 3 | Con c\u00e1mara t\u00e9rmica y 750 Nits<\/h1>\n<p data-start=\"252\" data-end=\"604\">El <strong>Blackview<\/strong> <strong data-start=\"255\" data-end=\"265\">ROCK 3<\/strong> es un smartphone dise\u00f1ado para trabajos exigentes y situaciones cr\u00edticas. Incorpora una <strong data-start=\"354\" data-end=\"382\">c\u00e1mara t\u00e9rmica integrada<\/strong> capaz de detectar diferencias de temperatura entre <strong data-start=\"434\" data-end=\"453\">\u201315 \u00b0C y 550 \u00b0C<\/strong>, con <strong data-start=\"459\" data-end=\"482\">sensibilidad <50 mK<\/strong> y un amplio <strong data-start=\"495\" data-end=\"527\">campo de visi\u00f3n de 61\u00ba x 47\u00ba<\/strong>, ideal para inspecciones t\u00e9cnicas, mantenimiento industrial o emergencias.<\/p>\n<p data-start=\"606\" data-end=\"988\">Su <strong data-start=\"609\" data-end=\"636\">linterna de 400 l\u00famenes<\/strong>, junto al <strong data-start=\"647\" data-end=\"681\">control remoto por infrarrojos<\/strong>, lo convierten en una herramienta multifunci\u00f3n imprescindible. Completa el conjunto una <strong data-start=\"770\" data-end=\"817\">bater\u00eda de 10.000 mAh con carga inal\u00e1mbrica<\/strong>, conectividad <strong data-start=\"832\" data-end=\"838\">4G<\/strong> y un potente sistema de c\u00e1maras <strong data-start=\"871\" data-end=\"914\">108 MP trasera + 50 MP frontal Samsung\u00ae<\/strong>, garantizando rendimiento, autonom\u00eda y fiabilidad en cualquier entorno.<\/p>\n<h3><b>IP68: LO QUE PUEDES Y NO PUEDES HACER<\/b><\/h3>\n<p><span style=\"font-weight: 400;\">Si un dispositivo tiene certificaci\u00f3n IP68, significa que puede ser sumergido en <\/span><b>agua dulce<\/b> <b>a profundidades de hasta un metro durante un m\u00e1ximo de 30 minutos, siempre que se mantengan las protecciones del terminal con su debida estanqueidad.<\/b><\/p>\n<p><b>Te dejamos unos consejos<\/b> <b>para cualquier terminal con la certificaci\u00f3n IP68<\/b><span style=\"font-weight: 400;\">:<\/span><\/p>\n<ul>\n<li style=\"font-weight: 400;\" aria-level=\"1\"><span style=\"font-weight: 400;\">No expongas el smartphone con IP68 a corrientes de agua, tales como el agua del grifo, las olas del mar o cascadas.<\/span><\/li>\n<li style=\"font-weight: 400;\" aria-level=\"1\"><span style=\"font-weight: 400;\">Adem\u00e1s, si el smartphone con IP68 ha sido expuesto a agua dulce, secar con cuidado con un pa\u00f1o limpio y suave.<\/span><\/li>\n<li style=\"font-weight: 400;\" aria-level=\"1\"><span style=\"font-weight: 400;\">Si el smartphone con IP68 ha sido expuesto a cualquier tipo de l\u00edquido que no sea agua dulce (como por ejemplo agua de mar) , lavar inmediatamente el terminal con agua dulce de forma suave, y secar con cuidado con un pa\u00f1o suave y limpio.<\/span><\/li>\n<li style=\"font-weight: 400;\" aria-level=\"1\"><span style=\"font-weight: 400;\">Ante cualquier duda de que las protecciones est\u00e9n bien cerradas. <\/span><b>No <\/b><span style=\"font-weight: 400;\">lo mojes.<\/span><\/li>\n<li style=\"font-weight: 400;\" aria-level=\"1\"><span style=\"font-weight: 400;\">Evitar realizar pruebas agresivas para mostrar su resistencia<\/span><\/li>\n<li style=\"font-weight: 400;\" aria-level=\"1\"><span style=\"font-weight: 400;\">No es conveniente manipular los botones del dispositivo dentro del agua<\/span><\/li>\n<li style=\"font-weight: 400;\" aria-level=\"1\"><span style=\"font-weight: 400;\">Se recomienda NO mojar el dispositivo en agua salada, ya que la certificaci\u00f3n IP solo aplica en agua dulce.<\/span><\/li>\n<\/ul>\n<p><strong>IP69K + MIL-STD-810H: LO QUE PUEDES Y NO PUEDES HACER<\/strong><\/p>\n<p>Un dispositivo con certificaci\u00f3n IP69K y pruebas superadas seg\u00fan el est\u00e1ndar militar MIL-STD-810H ofrece un nivel de resistencia superior tanto frente a agua a alta presi\u00f3n, polvo, como frente a golpes, vibraciones y temperaturas extremas.<\/p>\n<p><strong>Este est\u00e1ndar militar estadounidense eval\u00faa el comportamiento del dispositivo en situaciones reales de uso exigente, aunque no garantiza indestructibilidad. Te dejamos unos consejos para cualquier terminal con IP69K y MIL-STD-810H:<\/strong><\/p>\n<ul>\n<li>No asumas que el est\u00e1ndar militar permite impactos extremos o ca\u00eddas desde cualquier altura. El terminal es resistente, pero no irrompible.<\/li>\n<li>Evita exponer el smartphone a presiones, temperaturas o fuerzas m\u00e1s all\u00e1 de los l\u00edmites indicados por el fabricante.<\/li>\n<li>Aunque pueda soportar agua a alta presi\u00f3n, no lo sumerjas prolongadamente ni manipules botones bajo el agua o durante chorros directos.<\/li>\n<li>Si el terminal ha estado en contacto con agua dulce, s\u00e9calo cuidadosamente con un pa\u00f1o suave.<\/li>\n<li>Si ha estado expuesto a agua salada, barro, qu\u00edmicos o cualquier l\u00edquido distinto al agua dulce, enju\u00e1galo con suavidad usando agua dulce y luego s\u00e9calo por completo.<\/li>\n<li>No realices pruebas extremas con fuego, impactos deliberados o ca\u00eddas innecesarias solo para demostrar resistencia.<\/li>\n<li>Aseg\u00farate de que todas las tapas, protecciones o juntas est\u00e9n completamente cerradas antes de exponer el dispositivo a polvo, presi\u00f3n o humedad.<\/li>\n<li>Aunque soporte vibraciones y temperaturas exigentes, evita usarlo de forma prolongada en maquinaria pesada que exceda los rangos certificados.<\/li>\n<\/ul>\n<p>\u00a0<\/p>\n","protected":false},"excerpt":{"rendered":"<p>\u2714C\u00e1mara de Visi\u00f3n T\u00e9rmica 160\u00d7120, Detecci\u00f3n T\u00e9rmica de -15\u2103 a +550 \u2103<br \/>\n\u2714Linterna LED S\u00faper Brillante de 400 L\u00famenes<br \/>\n\u2714C\u00e1mara Principal Samsung\u00ae HM6 de 108MP<br \/>\n\u2714Procesador MediaTek G100 Octa N\u00facleo 4G y Bater\u00eda de 10,000mAh<\/p>\n","protected":false},"featured_media":13811,"comment_status":"open","ping_status":"closed","template":"","meta":{"_acf_changed":false},"product_brand":[287],"product_cat":[42,136,166,159,332,338],"product_tag":[],"class_list":{"0":"post-12238","1":"product","2":"type-product","3":"status-publish","4":"has-post-thumbnail","6":"product_brand-blackview","7":"product_cat-moviles-blackview","8":"product_cat-moviles-resistentes-rugerizados","9":"product_cat-moviles-resistentes-rugerizados-nuevos-modelos","10":"product_cat-ofertas","11":"product_cat-reservar-moviles-blackview","12":"product_cat-productos","14":"first","15":"instock","16":"sale","17":"shipping-taxable","18":"purchasable","19":"product-type-variable","20":"has-default-attributes"},"acf":[],"_links":{"self":[{"href":"https:\/\/blackviewphones.com\/es\/wp-json\/wp\/v2\/product\/12238","targetHints":{"allow":["GET"]}}],"collection":[{"href":"https:\/\/blackviewphones.com\/es\/wp-json\/wp\/v2\/product"}],"about":[{"href":"https:\/\/blackviewphones.com\/es\/wp-json\/wp\/v2\/types\/product"}],"replies":[{"embeddable":true,"href":"https:\/\/blackviewphones.com\/es\/wp-json\/wp\/v2\/comments?post=12238"}],"version-history":[{"count":0,"href":"https:\/\/blackviewphones.com\/es\/wp-json\/wp\/v2\/product\/12238\/revisions"}],"wp:featuredmedia":[{"embeddable":true,"href":"https:\/\/blackviewphones.com\/es\/wp-json\/wp\/v2\/media\/13811"}],"wp:attachment":[{"href":"https:\/\/blackviewphones.com\/es\/wp-json\/wp\/v2\/media?parent=12238"}],"wp:term":[{"taxonomy":"product_brand","embeddable":true,"href":"https:\/\/blackviewphones.com\/es\/wp-json\/wp\/v2\/product_brand?post=12238"},{"taxonomy":"product_cat","embeddable":true,"href":"https:\/\/blackviewphones.com\/es\/wp-json\/wp\/v2\/product_cat?post=12238"},{"taxonomy":"product_tag","embeddable":true,"href":"https:\/\/blackviewphones.com\/es\/wp-json\/wp\/v2\/product_tag?post=12238"}],"curies":[{"name":"wp","href":"https:\/\/api.w.org\/{rel}","templated":true}]}}