

{"id":12212,"date":"2026-02-06T15:33:22","date_gmt":"2026-02-06T14:33:22","guid":{"rendered":"https:\/\/blackviewphones.com\/?post_type=product&#038;p=12212"},"modified":"2026-05-09T20:00:52","modified_gmt":"2026-05-09T18:00:52","slug":"blackview-z30-smartwatch-para-ninos","status":"publish","type":"product","link":"https:\/\/blackviewphones.com\/es\/product\/blackview-z30-smartwatch-para-ninos\/","title":{"rendered":"Blackview Z30 &#8211; Smartwatch para ni\u00f1os"},"content":{"rendered":"<h1>Blackview Z30 \u2013 Smartwatch para ni\u00f1os<\/h1>\n<p data-start=\"256\" data-end=\"794\">El <strong data-start=\"259\" data-end=\"276\">Blackview Z30<\/strong> es un reloj inteligente pensado para la seguridad y comunicaci\u00f3n de los ni\u00f1os, combinando tecnolog\u00eda avanzada, ubicaci\u00f3n precisa y funciones pr\u00e1cticas para el d\u00eda a d\u00eda. Gracias a su <strong data-start=\"460\" data-end=\"506\">posicionamiento triple (GPS + LBS + Wi-Fi)<\/strong> y su <strong data-start=\"512\" data-end=\"540\">pantalla t\u00e1ctil de 1,75\u201d<\/strong>, los ni\u00f1os y los padres pueden mantenerse conectados en todo momento mediante videollamadas HD, llamadas de voz y mensajes. Adem\u00e1s, incluye herramientas de seguridad como <strong data-start=\"712\" data-end=\"725\">bot\u00f3n SOS<\/strong>, <strong data-start=\"727\" data-end=\"758\">zonas seguras configurables<\/strong> y <strong data-start=\"761\" data-end=\"791\">modo escolar \u201cno molestar\u201d<\/strong>.<\/p>\n<ul data-start=\"796\" data-end=\"1495\">\n<li data-start=\"796\" data-end=\"918\">\n<p data-start=\"798\" data-end=\"918\"><strong data-start=\"798\" data-end=\"831\">C\u00e1mara HD ultra gran angular:<\/strong> captura los mejores momentos de la vida desde cualquier \u00e1ngulo y en cualquier lugar.<\/p>\n<\/li>\n<li data-start=\"919\" data-end=\"1000\">\n<p data-start=\"921\" data-end=\"1000\"><strong data-start=\"921\" data-end=\"958\">Linterna LED de alta luminosidad:<\/strong> luz constante ideal para usar de noche.<\/p>\n<\/li>\n<li data-start=\"1001\" data-end=\"1152\">\n<p data-start=\"1003\" data-end=\"1152\"><strong data-start=\"1003\" data-end=\"1036\">Llamada SOS con un solo clic:<\/strong> en caso de emergencia, el reloj realiza autom\u00e1ticamente una llamada SOS y notifica a los contactos de emergencia.<\/p>\n<\/li>\n<li data-start=\"1153\" data-end=\"1276\">\n<p data-start=\"1155\" data-end=\"1276\"><strong data-start=\"1155\" data-end=\"1183\">Conectividad 4G estable:<\/strong> permite llamadas, chats de voz y videollamadas HD para una comunicaci\u00f3n clara y confiable.<\/p>\n<\/li>\n<li data-start=\"1153\" data-end=\"1276\">\n<p data-start=\"1155\" data-end=\"1276\"><strong data-start=\"1279\" data-end=\"1329\">Videollamadas HD y chat de voz en tiempo real:<\/strong> los padres pueden ver con claridad el entorno del ni\u00f1o, comprobar su seguridad y mantener una comunicaci\u00f3n directa y constante, fortaleciendo la relaci\u00f3n familiar.<\/p>\n<div id=\"gtx-trans\" style=\"position: absolute; left: 677px; top: 1329.41px;\">\n<div class=\"gtx-trans-icon\"><\/div>\n<\/div>\n<p><em><strong>Indicaciones del fabricante:<\/strong><\/em><\/p>\n<p>1. Pantalla HD de 1,75 pulgadas, dise\u00f1o flexible y f\u00e1cil de usar de la aplicaci\u00f3n integrada en el reloj, pantalla sencilla con m\u00e1s informaci\u00f3n de un solo vistazo.<br \/>\n2. Resistencia al agua IP68, cumple con las necesidades diarias de resistencia al agua, sin necesidad de preocuparse por la lluvia o el lavado de manos breve siempre y cuando los puertos esten cerrados.<br \/>\n3. Los usuarios pueden llevarlo con una correa o una funda de silicona espec\u00edfica. Adem\u00e1s de satisfacer las diferentes necesidades de uso de los ni\u00f1os, el material y la fabricaci\u00f3n de la correa y la funda protectora tambi\u00e9n tienen en cuenta la seguridad y son adecuados para la piel sensible de los ni\u00f1os.<br \/>\n4. La aplicaci\u00f3n desarrollada para ni\u00f1os permite a los padres establecer el rango de actividades a trav\u00e9s de la valla electr\u00f3nica de la aplicaci\u00f3n, rastrear la ubicaci\u00f3n del ni\u00f1o en tiempo real y mantenerlo seguro en todo momento. Los datos est\u00e1n encriptados para proteger la privacidad del usuario.<br \/>\n5. Linterna LED blanca de alta luminosidad y bajo consumo, que se puede encender a trav\u00e9s del software para satisfacer el uso diario o en caso de emergencias al aire libre, la funci\u00f3n de linterna le proporcionar\u00e1 la asistencia necesaria.<br \/>\n6. Posicionamiento triple preciso GPS+LBS+WIFI para mantener a los ni\u00f1os seguros en todo momento.<br \/>\n7. Los padres establecen el rango de actividad a trav\u00e9s de la valla electr\u00f3nica de la aplicaci\u00f3n. Si la ubicaci\u00f3n del ni\u00f1o se encuentra fuera del rango establecido, los padres recibir\u00e1n una advertencia a tiempo.<br \/>\n8. Siete juegos integrados para ni\u00f1os, desarrollados espec\u00edficamente para relojes infantiles, que son m\u00e1s fluidos y entretenidos cuando se combinan con la pantalla de alta definici\u00f3n de 1,75 pulgadas.<br \/>\n9. Precisi\u00f3n de posicionamiento de la estaci\u00f3n base LBS: 100-1000 m Precisi\u00f3n de posicionamiento WiFi: 10-100 m.<\/li>\n<\/ul>\n","protected":false},"excerpt":{"rendered":"<h3>Smartwatch ideal para ni\u00f1os<\/h3>\n<p>\u2714Captura fotos<br \/>\n\u2714Bot\u00f3n de Llamada SOS y Videollamada 4G<br \/>\n\u2714SOS one-click help<br \/>\n\u2714LED Flashlight<\/p>\n","protected":false},"featured_media":12215,"comment_status":"open","ping_status":"closed","template":"","meta":{"_acf_changed":false},"product_brand":[287],"product_cat":[159,339,90],"product_tag":[],"class_list":{"0":"post-12212","1":"product","2":"type-product","3":"status-publish","4":"has-post-thumbnail","6":"product_brand-blackview","7":"product_cat-ofertas","8":"product_cat-otros-productos","9":"product_cat-smartwatch","11":"first","12":"instock","13":"sale","14":"shipping-taxable","15":"purchasable","16":"product-type-variable","17":"has-default-attributes"},"acf":[],"_links":{"self":[{"href":"https:\/\/blackviewphones.com\/es\/wp-json\/wp\/v2\/product\/12212","targetHints":{"allow":["GET"]}}],"collection":[{"href":"https:\/\/blackviewphones.com\/es\/wp-json\/wp\/v2\/product"}],"about":[{"href":"https:\/\/blackviewphones.com\/es\/wp-json\/wp\/v2\/types\/product"}],"replies":[{"embeddable":true,"href":"https:\/\/blackviewphones.com\/es\/wp-json\/wp\/v2\/comments?post=12212"}],"version-history":[{"count":2,"href":"https:\/\/blackviewphones.com\/es\/wp-json\/wp\/v2\/product\/12212\/revisions"}],"predecessor-version":[{"id":13891,"href":"https:\/\/blackviewphones.com\/es\/wp-json\/wp\/v2\/product\/12212\/revisions\/13891"}],"wp:featuredmedia":[{"embeddable":true,"href":"https:\/\/blackviewphones.com\/es\/wp-json\/wp\/v2\/media\/12215"}],"wp:attachment":[{"href":"https:\/\/blackviewphones.com\/es\/wp-json\/wp\/v2\/media?parent=12212"}],"wp:term":[{"taxonomy":"product_brand","embeddable":true,"href":"https:\/\/blackviewphones.com\/es\/wp-json\/wp\/v2\/product_brand?post=12212"},{"taxonomy":"product_cat","embeddable":true,"href":"https:\/\/blackviewphones.com\/es\/wp-json\/wp\/v2\/product_cat?post=12212"},{"taxonomy":"product_tag","embeddable":true,"href":"https:\/\/blackviewphones.com\/es\/wp-json\/wp\/v2\/product_tag?post=12212"}],"curies":[{"name":"wp","href":"https:\/\/api.w.org\/{rel}","templated":true}]}}