

{"id":12164,"date":"2026-02-05T14:15:53","date_gmt":"2026-02-05T13:15:53","guid":{"rendered":"https:\/\/blackviewphones.com\/?post_type=product&#038;p=12164"},"modified":"2026-05-07T13:04:43","modified_gmt":"2026-05-07T11:04:43","slug":"portatil-blackview-acebook-6-amd-ryzen-5","status":"publish","type":"product","link":"https:\/\/blackviewphones.com\/es\/product\/portatil-blackview-acebook-6-amd-ryzen-5\/","title":{"rendered":"Port\u00e1til Blackview AceBook 6 AMD Ryzen&#x2122; 5 3500U"},"content":{"rendered":"<h1>Port\u00e1til Blackview AceBook 6 AMD Ryzen\u2122 5 3500U<\/h1>\n<p>Descubre el nuevo <strong data-start=\"236\" data-end=\"259\">Blackview AceBook 6<\/strong>, un port\u00e1til dise\u00f1ado para ofrecer un equilibrio perfecto entre potencia, portabilidad y elegancia. Con un dise\u00f1o moderno en color Stellar Grey y una pantalla de 15.6\u2033 Full HD+ IPS, este equipo te brinda una experiencia visual n\u00edtida y envolvente para tu trabajo y entretenimiento diario. Equ\u00edpate con 16 GB de RAM y un r\u00e1pido SSD de 512 GB para un rendimiento fluido y almacenamiento seguro.<\/p>\n<h2 data-start=\"654\" data-end=\"709\">Disfruta de im\u00e1genes claras y rendimiento eficiente<\/h2>\n<p data-start=\"711\" data-end=\"1007\">El <strong data-start=\"714\" data-end=\"727\">AceBook 6<\/strong> viene con Windows 11 Home\u00a0 y un procesador AMD Ryzen\u2122 5 3500U capaz de alcanzar hasta 3.6 GHz, que asegura una multitarea eficiente y r\u00e1pida respuesta en tus aplicaciones favoritas. Adem\u00e1s, su bater\u00eda de 38Wh te acompa\u00f1a durante largas jornadas sin interrupciones.<\/p>\n<p data-start=\"711\" data-end=\"1007\"><strong data-start=\"132\" data-end=\"175\">Informaci\u00f3n importante sobre el teclado<\/strong><br data-start=\"175\" data-end=\"178\" \/>Este producto es un <strong data-start=\"198\" data-end=\"235\">teclado QWERTY externo (separado)<\/strong>, por lo que <strong data-start=\"248\" data-end=\"275\">no incluye la tecla \u201c\u00d1\u201d<\/strong>.<\/p>\n<p data-start=\"711\" data-end=\"1007\"><strong>Este terminal cuenta con Windows 11 HOME con licencia OEM de por vida, es una licencia ligada al hadware del equipo y no se puede transferir a otro ordenador.<\/strong><\/p>\n","protected":false},"excerpt":{"rendered":"<p><strong data-start=\"132\" data-end=\"175\">Informaci\u00f3n importante sobre el teclado<\/strong><br data-start=\"175\" data-end=\"178\" \/>Este producto es un <strong data-start=\"198\" data-end=\"235\">teclado QWERTY externo (separado)<\/strong>, por lo que <strong data-start=\"248\" data-end=\"275\">no incluye la tecla \u201c\u00d1\u201d<\/strong>.<\/p>\n<p>AMD Ryzen\u2122 5 3500U<br data-start=\"150\" data-end=\"153\" \/>Windows 11 Home\u00a0<br data-start=\"201\" data-end=\"204\" \/>357.5 \u00d7 229.5 \u00d7 19.5 mm<br data-start=\"227\" data-end=\"230\" \/>Pantalla 15.6&#8243; FHD+ | Peso 1,7 kg<br data-start=\"263\" data-end=\"266\" \/>38 Wh | WiFi ac | Bluetooth 5.0<br data-start=\"297\" data-end=\"300\" \/>16 GB RAM 512 GB SSD<\/p>\n<p><em>Este terminal cuenta con Windows 11 HOME con licencia OEM de por vida, es una licencia ligada al hadware del equipo y no se puede transferir a otro ordenador.<\/em><\/p>\n","protected":false},"featured_media":13826,"comment_status":"open","ping_status":"closed","template":"","meta":{"_acf_changed":false},"product_brand":[287],"product_cat":[61,159,338],"product_tag":[333,312],"class_list":{"0":"post-12164","1":"product","2":"type-product","3":"status-publish","4":"has-post-thumbnail","6":"product_brand-blackview","7":"product_cat-equipos-blackview-portatiles","8":"product_cat-ofertas","9":"product_cat-productos","10":"product_tag-cargador-eu","11":"product_tag-notebook","13":"first","14":"instock","15":"sale","16":"shipping-taxable","17":"purchasable","18":"product-type-variable","19":"has-default-attributes"},"acf":[],"_links":{"self":[{"href":"https:\/\/blackviewphones.com\/es\/wp-json\/wp\/v2\/product\/12164","targetHints":{"allow":["GET"]}}],"collection":[{"href":"https:\/\/blackviewphones.com\/es\/wp-json\/wp\/v2\/product"}],"about":[{"href":"https:\/\/blackviewphones.com\/es\/wp-json\/wp\/v2\/types\/product"}],"replies":[{"embeddable":true,"href":"https:\/\/blackviewphones.com\/es\/wp-json\/wp\/v2\/comments?post=12164"}],"version-history":[{"count":0,"href":"https:\/\/blackviewphones.com\/es\/wp-json\/wp\/v2\/product\/12164\/revisions"}],"wp:featuredmedia":[{"embeddable":true,"href":"https:\/\/blackviewphones.com\/es\/wp-json\/wp\/v2\/media\/13826"}],"wp:attachment":[{"href":"https:\/\/blackviewphones.com\/es\/wp-json\/wp\/v2\/media?parent=12164"}],"wp:term":[{"taxonomy":"product_brand","embeddable":true,"href":"https:\/\/blackviewphones.com\/es\/wp-json\/wp\/v2\/product_brand?post=12164"},{"taxonomy":"product_cat","embeddable":true,"href":"https:\/\/blackviewphones.com\/es\/wp-json\/wp\/v2\/product_cat?post=12164"},{"taxonomy":"product_tag","embeddable":true,"href":"https:\/\/blackviewphones.com\/es\/wp-json\/wp\/v2\/product_tag?post=12164"}],"curies":[{"name":"wp","href":"https:\/\/api.w.org\/{rel}","templated":true}]}}