

{"id":11538,"date":"2026-01-21T09:50:20","date_gmt":"2026-01-21T08:50:20","guid":{"rendered":"https:\/\/blackviewphones.com\/?post_type=product&#038;p=11538"},"modified":"2026-05-06T10:34:42","modified_gmt":"2026-05-06T08:34:42","slug":"tablet-blackview-mega-12-5g-ip69k","status":"publish","type":"product","link":"https:\/\/blackviewphones.com\/es\/product\/tablet-blackview-mega-12-5g-ip69k\/","title":{"rendered":"Tablet Blackview MEGA 12 5G IP69K | 48 GB RAM 256 GB ROM"},"content":{"rendered":"<h1>Tablet Blackview MEGA 12 5G IP69K | 48GB(12GB+36GB) RAM 256 GB ROM<\/h1>\n<p><span style=\"color: #800000;\"><strong>\ud83c\udf81 Esta versi\u00f3n viene con el PACK COMPLETO: l\u00e1piz stylus, auriculares, rat\u00f3n, cristal templado y funda teclado.\u00a0<\/strong><\/span><\/p>\n<p data-start=\"252\" data-end=\"610\">La Blackview MEGA 12 integra un <strong data-start=\"284\" data-end=\"330\">procesador MediaTek Dimensity 7200 5G de 4 nm<\/strong> con conectividad <strong data-start=\"348\" data-end=\"354\">5G<\/strong>, ofreciendo <strong data-start=\"367\" data-end=\"438\">multitarea fluida <\/strong>con su pantalla 12\u2033<strong data-start=\"367\" data-end=\"438\">, aplicaciones exigentes y navegaci\u00f3n ultrarr\u00e1pida<\/strong>. Es una tablet con Android 16 que soporta hasta <strong>48\u00a0GB de RAM LPDDR5<\/strong> y almacenamiento interno de hasta <strong data-start=\"512\" data-end=\"530\">256 GB UFS 3.1<\/strong>, ampliable hasta <strong data-start=\"548\" data-end=\"556\">2 TB<\/strong> con tarjeta TF.<\/p>\n<p data-start=\"612\" data-end=\"660\"><strong>\ud83c\udf0a Certificaci\u00f3n IP69K \u2013 Resistencia Extrema y drenaje de agua<\/strong><\/p>\n<p data-start=\"661\" data-end=\"905\">Dise\u00f1ada para uso real, esta tablet cuenta con <strong data-start=\"708\" data-end=\"731\">certificaci\u00f3n IP69K<\/strong>, lo que significa <strong data-start=\"750\" data-end=\"827\">protecci\u00f3n total contra chorros de agua a alta presi\u00f3n, polvo y condiciones extremas<\/strong>, ideal incluso para entornos dif\u00edciles. Supero pruebas de 85\u00baC agua caliente. Adem\u00e1s, cuenta con una funci\u00f3n de autolimpieza para liberar agua, con una sola pulsaci\u00f3n, el sistema hace vibrar el m\u00f3dulo del altavoz para expulsar el agua y el polvo atrapados.<\/p>\n<p data-start=\"907\" data-end=\"952\"><strong>\ud83d\udda5\ufe0f Pantalla Inmersiva de Alta Frecuencia<\/strong><\/p>\n<p data-start=\"953\" data-end=\"1150\">Su <strong data-start=\"956\" data-end=\"994\">pantalla de 12,2\u2033 QFHD+ con 120 Hz<\/strong> ofrece una experiencia visual suave y detallada, perfecta para productividad, entretenimiento o contenido multimedia.<\/p>\n<p data-start=\"1152\" data-end=\"1190\"><strong>\ud83d\udd0b Bater\u00eda Grande con Carga R\u00e1pida<\/strong><\/p>\n<p data-start=\"1191\" data-end=\"1394\">Equipada con una <strong data-start=\"1208\" data-end=\"1233\">bater\u00eda de 10 000 mAh<\/strong> y <strong data-start=\"1236\" data-end=\"1260\">carga r\u00e1pida de 55 W<\/strong>, la MEGA 12 asegura horas de uso continuo para trabajo, estudio o diversi\u00f3n sin interrupciones.<\/p>\n<p data-start=\"1396\" data-end=\"1441\"><strong>\ud83d\udcf8 C\u00e1maras Potentes para Crear y Capturar<\/strong><\/p>\n<p data-start=\"1442\" data-end=\"1635\">Incluye una <strong data-start=\"1454\" data-end=\"1481\">c\u00e1mara trasera de 50 MP<\/strong> y una <strong data-start=\"1488\" data-end=\"1508\">frontal de 13 MP<\/strong>, perfectas para videollamadas, escaneo de documentos y contenido visual en alta calidad.<\/p>\n<p data-start=\"1637\" data-end=\"1665\"><strong>\ud83d\udd04 Conectividad Completa<\/strong><\/p>\n<p data-start=\"1666\" data-end=\"1893\">Bluetooth 5.3, <strong data-start=\"1681\" data-end=\"1693\">Wi-Fi 6E<\/strong>, navegaci\u00f3n avanzada (GPS\/GLONASS\/Beidou\/Galileo\/QZSS) y doble SIM hacen de esta tablet una herramienta vers\u00e1til tanto para conectividad diaria como profesional.<\/p>\n<p><b>IP69K + MIL-STD-810H: LO QUE PUEDES Y NO PUEDES HACER<\/b><\/p>\n<p>Un dispositivo con certificaci\u00f3n IP69K y pruebas superadas seg\u00fan el est\u00e1ndar militar MIL-STD-810H ofrece un nivel de resistencia superior tanto frente a agua a alta presi\u00f3n, polvo, como frente a golpes, vibraciones y temperaturas extremas.<\/p>\n<p><strong>Este est\u00e1ndar militar estadounidense eval\u00faa el comportamiento del dispositivo en situaciones reales de uso exigente, aunque no garantiza indestructibilidad. Te dejamos unos consejos para cualquier terminal con IP69K y MIL-STD-810H:<\/strong><\/p>\n<ul>\n<li aria-level=\"1\">No asumas que el est\u00e1ndar militar permite impactos extremos o ca\u00eddas desde cualquier altura. El terminal es resistente, pero no irrompible.<\/li>\n<li aria-level=\"1\">Evita exponer el smartphone a presiones, temperaturas o fuerzas m\u00e1s all\u00e1 de los l\u00edmites indicados por el fabricante.<\/li>\n<li aria-level=\"1\">Aunque pueda soportar agua a alta presi\u00f3n, no lo sumerjas prolongadamente ni manipules botones bajo el agua o durante chorros directos.<\/li>\n<li aria-level=\"1\">Si el terminal ha estado en contacto con agua dulce, s\u00e9calo cuidadosamente con un pa\u00f1o suave.<\/li>\n<li aria-level=\"1\">Si ha estado expuesto a agua salada, barro, qu\u00edmicos o cualquier l\u00edquido distinto al agua dulce, enju\u00e1galo con suavidad usando agua dulce y luego s\u00e9calo por completo.<\/li>\n<li aria-level=\"1\">No realices pruebas extremas con fuego, impactos deliberados o ca\u00eddas innecesarias solo para demostrar resistencia.<\/li>\n<li aria-level=\"1\">Aseg\u00farate de que todas las tapas, protecciones o juntas est\u00e9n completamente cerradas antes de exponer el dispositivo a polvo, presi\u00f3n o humedad.<\/li>\n<li aria-level=\"1\">Aunque soporte vibraciones y temperaturas exigentes, evita usarlo de forma prolongada en maquinaria pesada que exceda los rangos certificados.<\/li>\n<\/ul>\n","protected":false},"excerpt":{"rendered":"<p>La <strong data-start=\"3\" data-end=\"27\">Blackview MEGA 12 5G<\/strong> es una <strong data-start=\"35\" data-end=\"65\">tablet 5G resistente IP69K<\/strong> creada para un <strong data-start=\"81\" data-end=\"112\">uso intensivo y profesional<\/strong>. Ofrece <strong data-start=\"121\" data-end=\"141\">alto rendimiento<\/strong>, <strong data-start=\"143\" data-end=\"170\">c\u00e1mara trasera de 50 MP<\/strong> para capturas detalladas y una <strong data-start=\"202\" data-end=\"219\">gran pantalla<\/strong> ideal para productividad y multimedia. Su dise\u00f1o robusto la convierte en la <strong data-start=\"296\" data-end=\"363\">tablet resistente perfecta para trabajo, industria y exteriores<\/strong>, garantizando <strong data-start=\"378\" data-end=\"415\">velocidad, seguridad y fiabilidad<\/strong> en cualquier entorno \ud83c\udf0d\u26a1<\/p>\n","protected":false},"featured_media":13072,"comment_status":"open","ping_status":"closed","template":"","meta":{"_acf_changed":false},"product_brand":[287],"product_cat":[159,95,328],"product_tag":[],"class_list":{"0":"post-11538","1":"product","2":"type-product","3":"status-publish","4":"has-post-thumbnail","6":"product_brand-blackview","7":"product_cat-ofertas","8":"product_cat-tablets-blackview","9":"product_cat-tablets-blackview-tablets-inteligentes-blackview","11":"first","12":"instock","13":"sale","14":"shipping-taxable","15":"purchasable","16":"product-type-variable","17":"has-default-attributes"},"acf":[],"_links":{"self":[{"href":"https:\/\/blackviewphones.com\/es\/wp-json\/wp\/v2\/product\/11538","targetHints":{"allow":["GET"]}}],"collection":[{"href":"https:\/\/blackviewphones.com\/es\/wp-json\/wp\/v2\/product"}],"about":[{"href":"https:\/\/blackviewphones.com\/es\/wp-json\/wp\/v2\/types\/product"}],"replies":[{"embeddable":true,"href":"https:\/\/blackviewphones.com\/es\/wp-json\/wp\/v2\/comments?post=11538"}],"version-history":[{"count":1,"href":"https:\/\/blackviewphones.com\/es\/wp-json\/wp\/v2\/product\/11538\/revisions"}],"predecessor-version":[{"id":13884,"href":"https:\/\/blackviewphones.com\/es\/wp-json\/wp\/v2\/product\/11538\/revisions\/13884"}],"wp:featuredmedia":[{"embeddable":true,"href":"https:\/\/blackviewphones.com\/es\/wp-json\/wp\/v2\/media\/13072"}],"wp:attachment":[{"href":"https:\/\/blackviewphones.com\/es\/wp-json\/wp\/v2\/media?parent=11538"}],"wp:term":[{"taxonomy":"product_brand","embeddable":true,"href":"https:\/\/blackviewphones.com\/es\/wp-json\/wp\/v2\/product_brand?post=11538"},{"taxonomy":"product_cat","embeddable":true,"href":"https:\/\/blackviewphones.com\/es\/wp-json\/wp\/v2\/product_cat?post=11538"},{"taxonomy":"product_tag","embeddable":true,"href":"https:\/\/blackviewphones.com\/es\/wp-json\/wp\/v2\/product_tag?post=11538"}],"curies":[{"name":"wp","href":"https:\/\/api.w.org\/{rel}","templated":true}]}}