

{"id":11500,"date":"2026-01-20T16:19:51","date_gmt":"2026-01-20T15:19:51","guid":{"rendered":"https:\/\/blackviewphones.com\/?post_type=product&#038;p=11500"},"modified":"2026-05-06T13:14:14","modified_gmt":"2026-05-06T11:14:14","slug":"blackview-xplore-x1","status":"publish","type":"product","link":"https:\/\/blackviewphones.com\/es\/product\/blackview-xplore-x1\/","title":{"rendered":"Blackview XPLORE X1 | Con 700 Nits y 108 MP de c\u00e1mara"},"content":{"rendered":"<h1 data-start=\"3314\" data-end=\"3593\">Blackview XPLORE X1 | Con 700 Nits y 108 MP de c\u00e1mara<\/h1>\n<p>El Blackview <strong>Xplore X1<\/strong> es el primer m\u00f3vil de la l\u00ednea <em>Xplore<\/em> de Blackview con c\u00e1mara de alta definici\u00f3n. Adem\u00e1s, cienta con <strong>700 Nits<\/strong> y la funci\u00f3n de <strong>infrarrojo control remoto<\/strong>. Con <strong>12 GB de RAM expandibles virtualmente hasta 36 GB de RAM<\/strong> y <strong>256 GB de ROM<\/strong><\/p>\n<h2 data-start=\"3314\" data-end=\"3593\"><strong data-start=\"3314\" data-end=\"3358\">Rendimiento y productividad superior<\/strong><\/h2>\n<p data-start=\"3314\" data-end=\"3593\">Blackview XPLORE X1 ofrece potencia de vanguardia con su procesador MediaTek Dimensity 7050 5G AI y hasta 36 GB de RAM junto a almacenamiento UFS 4.0, ideal para multitarea intensiva, gaming y productividad m\u00f3vil sin interrupciones.<\/p>\n<h2 data-start=\"3314\" data-end=\"3593\"><strong data-start=\"3595\" data-end=\"3643\">\u00a0Fotograf\u00eda profesional de 108 Mpx, selfie 50 Mpx y c\u00e1mara visi\u00f3n nocturna integrada<\/strong><\/h2>\n<p data-start=\"3314\" data-end=\"3593\">Captura cada detalle con la c\u00e1mara principal de 108 MP, selfie de 50 MP y sensor de visi\u00f3n nocturna de 20 MP. Perfecto para creadores de contenido y fot\u00f3grafos que necesitan calidad sobresaliente en cualquier condici\u00f3n de luz.<\/p>\n<h2 data-start=\"3314\" data-end=\"3593\"><strong data-start=\"3874\" data-end=\"3925\">Resistencia extrema para entornos exigentes<\/strong><\/h2>\n<p data-start=\"3314\" data-end=\"3593\">Dise\u00f1ado para uso outdoor y trabajo duro, el XPLORE X1 cuenta con certificaciones IP68\/IP69K y MIL-STD-810H, funciones Underwater y Glove Mode para operarlo incluso con guantes o bajo el agua. Wi-Fi 6, NFC e infrared completan una conectividad superior.<\/p>\n<p><strong>IP68: LO QUE PUEDES Y NO PUEDES HACER<\/strong><\/p>\n<p>Si un dispositivo tiene certificaci\u00f3n IP68, significa que puede ser sumergido en\u00a0<strong>agua dulce<\/strong>\u00a0<strong>a profundidades de hasta un metro durante un m\u00e1ximo de 30 minutos, siempre que se mantengan las protecciones del terminal con su debida estanqueidad.<\/strong><\/p>\n<p><strong>Te dejamos unos consejos<\/strong>\u00a0<strong>para cualquier terminal con la certificaci\u00f3n IP68<\/strong>:<\/p>\n<ul>\n<li>No expongas el smartphone con IP68 a corrientes de agua, tales como el agua del grifo, las olas del mar o cascadas.<\/li>\n<li>Adem\u00e1s, si el smartphone con IP68 ha sido expuesto a agua dulce, secar con cuidado con un pa\u00f1o limpio y suave.<\/li>\n<li>Si el smartphone con IP68 ha sido expuesto a cualquier tipo de l\u00edquido que no sea agua dulce (como por ejemplo agua de mar), lavar inmediatamente el terminal con agua dulce de forma suave, y secar con cuidado con un pa\u00f1o suave y limpio.<\/li>\n<li>Ante cualquier duda de que las protecciones est\u00e9n bien cerradas.\u00a0<strong>NO\u00a0<\/strong>lo mojes.<\/li>\n<li>Evitar realizar pruebas agresivas para mostrar su resistencia<\/li>\n<li>No es conveniente manipular los botones del dispositivo dentro del agua<\/li>\n<li>Se recomienda NO mojar el dispositivo en agua salada porque la certificaci\u00f3n IP solo aplica en agua dulce.<\/li>\n<\/ul>\n<p><b>IP69K + MIL-STD-810H: LO QUE PUEDES Y NO PUEDES HACER<\/b><\/p>\n<p><span style=\"font-weight: 400;\">Un dispositivo con certificaci\u00f3n IP69K y pruebas superadas seg\u00fan el est\u00e1ndar militar MIL-STD-810H ofrece un nivel de resistencia superior tanto frente a agua a alta presi\u00f3n, polvo, como frente a golpes, vibraciones y temperaturas extremas.<\/span><\/p>\n<p><strong>Este est\u00e1ndar militar estadounidense eval\u00faa el comportamiento del dispositivo en situaciones reales de uso exigente, aunque no garantiza indestructibilidad. Te dejamos unos consejos para cualquier terminal con IP69K y MIL-STD-810H:<\/strong><\/p>\n<ul>\n<li style=\"font-weight: 400;\" aria-level=\"1\"><span style=\"font-weight: 400;\">No asumas que el est\u00e1ndar militar permite impactos extremos o ca\u00eddas desde cualquier altura. El terminal es resistente, pero no irrompible.<\/span><\/li>\n<li style=\"font-weight: 400;\" aria-level=\"1\"><span style=\"font-weight: 400;\">Evita exponer el smartphone a presiones, temperaturas o fuerzas m\u00e1s all\u00e1 de los l\u00edmites indicados por el fabricante.<\/span><\/li>\n<li style=\"font-weight: 400;\" aria-level=\"1\"><span style=\"font-weight: 400;\">Aunque pueda soportar agua a alta presi\u00f3n, no lo sumerjas prolongadamente ni manipules botones bajo el agua o durante chorros directos.<\/span><\/li>\n<li style=\"font-weight: 400;\" aria-level=\"1\"><span style=\"font-weight: 400;\">Si el terminal ha estado en contacto con agua dulce, s\u00e9calo cuidadosamente con un pa\u00f1o suave.<\/span><\/li>\n<li style=\"font-weight: 400;\" aria-level=\"1\"><span style=\"font-weight: 400;\">Si ha estado expuesto a agua salada, barro, qu\u00edmicos o cualquier l\u00edquido distinto al agua dulce, enju\u00e1galo con suavidad usando agua dulce y luego s\u00e9calo por completo.<\/span><\/li>\n<li style=\"font-weight: 400;\" aria-level=\"1\"><span style=\"font-weight: 400;\">No realices pruebas extremas con fuego, impactos deliberados o ca\u00eddas innecesarias solo para demostrar resistencia.<\/span><\/li>\n<li style=\"font-weight: 400;\" aria-level=\"1\"><span style=\"font-weight: 400;\">Aseg\u00farate de que todas las tapas, protecciones o juntas est\u00e9n completamente cerradas antes de exponer el dispositivo a polvo, presi\u00f3n o humedad.<\/span><\/li>\n<li style=\"font-weight: 400;\" aria-level=\"1\"><span style=\"font-weight: 400;\">Aunque soporte vibraciones y temperaturas exigentes, evita usarlo de forma prolongada en maquinaria pesada que exceda los rangos certificados.<\/span><\/li>\n<\/ul>\n","protected":false},"excerpt":{"rendered":"<p data-start=\"106\" data-end=\"435\">El Blackview <strong>XPLORE X1<\/strong> es un smartphone rugged 5G AI con c\u00e1mara de 108 MP, selfie de 50 MP y <strong>visi\u00f3n nocturna<\/strong>, dise\u00f1ado para m\u00e1xima resistencia. Incorpora pantalla de 120 Hz y <strong>700 nits<\/strong>, bater\u00eda de <strong>10 000 mAh<\/strong>, Wi-Fi 6, infrared y funciones especiales como Underwater, Glove Mode y ToolBag.<\/p>\n","protected":false},"featured_media":11501,"comment_status":"open","ping_status":"closed","template":"","meta":{"_acf_changed":false},"product_brand":[287],"product_cat":[42,136,159,332],"product_tag":[],"class_list":{"0":"post-11500","1":"product","2":"type-product","3":"status-publish","4":"has-post-thumbnail","6":"product_brand-blackview","7":"product_cat-moviles-blackview","8":"product_cat-moviles-resistentes-rugerizados","9":"product_cat-ofertas","10":"product_cat-reservar-moviles-blackview","12":"first","13":"instock","14":"sale","15":"shipping-taxable","16":"purchasable","17":"product-type-variable","18":"has-default-attributes"},"acf":[],"_links":{"self":[{"href":"https:\/\/blackviewphones.com\/es\/wp-json\/wp\/v2\/product\/11500","targetHints":{"allow":["GET"]}}],"collection":[{"href":"https:\/\/blackviewphones.com\/es\/wp-json\/wp\/v2\/product"}],"about":[{"href":"https:\/\/blackviewphones.com\/es\/wp-json\/wp\/v2\/types\/product"}],"replies":[{"embeddable":true,"href":"https:\/\/blackviewphones.com\/es\/wp-json\/wp\/v2\/comments?post=11500"}],"version-history":[{"count":0,"href":"https:\/\/blackviewphones.com\/es\/wp-json\/wp\/v2\/product\/11500\/revisions"}],"wp:featuredmedia":[{"embeddable":true,"href":"https:\/\/blackviewphones.com\/es\/wp-json\/wp\/v2\/media\/11501"}],"wp:attachment":[{"href":"https:\/\/blackviewphones.com\/es\/wp-json\/wp\/v2\/media?parent=11500"}],"wp:term":[{"taxonomy":"product_brand","embeddable":true,"href":"https:\/\/blackviewphones.com\/es\/wp-json\/wp\/v2\/product_brand?post=11500"},{"taxonomy":"product_cat","embeddable":true,"href":"https:\/\/blackviewphones.com\/es\/wp-json\/wp\/v2\/product_cat?post=11500"},{"taxonomy":"product_tag","embeddable":true,"href":"https:\/\/blackviewphones.com\/es\/wp-json\/wp\/v2\/product_tag?post=11500"}],"curies":[{"name":"wp","href":"https:\/\/api.w.org\/{rel}","templated":true}]}}