

{"id":11449,"date":"2026-01-20T12:29:01","date_gmt":"2026-01-20T11:29:01","guid":{"rendered":"https:\/\/blackviewphones.com\/?post_type=product&#038;p=11449"},"modified":"2026-04-23T13:04:22","modified_gmt":"2026-04-23T11:04:22","slug":"blackview-shark-6-5g","status":"publish","type":"product","link":"https:\/\/blackviewphones.com\/es\/product\/blackview-shark-6-5g\/","title":{"rendered":"Blackview SHARK 6 5G | 12 GB RAM 128 GB ROM"},"content":{"rendered":"<h1>Blackview SHARK 6 5G | 12 GB RAM 128 GB ROM<\/h1>\n<p>Descubre el nuevo SHARK 6 5G de Blackview con NFC, un m\u00f3vil convencional con 6,88\u2033. Este tel\u00e9fono m\u00f3vil, con Android 14, cuenta con una memoria de hasta 12 GB RAM y\u00a0 hasta 2 TB de ROM, a\u00f1adiendo una tarjeta de memoria externa. Adem\u00e1s, tiene una c\u00e1mara principal de 16 Mpx.<\/p>\n<h3>M\u00f3vil con bater\u00eda de 5000 mAh con carga r\u00e1pida 18 W<\/h3>\n<p>El SHARK 6 incorpora una bater\u00eda superior a la media y resulta ser una poderosa central el\u00e9ctrica que lo alimenta continuamente, a la altura de m\u00e1s de un d\u00eda de uso regular. Incluso si eres un gran usuario de tel\u00e9fonos inteligentes, todav\u00eda dura m\u00e1s de lo que puedes esperar.<\/p>\n<h2>\u00bfPor qu\u00e9 elegir Blackview SHARK 6?<\/h2>\n<ul>\n<li>M\u00f3vil con DOKE AI<\/li>\n<li>Im\u00e1genes fluidas con la pantalla HD+ AI de 6,88\u2033 y 120 Hz<\/li>\n<li>Rendimiento 5G sin interupciones con Unisoc T8100<\/li>\n<li>Cada imagen se vuelve perfecta con la magia de la edici\u00f3n de fotos con IA<\/li>\n<li>\u00daltimo DokeOS 4.2 basado en Android 15<\/li>\n<\/ul>\n<div class=\"su-youtube su-u-responsive-media-yes\"><\/div>\n","protected":false},"excerpt":{"rendered":"<p>Unisoc T8100<\/p>\n<p>8GB+16GB RAM 128GB ROM<\/p>\n<p>Android 15 NFC<\/p>\n<p>171.05*77.66*8.45mm<\/p>\n<p>Pantalla 6,88&#8243; Peso 210.5 g<\/p>\n<p>5000 mAh<\/p>\n<p>C\u00e1mara Principal 16 Mpx<\/p>\n<div id=\"gtx-trans\" style=\"position: absolute; left: 618px; top: 236.99px;\">\n<div class=\"gtx-trans-icon\"><\/div>\n<\/div>\n","protected":false},"featured_media":13545,"comment_status":"closed","ping_status":"closed","template":"","meta":{"_acf_changed":false},"product_brand":[287],"product_cat":[42,327,159,332],"product_tag":[],"class_list":{"0":"post-11449","1":"product","2":"type-product","3":"status-publish","4":"has-post-thumbnail","6":"product_brand-blackview","7":"product_cat-moviles-blackview","8":"product_cat-moviles-inteligentes-blackview","9":"product_cat-ofertas","10":"product_cat-reservar-moviles-blackview","12":"first","13":"instock","14":"sale","15":"shipping-taxable","16":"purchasable","17":"product-type-variable","18":"has-default-attributes"},"acf":[],"_links":{"self":[{"href":"https:\/\/blackviewphones.com\/es\/wp-json\/wp\/v2\/product\/11449","targetHints":{"allow":["GET"]}}],"collection":[{"href":"https:\/\/blackviewphones.com\/es\/wp-json\/wp\/v2\/product"}],"about":[{"href":"https:\/\/blackviewphones.com\/es\/wp-json\/wp\/v2\/types\/product"}],"replies":[{"embeddable":true,"href":"https:\/\/blackviewphones.com\/es\/wp-json\/wp\/v2\/comments?post=11449"}],"version-history":[{"count":0,"href":"https:\/\/blackviewphones.com\/es\/wp-json\/wp\/v2\/product\/11449\/revisions"}],"wp:featuredmedia":[{"embeddable":true,"href":"https:\/\/blackviewphones.com\/es\/wp-json\/wp\/v2\/media\/13545"}],"wp:attachment":[{"href":"https:\/\/blackviewphones.com\/es\/wp-json\/wp\/v2\/media?parent=11449"}],"wp:term":[{"taxonomy":"product_brand","embeddable":true,"href":"https:\/\/blackviewphones.com\/es\/wp-json\/wp\/v2\/product_brand?post=11449"},{"taxonomy":"product_cat","embeddable":true,"href":"https:\/\/blackviewphones.com\/es\/wp-json\/wp\/v2\/product_cat?post=11449"},{"taxonomy":"product_tag","embeddable":true,"href":"https:\/\/blackviewphones.com\/es\/wp-json\/wp\/v2\/product_tag?post=11449"}],"curies":[{"name":"wp","href":"https:\/\/api.w.org\/{rel}","templated":true}]}}