

{"id":10870,"date":"2025-12-30T16:27:59","date_gmt":"2025-12-30T15:27:59","guid":{"rendered":"https:\/\/blackviewphones.com\/?post_type=product&#038;p=10870"},"modified":"2026-04-22T09:54:22","modified_gmt":"2026-04-22T07:54:22","slug":"blackview-rock-2-5g","status":"publish","type":"product","link":"https:\/\/blackviewphones.com\/es\/product\/blackview-rock-2-5g\/","title":{"rendered":"Blackview Rock 2 5G | 650 Nits y 15 000 mAh"},"content":{"rendered":"<h1><span dir=\"auto\" style=\"vertical-align: inherit;\"><span dir=\"auto\" style=\"vertical-align: inherit;\">Blackview Rock 2 5G | <\/span><\/span>650 Nits y 15 000 mAh<\/h1>\n<p>El Blackview ROCK 2 con NFC redefine lo que un tel\u00e9fono robusto puede ofrecer: combina conectividad 5G ultrarr\u00e1pida con una potente bater\u00eda de 15.000 mAh, capaz de garantizar semanas de autonom\u00eda y horas de uso intensivo continuo. Su pantalla de 6,67&#8243; con 650 nits de brillo y actualizaci\u00f3n inteligente con IA de 120 Hz ofrece colores vibrantes y un desplazamiento fluido, ideal para cualquier situaci\u00f3n. Equipado con el potente chipset UNISOC T8100 y hasta 32 GB o 48 GB de RAM virtual, ofrece un rendimiento fluido para aplicaciones exigentes, multitarea y juegos ligeros.<\/p>\n<p>Este dispositivo no solo resiste las condiciones m\u00e1s duras (certificaciones IP68\/IP69K y MIL-STD-810H), sino que tambi\u00e9n ofrece funciones avanzadas como un Asistente Inteligente con IA integrado con m\u00faltiples modelos de IA, altas puntuaciones en AnTuTu, c\u00e1mara subacu\u00e1tica, Modo Guante 2.0 para usar con guantes y herramientas pr\u00e1cticas para exteriores como br\u00fajula, linterna y lupa. Su c\u00e1mara principal de 16 MP y la c\u00e1mara frontal con IA de 13 MP capturan im\u00e1genes detalladas en cualquier situaci\u00f3n, mientras que su gran bater\u00eda admite carga inversa para compartir la energ\u00eda con los accesorios. El Blackview ROCK 2 es ideal para aventureros, profesionales de campo y usuarios que buscan potencia, durabilidad y versatilidad en un solo dispositivo.<\/p>\n<p><strong>IP68: LO QUE PUEDES Y NO PUEDES HACER<\/strong><\/p>\n<p>Si un dispositivo tiene certificaci\u00f3n IP68, significa que puede ser sumergido en\u00a0<strong>agua dulce<\/strong>\u00a0<strong>a profundidades de hasta un metro durante un m\u00e1ximo de 30 minutos, siempre que se mantengan las protecciones del terminal con su debida estanqueidad.<\/strong><\/p>\n<p><strong>Te dejamos unos consejos<\/strong>\u00a0<strong>para cualquier terminal con la certificaci\u00f3n IP68<\/strong>:<\/p>\n<ul>\n<li>No expongas el smartphone con IP68 a corrientes de agua, tales como el agua del grifo, las olas del mar o cascadas.<\/li>\n<li>Adem\u00e1s, si el smartphone con IP68 ha sido expuesto a agua dulce, secar con cuidado con un pa\u00f1o limpio y suave.<\/li>\n<li>Si el smartphone con IP68 ha sido expuesto a cualquier tipo de l\u00edquido que no sea agua dulce (como por ejemplo agua de mar), lavar inmediatamente el terminal con agua dulce de forma suave, y secar con cuidado con un pa\u00f1o suave y limpio.<\/li>\n<li>Ante cualquier duda de que las protecciones est\u00e9n bien cerradas.\u00a0<strong>NO\u00a0<\/strong>lo mojes.<\/li>\n<li>Evitar realizar pruebas agresivas para mostrar su resistencia<\/li>\n<li>No es conveniente manipular los botones del dispositivo dentro del agua<\/li>\n<li>Se recomienda NO mojar el dispositivo en agua salada porque la certificaci\u00f3n IP solo aplica en agua dulce.<\/li>\n<\/ul>\n<p><b>IP69K + MIL-STD-810H: LO QUE PUEDES Y NO PUEDES HACER<\/b><\/p>\n<p><span style=\"font-weight: 400;\">Un dispositivo con certificaci\u00f3n IP69K y pruebas superadas seg\u00fan el est\u00e1ndar militar MIL-STD-810H ofrece un nivel de resistencia superior tanto frente a agua a alta presi\u00f3n, polvo, como frente a golpes, vibraciones y temperaturas extremas.<\/span><\/p>\n<p><strong>Este est\u00e1ndar militar estadounidense eval\u00faa el comportamiento del dispositivo en situaciones reales de uso exigente, aunque no garantiza indestructibilidad. Te dejamos unos consejos para cualquier terminal con IP69K y MIL-STD-810H:<\/strong><\/p>\n<ul>\n<li style=\"font-weight: 400;\" aria-level=\"1\"><span style=\"font-weight: 400;\">No asumas que el est\u00e1ndar militar permite impactos extremos o ca\u00eddas desde cualquier altura. El terminal es resistente, pero no irrompible.<\/span><\/li>\n<li style=\"font-weight: 400;\" aria-level=\"1\"><span style=\"font-weight: 400;\">Evita exponer el smartphone a presiones, temperaturas o fuerzas m\u00e1s all\u00e1 de los l\u00edmites indicados por el fabricante.<\/span><\/li>\n<li style=\"font-weight: 400;\" aria-level=\"1\"><span style=\"font-weight: 400;\">Aunque pueda soportar agua a alta presi\u00f3n, no lo sumerjas prolongadamente ni manipules botones bajo el agua o durante chorros directos.<\/span><\/li>\n<li style=\"font-weight: 400;\" aria-level=\"1\"><span style=\"font-weight: 400;\">Si el terminal ha estado en contacto con agua dulce, s\u00e9calo cuidadosamente con un pa\u00f1o suave.<\/span><\/li>\n<li style=\"font-weight: 400;\" aria-level=\"1\"><span style=\"font-weight: 400;\">Si ha estado expuesto a agua salada, barro, qu\u00edmicos o cualquier l\u00edquido distinto al agua dulce, enju\u00e1galo con suavidad usando agua dulce y luego s\u00e9calo por completo.<\/span><\/li>\n<li style=\"font-weight: 400;\" aria-level=\"1\"><span style=\"font-weight: 400;\">No realices pruebas extremas con fuego, impactos deliberados o ca\u00eddas innecesarias solo para demostrar resistencia.<\/span><\/li>\n<li style=\"font-weight: 400;\" aria-level=\"1\"><span style=\"font-weight: 400;\">Aseg\u00farate de que todas las tapas, protecciones o juntas est\u00e9n completamente cerradas antes de exponer el dispositivo a polvo, presi\u00f3n o humedad.<\/span><\/li>\n<li style=\"font-weight: 400;\" aria-level=\"1\"><span style=\"font-weight: 400;\">Aunque soporte vibraciones y temperaturas exigentes, evita usarlo de forma prolongada en maquinaria pesada que exceda los rangos certificados.<\/span><\/li>\n<\/ul>\n<p>&nbsp;<\/p>\n","protected":false},"excerpt":{"rendered":"<p>El Blackview ROCK 2 es un smartphone <strong data-start=\"217\" data-end=\"234\">rugerizado 5G<\/strong> con bater\u00eda de <strong data-start=\"250\" data-end=\"264\">15.000 mAh<\/strong>, pantalla de <strong data-start=\"278\" data-end=\"298\">6,67\u201d y 650 nits<\/strong>, <strong data-start=\"300\" data-end=\"322\">AI Smart Assistant<\/strong>, c\u00e1mara con <strong data-start=\"335\" data-end=\"354\">modo Underwater<\/strong>, <strong data-start=\"356\" data-end=\"374\">Glove Mode 2.0<\/strong> y <strong data-start=\"377\" data-end=\"394\">carga inversa<\/strong>. Dise\u00f1ado para trabajo duro y uso extremo.<\/p>\n","protected":false},"featured_media":13453,"comment_status":"open","ping_status":"closed","template":"","meta":{"_acf_changed":false},"product_brand":[287],"product_cat":[42,136,166,159],"product_tag":[],"class_list":{"0":"post-10870","1":"product","2":"type-product","3":"status-publish","4":"has-post-thumbnail","6":"product_brand-blackview","7":"product_cat-moviles-blackview","8":"product_cat-moviles-resistentes-rugerizados","9":"product_cat-moviles-resistentes-rugerizados-nuevos-modelos","10":"product_cat-ofertas","12":"first","13":"instock","14":"sale","15":"shipping-taxable","16":"purchasable","17":"product-type-variable","18":"has-default-attributes"},"acf":[],"_links":{"self":[{"href":"https:\/\/blackviewphones.com\/es\/wp-json\/wp\/v2\/product\/10870","targetHints":{"allow":["GET"]}}],"collection":[{"href":"https:\/\/blackviewphones.com\/es\/wp-json\/wp\/v2\/product"}],"about":[{"href":"https:\/\/blackviewphones.com\/es\/wp-json\/wp\/v2\/types\/product"}],"replies":[{"embeddable":true,"href":"https:\/\/blackviewphones.com\/es\/wp-json\/wp\/v2\/comments?post=10870"}],"version-history":[{"count":0,"href":"https:\/\/blackviewphones.com\/es\/wp-json\/wp\/v2\/product\/10870\/revisions"}],"wp:featuredmedia":[{"embeddable":true,"href":"https:\/\/blackviewphones.com\/es\/wp-json\/wp\/v2\/media\/13453"}],"wp:attachment":[{"href":"https:\/\/blackviewphones.com\/es\/wp-json\/wp\/v2\/media?parent=10870"}],"wp:term":[{"taxonomy":"product_brand","embeddable":true,"href":"https:\/\/blackviewphones.com\/es\/wp-json\/wp\/v2\/product_brand?post=10870"},{"taxonomy":"product_cat","embeddable":true,"href":"https:\/\/blackviewphones.com\/es\/wp-json\/wp\/v2\/product_cat?post=10870"},{"taxonomy":"product_tag","embeddable":true,"href":"https:\/\/blackviewphones.com\/es\/wp-json\/wp\/v2\/product_tag?post=10870"}],"curies":[{"name":"wp","href":"https:\/\/api.w.org\/{rel}","templated":true}]}}