

{"id":10391,"date":"2025-12-16T13:09:38","date_gmt":"2025-12-16T12:09:38","guid":{"rendered":"https:\/\/blackviewphones.com\/?post_type=product&#038;p=10391"},"modified":"2026-04-29T14:24:39","modified_gmt":"2026-04-29T12:24:39","slug":"portatil-blackview-acebook-12-12th-i5","status":"publish","type":"product","link":"https:\/\/blackviewphones.com\/es\/product\/portatil-blackview-acebook-12-12th-i5\/","title":{"rendered":"Blackview Acebook 12 12th i5 -12450h | 16 GB RAM 512 GB SSD"},"content":{"rendered":"<h1>Port\u00e1til Blackview Acebook 12 12th i5 -12450h | 16 GB RAM 512 GB SSD<\/h1>\n<p><span data-teams=\"true\">Con carcasa met\u00e1lica, peso de solo 1,6 kg y altavoces est\u00e9reo Dual BOX, el AceBook 12 combina dise\u00f1o elegante con funcionalidad. Cuenta con lector de huellas dactilares aportan seguridad y comodidad para el d\u00eda a d\u00eda, tanto en oficina como en teletrabajo. Su pantalla puede girar de 0\u00ba a 180\u00ba, para adaptarse a tus necesidades.<\/span><\/p>\n<p><strong>Este terminal cuenta con Windows 11 PRO con licencia OEM de por vida, es una licencia ligada al hadware del equipo y no se puede transferir a otro ordenador.<\/strong><\/p>\n","protected":false},"excerpt":{"rendered":"<p><span data-teams=\"true\">Para usuarios que buscan seguridad y comodidad, el lector de huellas dactilares permite un acceso r\u00e1pido y protegido. Windows 11 Pro a\u00f1ade funciones avanzadas de gesti\u00f3n y seguridad, lo que lo hace adecuado para empresas, aut\u00f3nomos y estudiantes avanzados. Su pantalla amplia y teclado completo lo convierten en una herramienta c\u00f3moda para escribir durante horas.<\/span><\/p>\n<p><em>Este terminal cuenta con Windows 11 PRO con licencia OEM de por vida, es una licencia ligada al hadware del equipo y no se puede transferir a otro ordenador.<\/em><\/p>\n","protected":false},"featured_media":10401,"comment_status":"open","ping_status":"closed","template":"","meta":{"_acf_changed":false},"product_brand":[287],"product_cat":[349],"product_tag":[],"class_list":{"0":"post-10391","1":"product","2":"type-product","3":"status-publish","4":"has-post-thumbnail","6":"product_brand-blackview","7":"product_cat-sin-categoria","9":"first","10":"instock","11":"sale","12":"shipping-taxable","13":"purchasable","14":"product-type-variable","15":"has-default-attributes"},"acf":[],"_links":{"self":[{"href":"https:\/\/blackviewphones.com\/es\/wp-json\/wp\/v2\/product\/10391","targetHints":{"allow":["GET"]}}],"collection":[{"href":"https:\/\/blackviewphones.com\/es\/wp-json\/wp\/v2\/product"}],"about":[{"href":"https:\/\/blackviewphones.com\/es\/wp-json\/wp\/v2\/types\/product"}],"replies":[{"embeddable":true,"href":"https:\/\/blackviewphones.com\/es\/wp-json\/wp\/v2\/comments?post=10391"}],"version-history":[{"count":0,"href":"https:\/\/blackviewphones.com\/es\/wp-json\/wp\/v2\/product\/10391\/revisions"}],"wp:featuredmedia":[{"embeddable":true,"href":"https:\/\/blackviewphones.com\/es\/wp-json\/wp\/v2\/media\/10401"}],"wp:attachment":[{"href":"https:\/\/blackviewphones.com\/es\/wp-json\/wp\/v2\/media?parent=10391"}],"wp:term":[{"taxonomy":"product_brand","embeddable":true,"href":"https:\/\/blackviewphones.com\/es\/wp-json\/wp\/v2\/product_brand?post=10391"},{"taxonomy":"product_cat","embeddable":true,"href":"https:\/\/blackviewphones.com\/es\/wp-json\/wp\/v2\/product_cat?post=10391"},{"taxonomy":"product_tag","embeddable":true,"href":"https:\/\/blackviewphones.com\/es\/wp-json\/wp\/v2\/product_tag?post=10391"}],"curies":[{"name":"wp","href":"https:\/\/api.w.org\/{rel}","templated":true}]}}