

{"id":3080,"date":"2025-01-17T16:07:56","date_gmt":"2025-01-17T15:07:56","guid":{"rendered":"https:\/\/blackviewphones.com\/?page_id=3080"},"modified":"2025-11-19T14:37:44","modified_gmt":"2025-11-19T13:37:44","slug":"distribuidor","status":"publish","type":"page","link":"https:\/\/blackviewphones.com\/es\/distribuidor\/","title":{"rendered":"Precios especiales para distribuidores"},"content":{"rendered":"\t\t<div data-elementor-type=\"wp-page\" data-elementor-id=\"3080\" class=\"elementor elementor-3080\" data-elementor-post-type=\"page\">\n\t\t\t\t<div class=\"elementor-element elementor-element-ddee498 e-flex e-con-boxed e-con e-parent\" data-id=\"ddee498\" data-element_type=\"container\" data-e-type=\"container\">\n\t\t\t\t\t<div class=\"e-con-inner\">\n\t\t\t\t<div class=\"elementor-element elementor-element-7b9c14d elementor-cta--skin-classic elementor-animated-content elementor-bg-transform elementor-bg-transform-zoom-in elementor-widget elementor-widget-call-to-action\" data-id=\"7b9c14d\" data-element_type=\"widget\" data-e-type=\"widget\" data-widget_type=\"call-to-action.default\">\n\t\t\t\t<div class=\"elementor-widget-container\">\n\t\t\t\t\t\t\t<a class=\"elementor-cta\" href=\"https:\/\/driyphqc841.typeform.com\/to\/rBx097p5\" target=\"_blank\" rel=\"noopener\">\r\n\t\t\t\t\t<div class=\"elementor-cta__bg-wrapper\">\r\n\t\t\t\t<div class=\"elementor-cta__bg elementor-bg\" style=\"background-image: url(https:\/\/blackviewphones.com\/wp-content\/uploads\/2025\/11\/xplore1_pc-20251023095339620-1.webp);\" role=\"img\" aria-label=\"xplore1_pc-20251023095339620\"><\/div>\r\n\t\t\t\t<div class=\"elementor-cta__bg-overlay\"><\/div>\r\n\t\t\t<\/div>\r\n\t\t\t\t\t\t\t<div class=\"elementor-cta__content\">\r\n\t\t\t\t\r\n\t\t\t\t\t\t\t\t\t<h2 class=\"elementor-cta__title elementor-cta__content-item elementor-content-item\">\r\n\t\t\t\t\t\t\u00bfTienes certificado de revendedor? Gana dinero con nosotros\u200b\t\t\t\t\t<\/h2>\r\n\t\t\t\t\r\n\t\t\t\t\r\n\t\t\t\t\t\t\t\t\t<div class=\"elementor-cta__button-wrapper elementor-cta__content-item elementor-content-item \">\r\n\t\t\t\t\t<span class=\"elementor-cta__button elementor-button elementor-size-\">\r\n\t\t\t\t\t\tObten presupuesto personalizado\t\t\t\t\t<\/span>\r\n\t\t\t\t\t<\/div>\r\n\t\t\t\t\t\t\t<\/div>\r\n\t\t\t\t\t\t<\/a>\r\n\t\t\t\t\t\t<\/div>\n\t\t\t\t<\/div>\n\t\t\t\t\t<\/div>\n\t\t\t\t<\/div>\n\t\t<div class=\"elementor-element elementor-element-bd61630 e-grid e-con-boxed e-con e-parent\" data-id=\"bd61630\" data-element_type=\"container\" data-e-type=\"container\">\n\t\t\t\t\t<div class=\"e-con-inner\">\n\t\t\t\t<div class=\"elementor-element elementor-element-51ab7e0 elementor-widget elementor-widget-text-editor\" data-id=\"51ab7e0\" data-element_type=\"widget\" data-e-type=\"widget\" data-widget_type=\"text-editor.default\">\n\t\t\t\t<div class=\"elementor-widget-container\">\n\t\t\t\t\t\t\t\t\t<p>En Blackview Phones estamos constantemente buscando<strong> nuevos distribuidores. Tenemos precios especiales para proveedores<\/strong> y descuentos por volumen. Puedes rellenar este formulario de arriba, tambien puedes contcatar al siguiente telefono <strong>(+34) 935 15 05 20<\/strong> o escribirnos un e-mail con m\u00e1s espacio y fotograf\u00edas adjuntas si lo precisas a la direcci\u00f3n<a href=\"maito:info@blackviewphones.com\"> info@blackviewphones.com<\/a>.<\/p><p>Es mi deber informarle que los datos de car\u00e1cter personal que me proporciones rellenando este formulario ser\u00e1n tratados por:<br \/>Responsable: Identidad: TELEFONOS RESISTENTES S.L. \u2013 NIF: B-67246108 Dir. postal: Valls de Andorra 2 2 1 Tel\u00e9fono: 935150520 Correo electr\u00f3nico: <a href=\"maito:info@blackviewphones.com\">info@blackviewphones.com<\/a><br \/>En nombre de la empresa tratamos la informaci\u00f3n que nos facilita con el fin de prestarles el servicio solicitado, enviarle proformas requeridas o realizar la facturaci\u00f3n del mismo. Los datos proporcionados se conservar\u00e1n mientras se mantenga la relaci\u00f3n comercial o durante los a\u00f1os necesarios para cumplir con las obligaciones legales. Los datos no se ceder\u00e1n a terceros, salvo en los casos en que exista una obligaci\u00f3n legal. Usted tiene derecho a obtener confirmaci\u00f3n sobre si en TELEFONOS RESISTENTES S.L. estamos tratando sus datos personales, por tanto, tiene derecho a acceder a sus datos personales, rectificar los datos inexactos o solicitar su supresi\u00f3n cuando los datos ya no sean necesarios.<br \/>Asimismo, solicito su autorizaci\u00f3n para ofrecerle productos y servicios relacionados con los solicitados y fidelizarle como cliente.<\/p>\t\t\t\t\t\t\t\t<\/div>\n\t\t\t\t<\/div>\n\t\t\t\t\t<\/div>\n\t\t\t\t<\/div>\n\t\t<div class=\"elementor-element elementor-element-7873b57 e-flex e-con-boxed e-con e-parent\" data-id=\"7873b57\" data-element_type=\"container\" data-e-type=\"container\">\n\t\t\t\t\t<div class=\"e-con-inner\">\n\t\t\t\t\t<\/div>\n\t\t\t\t<\/div>\n\t\t\t\t<\/div>\n\t\t","protected":false},"excerpt":{"rendered":"<p>\u00bfTienes certificado de revendedor? Gana dinero con nosotros\u200b Obten presupuesto personalizado En Blackview Phones estamos constantemente buscando nuevos distribuidores. Tenemos precios especiales para proveedores y descuentos por volumen. Puedes rellenar este formulario de arriba, tambien puedes contcatar al siguiente telefono (+34) 935 15 05 20 o escribirnos un e-mail con m\u00e1s espacio y fotograf\u00edas adjuntas<\/p>\n<div class=\"klb-readmore entry-button\"><a class=\"btn read-more\" href=\"https:\/\/blackviewphones.com\/es\/distribuidor\/\">Read More<\/a><\/div>\n","protected":false},"author":2,"featured_media":0,"parent":0,"menu_order":0,"comment_status":"closed","ping_status":"closed","template":"","meta":{"_acf_changed":false,"footnotes":""},"class_list":["post-3080","page","type-page","status-publish","hentry"],"acf":[],"_links":{"self":[{"href":"https:\/\/blackviewphones.com\/es\/wp-json\/wp\/v2\/pages\/3080","targetHints":{"allow":["GET"]}}],"collection":[{"href":"https:\/\/blackviewphones.com\/es\/wp-json\/wp\/v2\/pages"}],"about":[{"href":"https:\/\/blackviewphones.com\/es\/wp-json\/wp\/v2\/types\/page"}],"author":[{"embeddable":true,"href":"https:\/\/blackviewphones.com\/es\/wp-json\/wp\/v2\/users\/2"}],"replies":[{"embeddable":true,"href":"https:\/\/blackviewphones.com\/es\/wp-json\/wp\/v2\/comments?post=3080"}],"version-history":[{"count":0,"href":"https:\/\/blackviewphones.com\/es\/wp-json\/wp\/v2\/pages\/3080\/revisions"}],"wp:attachment":[{"href":"https:\/\/blackviewphones.com\/es\/wp-json\/wp\/v2\/media?parent=3080"}],"curies":[{"name":"wp","href":"https:\/\/api.w.org\/{rel}","templated":true}]}}