

{"id":3046,"date":"2025-01-17T12:56:47","date_gmt":"2025-01-17T11:56:47","guid":{"rendered":"https:\/\/blackviewphones.com\/?page_id=3046"},"modified":"2026-01-27T14:06:31","modified_gmt":"2026-01-27T13:06:31","slug":"guia-de-compra","status":"publish","type":"page","link":"https:\/\/blackviewphones.com\/es\/guia-de-compra\/","title":{"rendered":"Gu\u00eda de Compra"},"content":{"rendered":"\t\t<div data-elementor-type=\"wp-page\" data-elementor-id=\"3046\" class=\"elementor elementor-3046\" data-elementor-post-type=\"page\">\n\t\t\t\t<div class=\"elementor-element elementor-element-9e0868a e-flex e-con-boxed e-con e-parent\" data-id=\"9e0868a\" data-element_type=\"container\" data-e-type=\"container\">\n\t\t\t\t\t<div class=\"e-con-inner\">\n\t\t\t\t<div class=\"elementor-element elementor-element-c3cba56 elementor-widget elementor-widget-heading\" data-id=\"c3cba56\" data-element_type=\"widget\" data-e-type=\"widget\" data-widget_type=\"heading.default\">\n\t\t\t\t<div class=\"elementor-widget-container\">\n\t\t\t\t\t<h1 class=\"elementor-heading-title elementor-size-default\">Gu\u00eda de compra de Blackview Phones<\/h1>\t\t\t\t<\/div>\n\t\t\t\t<\/div>\n\t\t\t\t\t<\/div>\n\t\t\t\t<\/div>\n\t\t<div class=\"elementor-element elementor-element-d8dbd30 e-flex e-con-boxed e-con e-parent\" data-id=\"d8dbd30\" data-element_type=\"container\" data-e-type=\"container\">\n\t\t\t\t\t<div class=\"e-con-inner\">\n\t\t<div class=\"elementor-element elementor-element-ad52271 e-con-full e-flex e-con e-child\" data-id=\"ad52271\" data-element_type=\"container\" data-e-type=\"container\">\n\t\t\t\t<div class=\"elementor-element elementor-element-d780f32 elementor-align-center elementor-widget elementor-widget-button\" data-id=\"d780f32\" data-element_type=\"widget\" data-e-type=\"widget\" data-widget_type=\"button.default\">\n\t\t\t\t<div class=\"elementor-widget-container\">\n\t\t\t\t\t\t\t\t\t<div class=\"elementor-button-wrapper\">\n\t\t\t\t\t<a class=\"elementor-button elementor-button-link elementor-size-sm\" href=\"#producto-ideal\">\n\t\t\t\t\t\t<span class=\"elementor-button-content-wrapper\">\n\t\t\t\t\t\t\t\t\t<span class=\"elementor-button-text\">\u00bfC\u00f3mo elegir el producto ideal?<\/span>\n\t\t\t\t\t<\/span>\n\t\t\t\t\t<\/a>\n\t\t\t\t<\/div>\n\t\t\t\t\t\t\t\t<\/div>\n\t\t\t\t<\/div>\n\t\t\t\t<\/div>\n\t\t<div class=\"elementor-element elementor-element-925b0dc e-con-full e-flex e-con e-child\" data-id=\"925b0dc\" data-element_type=\"container\" data-e-type=\"container\">\n\t\t\t\t<div class=\"elementor-element elementor-element-cc1b3a0 elementor-align-center elementor-widget elementor-widget-button\" data-id=\"cc1b3a0\" data-element_type=\"widget\" data-e-type=\"widget\" data-widget_type=\"button.default\">\n\t\t\t\t<div class=\"elementor-widget-container\">\n\t\t\t\t\t\t\t\t\t<div class=\"elementor-button-wrapper\">\n\t\t\t\t\t<a class=\"elementor-button elementor-button-link elementor-size-sm\" href=\"https:\/\/blackviewphones.com\/es\/hacer-un-pedido\/\">\n\t\t\t\t\t\t<span class=\"elementor-button-content-wrapper\">\n\t\t\t\t\t\t\t\t\t<span class=\"elementor-button-text\">\ud83d\udd0e<br>\u00bfC\u00f3mo comprar?<\/span>\n\t\t\t\t\t<\/span>\n\t\t\t\t\t<\/a>\n\t\t\t\t<\/div>\n\t\t\t\t\t\t\t\t<\/div>\n\t\t\t\t<\/div>\n\t\t\t\t<\/div>\n\t\t<div class=\"elementor-element elementor-element-8f120f6 e-con-full e-flex e-con e-child\" data-id=\"8f120f6\" data-element_type=\"container\" data-e-type=\"container\">\n\t\t\t\t<div class=\"elementor-element elementor-element-0e208f2 elementor-align-center elementor-widget elementor-widget-button\" data-id=\"0e208f2\" data-element_type=\"widget\" data-e-type=\"widget\" data-widget_type=\"button.default\">\n\t\t\t\t<div class=\"elementor-widget-container\">\n\t\t\t\t\t\t\t\t\t<div class=\"elementor-button-wrapper\">\n\t\t\t\t\t<a class=\"elementor-button elementor-button-link elementor-size-sm\" href=\"https:\/\/blackviewphones.com\/es\/devoluciones\/\">\n\t\t\t\t\t\t<span class=\"elementor-button-content-wrapper\">\n\t\t\t\t\t\t\t\t\t<span class=\"elementor-button-text\">\u00bfC\u00f3mo devolver un producto?<\/span>\n\t\t\t\t\t<\/span>\n\t\t\t\t\t<\/a>\n\t\t\t\t<\/div>\n\t\t\t\t\t\t\t\t<\/div>\n\t\t\t\t<\/div>\n\t\t\t\t<\/div>\n\t\t<div class=\"elementor-element elementor-element-7451fed e-con-full e-flex e-con e-child\" data-id=\"7451fed\" data-element_type=\"container\" data-e-type=\"container\">\n\t\t\t\t<div class=\"elementor-element elementor-element-f23f80a elementor-align-center elementor-widget elementor-widget-button\" data-id=\"f23f80a\" data-element_type=\"widget\" data-e-type=\"widget\" data-widget_type=\"button.default\">\n\t\t\t\t<div class=\"elementor-widget-container\">\n\t\t\t\t\t\t\t\t\t<div class=\"elementor-button-wrapper\">\n\t\t\t\t\t<a class=\"elementor-button elementor-button-link elementor-size-sm\" href=\"https:\/\/blackviewphones.com\/es\/reembolso_devoluciones\/\">\n\t\t\t\t\t\t<span class=\"elementor-button-content-wrapper\">\n\t\t\t\t\t\t\t\t\t<span class=\"elementor-button-text\">\ud83d\udcc2Informaci\u00f3n de Garant\u00eda<\/span>\n\t\t\t\t\t<\/span>\n\t\t\t\t\t<\/a>\n\t\t\t\t<\/div>\n\t\t\t\t\t\t\t\t<\/div>\n\t\t\t\t<\/div>\n\t\t\t\t<\/div>\n\t\t\t\t\t<\/div>\n\t\t\t\t<\/div>\n\t\t<div class=\"elementor-element elementor-element-1fb89e0 e-flex e-con-boxed e-con e-parent\" data-id=\"1fb89e0\" data-element_type=\"container\" data-e-type=\"container\">\n\t\t\t\t\t<div class=\"e-con-inner\">\n\t\t<div class=\"elementor-element elementor-element-4807c62 e-con-full e-flex e-con e-child\" data-id=\"4807c62\" data-element_type=\"container\" data-e-type=\"container\" id=\"producto-ideal\">\n\t\t\t\t<div class=\"elementor-element elementor-element-6555a58 elementor-widget elementor-widget-text-editor\" data-id=\"6555a58\" data-element_type=\"widget\" data-e-type=\"widget\" data-widget_type=\"text-editor.default\">\n\t\t\t\t<div class=\"elementor-widget-container\">\n\t\t\t\t\t\t\t\t\t<h2>\ud83d\uded2 Gu\u00eda de Compra \u2013 Blackview Phones<\/h2><p>Te ayudamos a elegir el dispositivo Blackview ideal para ti. Sigue esta gu\u00eda r\u00e1pida para tomar la mejor decisi\u00f3n.<\/p><h3>\ud83d\udcf1 M\u00f3viles S\u00faper Resistentes<\/h3><p><strong>\u00bfQu\u00e9 son?<\/strong> M\u00f3viles para condiciones extremas (agua, polvo, ca\u00eddas) con certificaciones IP68\/IP69.<\/p><p><strong>\u00bfQu\u00e9 elegir?<\/strong><\/p><ul style=\"padding-left: 15px;\"><li>Uso b\u00e1sico: 2-3 GB RAM<\/li><li>Uso intermedio: 4GB-8GB RAM<\/li><li>Uso intensivo: 12 GB+ RAM<\/li><\/ul><p><strong>Bater\u00eda:<\/strong><\/p><ul style=\"padding-left: 15px;\"><li>Ligero: 2500\u20134000 mAh<\/li><li>Moderado: 4000\u20138000 mAh<\/li><li>Intensivo: 8000+ mAh<\/li><\/ul><h3>\ud83d\udcf1 M\u00f3viles Convencionales<\/h3><p><strong>\u00bfQu\u00e9 son?<\/strong> Tel\u00e9fonos para el d\u00eda a d\u00eda, sin protecci\u00f3n extra.<\/p><p><strong>\u00bfQu\u00e9 elegir?<\/strong><\/p><ul style=\"padding-left: 15px;\"><li>Uso b\u00e1sico: 2-6 GB RAM<\/li><li>Moderado: 6-8 GB RAM<\/li><li>Intensivo: 8 GB+ RAM<\/li><\/ul><p><strong>Bater\u00eda:<\/strong> igual que m\u00f3viles resistentes.<\/p><h3>\ud83c\udfa7 Accesorios<\/h3><p>Encuentra cables, auriculares, cargadores y m\u00e1s para complementar tu m\u00f3vil.<\/p><h2>\ud83d\udecd\ufe0f \u00bfC\u00f3mo comprar?<\/h2><ol style=\"padding-left: 15px;\"><li>Elige producto y color<\/li><li>A\u00f1ade al carrito<\/li><li>Introduce tus datos<\/li><li>Selecciona m\u00e9todo de pago<\/li><li>Confirma el pedido<\/li><\/ol><p><strong>Ver gu\u00eda completa<\/strong><\/p><h2>\ud83d\udce6 Env\u00edos<\/h2><ul style=\"padding-left: 15px;\"><li>Gratis desde 72\u202f\u20ac (Pen\u00ednsula)<\/li><li>Entrega en 24\/48 h<\/li><\/ul><h2>\ud83d\udcde Contacto<\/h2><ul style=\"padding-left: 15px;\"><li>\ud83d\udcde (+34)935150520 (L\u2013V 9:30 a 18:00)<\/li><li>\u2709\ufe0f <a href=\"mailto:info@blackviewphones.com\">info@blackviewphones.com<\/a><\/li><li>\ud83d\udcac WhatsApp: +34 600 45 12 64<\/li><\/ul><p><strong>\u00bfDudas?<\/strong> Estamos para ayudarte.<\/p>\t\t\t\t\t\t\t\t<\/div>\n\t\t\t\t<\/div>\n\t\t\t\t<\/div>\n\t\t\t\t\t<\/div>\n\t\t\t\t<\/div>\n\t\t\t\t<\/div>\n\t\t","protected":false},"excerpt":{"rendered":"<p>Gu\u00eda de compra de Blackview Phones \u00bfC\u00f3mo elegir el producto ideal? \ud83d\udd0e\u00bfC\u00f3mo comprar? \u00bfC\u00f3mo devolver un producto? \ud83d\udcc2Informaci\u00f3n de Garant\u00eda \ud83d\uded2 Gu\u00eda de Compra \u2013 Blackview Phones Te ayudamos a elegir el dispositivo Blackview ideal para ti. Sigue esta gu\u00eda r\u00e1pida para tomar la mejor decisi\u00f3n. \ud83d\udcf1 M\u00f3viles S\u00faper Resistentes \u00bfQu\u00e9 son? M\u00f3viles para condiciones<\/p>\n<div class=\"klb-readmore entry-button\"><a class=\"btn read-more\" href=\"https:\/\/blackviewphones.com\/es\/guia-de-compra\/\">Read More<\/a><\/div>\n","protected":false},"author":2,"featured_media":0,"parent":0,"menu_order":0,"comment_status":"closed","ping_status":"closed","template":"","meta":{"_acf_changed":false,"footnotes":""},"class_list":["post-3046","page","type-page","status-publish","hentry"],"acf":[],"_links":{"self":[{"href":"https:\/\/blackviewphones.com\/es\/wp-json\/wp\/v2\/pages\/3046","targetHints":{"allow":["GET"]}}],"collection":[{"href":"https:\/\/blackviewphones.com\/es\/wp-json\/wp\/v2\/pages"}],"about":[{"href":"https:\/\/blackviewphones.com\/es\/wp-json\/wp\/v2\/types\/page"}],"author":[{"embeddable":true,"href":"https:\/\/blackviewphones.com\/es\/wp-json\/wp\/v2\/users\/2"}],"replies":[{"embeddable":true,"href":"https:\/\/blackviewphones.com\/es\/wp-json\/wp\/v2\/comments?post=3046"}],"version-history":[{"count":0,"href":"https:\/\/blackviewphones.com\/es\/wp-json\/wp\/v2\/pages\/3046\/revisions"}],"wp:attachment":[{"href":"https:\/\/blackviewphones.com\/es\/wp-json\/wp\/v2\/media?parent=3046"}],"curies":[{"name":"wp","href":"https:\/\/api.w.org\/{rel}","templated":true}]}}