

{"id":9626,"date":"2025-11-28T14:21:53","date_gmt":"2025-11-28T13:21:53","guid":{"rendered":"https:\/\/blackviewphones.com\/?post_type=product&#038;p=9626"},"modified":"2026-02-05T11:43:06","modified_gmt":"2026-02-05T10:43:06","slug":"facebook-8-n150","status":"publish","type":"product","link":"https:\/\/blackviewphones.com\/en\/product\/acebook-8-n150\/","title":{"rendered":"Acebook 8 N150 Laptop | 16GB RAM + 512GB ROM"},"content":{"rendered":"\t\t<div data-elementor-type=\"product-post\" data-elementor-id=\"9626\" class=\"elementor elementor-9626\" data-elementor-post-type=\"product\">\n\t\t\t\t<div class=\"elementor-element elementor-element-fd6790e e-flex e-con-boxed e-con e-parent\" data-id=\"fd6790e\" data-element_type=\"container\" data-e-type=\"container\">\n\t\t\t\t\t<div class=\"e-con-inner\">\n\t\t\t\t<div class=\"elementor-element elementor-element-41c1789 eael-product-gallery-column-3 elementor-widget elementor-widget-global elementor-global-11884 elementor-widget-eael-woo-product-gallery\" data-id=\"41c1789\" data-element_type=\"widget\" data-e-type=\"widget\" data-settings=\"{&quot;eael_product_gallery_column&quot;:&quot;3&quot;}\" data-widget_type=\"eael-woo-product-gallery.default\">\n\t\t\t\t<div class=\"elementor-widget-container\">\n\t\t\t\t\t\n        <div class=\"eael-product-gallery eael-product-preset-4 masonry eael-terms-layout-horizontal\" id=\"eael-product-gallery\" data-widget-id=\"41c1789\" data-page-id=\"9626\" data-nonce=\"1e62e33a06\" >\n\t\t\t<ul class=\"eael-cat-tab\" data-layout=\"masonry\" data-template=\"{&quot;dir&quot;:&quot;lite&quot;,&quot;file_name&quot;:&quot;preset-4.php&quot;,&quot;name&quot;:&quot;Woo-Product-Gallery&quot;}\" data-nonce=\"1e62e33a06\" data-page-id=\"9626\" data-widget-id=\"41c1789\" data-widget=\"41c1789\" data-class=\"Essential_Addons_Elementor\\Elements\\Woo_Product_Gallery\" data-args=\"post_type=product&amp;post_status%5B0%5D=publish&amp;post_status%5B1%5D=pending&amp;post_status%5B2%5D=future&amp;posts_per_page=3&amp;order=DESC&amp;offset=0&amp;tax_query%5Brelation%5D=AND&amp;tax_query%5B0%5D%5Btaxonomy%5D=product_visibility&amp;tax_query%5B0%5D%5Bfield%5D=name&amp;tax_query%5B0%5D%5Bterms%5D%5B0%5D=exclude-from-search&amp;tax_query%5B0%5D%5Bterms%5D%5B1%5D=exclude-from-catalog&amp;tax_query%5B0%5D%5Boperator%5D=NOT+IN&amp;tax_query%5B1%5D%5Brelation%5D=OR&amp;tax_query%5B1%5D%5B0%5D%5Btaxonomy%5D=product_cat&amp;tax_query%5B1%5D%5B0%5D%5Bfield%5D=term_id&amp;tax_query%5B1%5D%5B0%5D%5Bterms%5D=61&amp;tax_query%5B1%5D%5B0%5D%5Boperator%5D=IN&amp;orderby=meta_value_num&amp;meta_query%5Brelation%5D=AND&amp;meta_query%5B0%5D%5Bkey%5D=_stock_status&amp;meta_query%5B0%5D%5Bvalue%5D=instock&amp;meta_key=total_sales\" data-page=\"1\"><li><a href=\"javascript:;\" data-page=\"1\" data-taxonomy=\"product_cat\" data-terms='[\"equipos-blackview-portatiles\"]' data-id=\"61\" class=\"post-list-filter-item \">Laptops Blackview<\/a><\/li><\/ul>\n            <div class=\"woocommerce\">\n\t\t\t\t<ul class=\"products eael-post-appender eael-post-appender-41c1789\" data-layout-mode=\"masonry\" data-ssi-desktop=\"no\" ><li class=\"product \">\n        <div class=\"eael-product-wrap\" data-src=\"\" data-src-hover=\"\" >\n    <span class=\"eael-onsale sale-preset-1 \">Sale!<\/span><a href=\"https:\/\/blackviewphones.com\/en\/product\/pantalla-portatil-scm6\/\" class=\"woocommerce-LoopProduct-link woocommerce-loop-product__link\"><img fetchpriority=\"high\" decoding=\"async\" width=\"1000\" height=\"1000\" src=\"https:\/\/blackviewphones.com\/wp-content\/uploads\/2025\/11\/BLACKVIEW-PANTALLA-PORTATIL-SCM6.webp\" class=\"attachment-1536x1536 size-1536x1536\" alt=\"Pantalla Port\u00e1til SCM6\" loading=\"eager\" srcset=\"https:\/\/blackviewphones.com\/wp-content\/uploads\/2025\/11\/BLACKVIEW-PANTALLA-PORTATIL-SCM6.webp 1000w, https:\/\/blackviewphones.com\/wp-content\/uploads\/2025\/11\/BLACKVIEW-PANTALLA-PORTATIL-SCM6-300x300.webp 300w, https:\/\/blackviewphones.com\/wp-content\/uploads\/2025\/11\/BLACKVIEW-PANTALLA-PORTATIL-SCM6-150x150.webp 150w, https:\/\/blackviewphones.com\/wp-content\/uploads\/2025\/11\/BLACKVIEW-PANTALLA-PORTATIL-SCM6-768x768.webp 768w, https:\/\/blackviewphones.com\/wp-content\/uploads\/2025\/11\/BLACKVIEW-PANTALLA-PORTATIL-SCM6-12x12.webp 12w, https:\/\/blackviewphones.com\/wp-content\/uploads\/2025\/11\/BLACKVIEW-PANTALLA-PORTATIL-SCM6-700x700.webp 700w, https:\/\/blackviewphones.com\/wp-content\/uploads\/2025\/11\/BLACKVIEW-PANTALLA-PORTATIL-SCM6-450x450.webp 450w, https:\/\/blackviewphones.com\/wp-content\/uploads\/2025\/11\/BLACKVIEW-PANTALLA-PORTATIL-SCM6-90x90.webp 90w, https:\/\/blackviewphones.com\/wp-content\/uploads\/2025\/11\/BLACKVIEW-PANTALLA-PORTATIL-SCM6-600x600.webp 600w, https:\/\/blackviewphones.com\/wp-content\/uploads\/2025\/11\/BLACKVIEW-PANTALLA-PORTATIL-SCM6-54x54.webp 54w\" sizes=\"(max-width: 1000px) 100vw, 1000px\" \/><\/a><h2 class=\"woocommerce-loop-product__title\">Pantalla Port\u00e1til SCM6<\/h2><div class=\"eael-product-price\"><del aria-hidden=\"true\"><span class=\"woocommerce-Price-amount amount\"><bdi>169,99&nbsp;<span class=\"woocommerce-Price-currencySymbol\">&euro;<\/span><\/bdi><\/span><\/del> <span class=\"screen-reader-text\">Original price was: 169,99&nbsp;&euro;.<\/span><ins aria-hidden=\"true\"><span class=\"woocommerce-Price-amount amount\"><bdi>149,99&nbsp;<span class=\"woocommerce-Price-currencySymbol\">&euro;<\/span><\/bdi><\/span><\/ins><span class=\"screen-reader-text\">Current price is: 149,99&nbsp;&euro;.<\/span><\/div><a href=\"https:\/\/blackviewphones.com\/en\/product\/pantalla-portatil-scm6\/\" aria-describedby=\"woocommerce_loop_add_to_cart_link_describedby_9747\" data-quantity=\"1\" class=\"button product_type_variable add_to_cart_button\" data-product_id=\"9747\" data-product_sku=\"\" aria-label=\"Select options for &ldquo;Pantalla Port\u00e1til SCM6&rdquo;\" rel=\"nofollow\"><i class=\"klbth-icon-shop-1\"><\/i> Select options<\/a>\t<span id=\"woocommerce_loop_add_to_cart_link_describedby_9747\" class=\"screen-reader-text\">\n\t\tThis product has multiple variants. The options may be chosen on the product page\t<\/span>\n    <\/div>\n<\/li><li class=\"product \">\n        <div class=\"eael-product-wrap\" data-src=\"\" data-src-hover=\"\" >\n    <span class=\"eael-onsale sale-preset-1 \">Sale!<\/span><a href=\"https:\/\/blackviewphones.com\/en\/product\/portatil-blackview-acebook-6-amd-ryzen-5\/\" class=\"woocommerce-LoopProduct-link woocommerce-loop-product__link\"><img decoding=\"async\" width=\"1000\" height=\"1000\" src=\"https:\/\/blackviewphones.com\/wp-content\/uploads\/2026\/02\/BLACKVIEW-ACEBOOK-6-REGALO.avif\" class=\"attachment-1536x1536 size-1536x1536\" alt=\"Port\u00e1til Blackview AceBook 6 AMD Ryzen&#x2122; 5 3500U\" loading=\"eager\" srcset=\"https:\/\/blackviewphones.com\/wp-content\/uploads\/2026\/02\/BLACKVIEW-ACEBOOK-6-REGALO.avif 1000w, https:\/\/blackviewphones.com\/wp-content\/uploads\/2026\/02\/BLACKVIEW-ACEBOOK-6-REGALO-300x300.avif 300w, https:\/\/blackviewphones.com\/wp-content\/uploads\/2026\/02\/BLACKVIEW-ACEBOOK-6-REGALO-150x150.avif 150w, https:\/\/blackviewphones.com\/wp-content\/uploads\/2026\/02\/BLACKVIEW-ACEBOOK-6-REGALO-768x768.avif 768w, https:\/\/blackviewphones.com\/wp-content\/uploads\/2026\/02\/BLACKVIEW-ACEBOOK-6-REGALO-12x12.avif 12w, https:\/\/blackviewphones.com\/wp-content\/uploads\/2026\/02\/BLACKVIEW-ACEBOOK-6-REGALO-450x450.avif 450w, https:\/\/blackviewphones.com\/wp-content\/uploads\/2026\/02\/BLACKVIEW-ACEBOOK-6-REGALO-90x90.avif 90w, https:\/\/blackviewphones.com\/wp-content\/uploads\/2026\/02\/BLACKVIEW-ACEBOOK-6-REGALO-600x600.avif 600w, https:\/\/blackviewphones.com\/wp-content\/uploads\/2026\/02\/BLACKVIEW-ACEBOOK-6-REGALO-54x54.avif 54w\" sizes=\"(max-width: 1000px) 100vw, 1000px\" \/><\/a><h2 class=\"woocommerce-loop-product__title\">Port\u00e1til Blackview AceBook 6 AMD Ryzen&#x2122; 5 3500U<\/h2><div class=\"eael-product-price\"><del aria-hidden=\"true\"><span class=\"woocommerce-Price-amount amount\"><bdi>415,99&nbsp;<span class=\"woocommerce-Price-currencySymbol\">&euro;<\/span><\/bdi><\/span><\/del> <span class=\"screen-reader-text\">Original price was: 415,99&nbsp;&euro;.<\/span><ins aria-hidden=\"true\"><span class=\"woocommerce-Price-amount amount\"><bdi>399,99&nbsp;<span class=\"woocommerce-Price-currencySymbol\">&euro;<\/span><\/bdi><\/span><\/ins><span class=\"screen-reader-text\">Current price is: 399,99&nbsp;&euro;.<\/span><\/div><a href=\"https:\/\/blackviewphones.com\/en\/product\/portatil-blackview-acebook-6-amd-ryzen-5\/\" aria-describedby=\"woocommerce_loop_add_to_cart_link_describedby_12164\" data-quantity=\"1\" class=\"button product_type_variable add_to_cart_button\" data-product_id=\"12164\" data-product_sku=\"\" aria-label=\"Select options for &ldquo;Port\u00e1til Blackview AceBook 6 AMD Ryzen&#x2122; 5 3500U&rdquo;\" rel=\"nofollow\"><i class=\"klbth-icon-shop-1\"><\/i> Select options<\/a>\t<span id=\"woocommerce_loop_add_to_cart_link_describedby_12164\" class=\"screen-reader-text\">\n\t\tThis product has multiple variants. The options may be chosen on the product page\t<\/span>\n    <\/div>\n<\/li><\/ul>            <div class=\"eael-load-more-button-wrap eael-force-hide\">\n                <button class=\"hide-load-more eael-load-more-button\" id=\"eael-load-more-btn-41c1789\" data-widget-id=\"41c1789\" data-widget=\"41c1789\" data-page-id=\"9626\" data-template=\"{&quot;dir&quot;:&quot;lite&quot;,&quot;file_name&quot;:&quot;preset-4.php&quot;,&quot;name&quot;:&quot;Woo-Product-Gallery&quot;}\" data-class=\"Essential_Addons_Elementor\\Elements\\Woo_Product_Gallery\" data-layout=\"masonry\" data-page=\"1\" data-args=\"post_type=product&amp;post_status%5B0%5D=publish&amp;post_status%5B1%5D=pending&amp;post_status%5B2%5D=future&amp;posts_per_page=3&amp;order=DESC&amp;offset=0&amp;tax_query%5Brelation%5D=AND&amp;tax_query%5B0%5D%5Btaxonomy%5D=product_visibility&amp;tax_query%5B0%5D%5Bfield%5D=name&amp;tax_query%5B0%5D%5Bterms%5D%5B0%5D=exclude-from-search&amp;tax_query%5B0%5D%5Bterms%5D%5B1%5D=exclude-from-catalog&amp;tax_query%5B0%5D%5Boperator%5D=NOT+IN&amp;tax_query%5B1%5D%5Brelation%5D=OR&amp;tax_query%5B1%5D%5B0%5D%5Btaxonomy%5D=product_cat&amp;tax_query%5B1%5D%5B0%5D%5Bfield%5D=term_id&amp;tax_query%5B1%5D%5B0%5D%5Bterms%5D=61&amp;tax_query%5B1%5D%5B0%5D%5Boperator%5D=IN&amp;orderby=meta_value_num&amp;meta_query%5Brelation%5D=AND&amp;meta_query%5B0%5D%5Bkey%5D=_stock_status&amp;meta_query%5B0%5D%5Bvalue%5D=instock&amp;meta_key=total_sales\" data-max-page=\"1\">\n                    <span class=\"eael-btn-loader button__loader\"><\/span>\n                    <span class=\"eael_load_more_text\"><\/span>\n                <\/button>\n            <\/div>\n                        <\/div>\n        <\/div>\n        <script type=\"text\/javascript\">\n\t\t\tjQuery(document).ready(function ($) {\n\t\t\t\tvar $scope = jQuery(\".elementor-element-41c1789\");\n\t\t\t\tvar $products = $('.products', $scope);\n\t\t\t\tvar $layout_mode = $products.data('layout-mode');\n\n\t\t\t\tif ($layout_mode === 'masonry') {\n\t\t\t\t\t\/\/ init isotope\n\t\t\t\t\tvar $isotope_products = $products.isotope({ itemSelector: \"li.product\", layoutMode: $layout_mode, percentPosition: true });\n\t\t\t\t\t$isotope_products.imagesLoaded().progress(function () {\n\t\t\t\t\t\t$isotope_products.isotope('layout');\n\t\t\t\t\t})\n\n\t\t\t\t\t$(window).on('resize', function () {\n\t\t\t\t\t\t$isotope_products.isotope('layout');\n\t\t\t\t\t});\n\t\t\t\t}\n\t\t\t});\n        <\/script>\n\t\t\t\t\t\t<\/div>\n\t\t\t\t<\/div>\n\t\t\t\t\t<\/div>\n\t\t\t\t<\/div>\n\t\t<div class=\"elementor-element elementor-element-8b6ec5c e-flex e-con-boxed e-con e-parent\" data-id=\"8b6ec5c\" data-element_type=\"container\" data-e-type=\"container\">\n\t\t\t\t\t<div class=\"e-con-inner\">\n\t\t\t\t<div class=\"elementor-element elementor-element-5051867b elementor-widget elementor-widget-text-editor\" data-id=\"5051867b\" data-element_type=\"widget\" data-e-type=\"widget\" data-widget_type=\"text-editor.default\">\n\t\t\t\t<div class=\"elementor-widget-container\">\n\t\t\t\t\t\t\t\t\t<h1 data-start=\"2405\" data-end=\"2834\">Port\u00e1til Acebook 8 N150 | 16 GB RAM + 512 GB ROM<\/h1>\r\n<p data-start=\"2405\" data-end=\"2834\">Con 1.6 kg de peso y un chasis delgado, el AceBook 8 mantiene una buena movilidad sin sacrificar puertos esenciales: USB-C, HDMI, USB 3.0 y microSD. Windows 11 Home preinstalado permite empezar a trabajar de inmediato sin configuraciones extras. Tambi\u00e9n integra altavoces est\u00e9reo y micr\u00f3fonos con cancelaci\u00f3n de ruido, ideales para reuniones online. Su bater\u00eda de 38 Wh proporciona autonom\u00eda adecuada para el uso diario habitual.<\/p>\r\n<p data-start=\"2836\" data-end=\"2972\">Un equipo perfecto para estudiantes, emprendedores y usuarios que quieren un port\u00e1til ligero, r\u00e1pido y eficiente para tareas cotidianas.<\/p>\r\n\r\n<h2><strong>Informaci\u00f3n importante sobre el teclado<\/strong><\/h2>\r\nEste modelo incorpora un teclado QWERTY internacional, por lo que no incluye la tecla \u201c\u00d1\u201d\t\t\t\t\t\t\t\t<\/div>\n\t\t\t\t<\/div>\n\t\t\t\t\t<\/div>\n\t\t\t\t<\/div>\n\t\t\t\t<\/div>\n\t\t","protected":false},"excerpt":{"rendered":"<p data-start=\"1931\" data-end=\"2403\"><strong>The Blackview AceBook 8<\/strong> It&#039;s designed for those seeking a reliable, fast, and easily portable laptop. Its Intel\u00ae N150 processor, along with 16 GB of DDR4 memory and 512 GB of SSD storage, ensures fast loading times and smooth performance for browsing, video calls, documents, educational platforms, and light multitasking. The 15.6&quot; Full HD IPS display offers a crisp and comfortable image for studying, working, or viewing multimedia content.<\/p>\n<p data-start=\"2405\" data-end=\"2834\">\n<p><span style=\"font-weight: 400; font-size: 18px;\">This model has been discontinued because we have moved on to more advanced versions. BELOW YOU WILL FIND OTHER ALTERNATIVES\ud83d\ude80<\/span><\/p>","protected":false},"featured_media":11973,"comment_status":"open","ping_status":"closed","template":"","meta":{"_acf_changed":false},"product_brand":[287],"product_cat":[349],"product_tag":[],"class_list":{"0":"post-9626","1":"product","2":"type-product","3":"status-publish","4":"has-post-thumbnail","6":"product_brand-blackview","7":"product_cat-sin-categoria","9":"first","10":"outofstock","11":"sale","12":"shipping-taxable","13":"purchasable","14":"product-type-variable","15":"has-default-attributes"},"acf":[],"_links":{"self":[{"href":"https:\/\/blackviewphones.com\/en\/wp-json\/wp\/v2\/product\/9626","targetHints":{"allow":["GET"]}}],"collection":[{"href":"https:\/\/blackviewphones.com\/en\/wp-json\/wp\/v2\/product"}],"about":[{"href":"https:\/\/blackviewphones.com\/en\/wp-json\/wp\/v2\/types\/product"}],"replies":[{"embeddable":true,"href":"https:\/\/blackviewphones.com\/en\/wp-json\/wp\/v2\/comments?post=9626"}],"version-history":[{"count":0,"href":"https:\/\/blackviewphones.com\/en\/wp-json\/wp\/v2\/product\/9626\/revisions"}],"wp:featuredmedia":[{"embeddable":true,"href":"https:\/\/blackviewphones.com\/en\/wp-json\/wp\/v2\/media\/11973"}],"wp:attachment":[{"href":"https:\/\/blackviewphones.com\/en\/wp-json\/wp\/v2\/media?parent=9626"}],"wp:term":[{"taxonomy":"product_brand","embeddable":true,"href":"https:\/\/blackviewphones.com\/en\/wp-json\/wp\/v2\/product_brand?post=9626"},{"taxonomy":"product_cat","embeddable":true,"href":"https:\/\/blackviewphones.com\/en\/wp-json\/wp\/v2\/product_cat?post=9626"},{"taxonomy":"product_tag","embeddable":true,"href":"https:\/\/blackviewphones.com\/en\/wp-json\/wp\/v2\/product_tag?post=9626"}],"curies":[{"name":"wp","href":"https:\/\/api.w.org\/{rel}","templated":true}]}}