

{"id":8166,"date":"2025-06-30T13:52:13","date_gmt":"2025-06-30T11:52:13","guid":{"rendered":"https:\/\/blackviewphones.com\/?post_type=product&#038;p=8166"},"modified":"2026-02-03T13:43:03","modified_gmt":"2026-02-03T12:43:03","slug":"tablet-blackview-mega-2-wifi-36-gb-ram-256gb-rom","status":"publish","type":"product","link":"https:\/\/blackviewphones.com\/en\/product\/tablet-blackview-mega-2-wifi-36-gb-ram-256gb-rom\/","title":{"rendered":"Blackview MEGA 2 WIFI Tablet | 36GB RAM 256GB ROM"},"content":{"rendered":"\t\t<div data-elementor-type=\"product-post\" data-elementor-id=\"8166\" class=\"elementor elementor-8166\" data-elementor-post-type=\"product\">\n\t\t\t\t<div class=\"elementor-element elementor-element-deb34d3 e-flex e-con-boxed e-con e-parent\" data-id=\"deb34d3\" data-element_type=\"container\" data-e-type=\"container\">\n\t\t\t\t\t<div class=\"e-con-inner\">\n\t\t\t\t<div class=\"elementor-element elementor-element-fb06c9f eael-product-gallery-column-3 elementor-widget elementor-widget-global elementor-global-12037 elementor-widget-eael-woo-product-gallery\" data-id=\"fb06c9f\" data-element_type=\"widget\" data-e-type=\"widget\" data-settings=\"{&quot;eael_product_gallery_column&quot;:&quot;3&quot;}\" data-widget_type=\"eael-woo-product-gallery.default\">\n\t\t\t\t<div class=\"elementor-widget-container\">\n\t\t\t\t\t\n        <div class=\"eael-product-gallery eael-product-preset-4 masonry eael-terms-layout-horizontal\" id=\"eael-product-gallery\" data-widget-id=\"fb06c9f\" data-page-id=\"8166\" data-nonce=\"e794dc7a75\" >\n\t\t\t<ul class=\"eael-cat-tab\" data-layout=\"masonry\" data-template=\"{&quot;dir&quot;:&quot;lite&quot;,&quot;file_name&quot;:&quot;preset-4.php&quot;,&quot;name&quot;:&quot;Woo-Product-Gallery&quot;}\" data-nonce=\"e794dc7a75\" data-page-id=\"8166\" data-widget-id=\"fb06c9f\" data-widget=\"fb06c9f\" data-class=\"Essential_Addons_Elementor\\Elements\\Woo_Product_Gallery\" data-args=\"post_type=product&amp;post_status%5B0%5D=publish&amp;post_status%5B1%5D=pending&amp;post_status%5B2%5D=future&amp;posts_per_page=3&amp;order=DESC&amp;offset=0&amp;tax_query%5Brelation%5D=AND&amp;tax_query%5B0%5D%5Btaxonomy%5D=product_visibility&amp;tax_query%5B0%5D%5Bfield%5D=name&amp;tax_query%5B0%5D%5Bterms%5D%5B0%5D=exclude-from-search&amp;tax_query%5B0%5D%5Bterms%5D%5B1%5D=exclude-from-catalog&amp;tax_query%5B0%5D%5Boperator%5D=NOT+IN&amp;tax_query%5B1%5D%5Brelation%5D=OR&amp;tax_query%5B1%5D%5B0%5D%5Btaxonomy%5D=product_cat&amp;tax_query%5B1%5D%5B0%5D%5Bfield%5D=term_id&amp;tax_query%5B1%5D%5B0%5D%5Bterms%5D=328&amp;tax_query%5B1%5D%5B0%5D%5Boperator%5D=IN&amp;orderby=meta_value_num&amp;meta_query%5Brelation%5D=AND&amp;meta_query%5B0%5D%5Bkey%5D=_stock_status&amp;meta_query%5B0%5D%5Bvalue%5D=instock&amp;meta_key=total_sales\" data-page=\"1\"><li><a href=\"javascript:;\" data-page=\"1\" data-taxonomy=\"product_cat\" data-terms='[\"tablets-blackview-tablets-inteligentes-blackview\"]' data-id=\"328\" class=\"post-list-filter-item \">Tablets inteligentes<\/a><\/li><\/ul>\n            <div class=\"woocommerce\">\n\t\t\t\t<ul class=\"products eael-post-appender eael-post-appender-fb06c9f\" data-layout-mode=\"masonry\" data-ssi-desktop=\"no\" ><li class=\"product \">\n        <div class=\"eael-product-wrap\" data-src=\"\" data-src-hover=\"\" >\n    <span class=\"eael-onsale sale-preset-1 \">Sale!<\/span><a href=\"https:\/\/blackviewphones.com\/en\/product\/tablet-blackview-zeno-1-tablet-android-15\/\" class=\"woocommerce-LoopProduct-link woocommerce-loop-product__link\"><img fetchpriority=\"high\" decoding=\"async\" width=\"1000\" height=\"1000\" src=\"https:\/\/blackviewphones.com\/wp-content\/uploads\/2025\/12\/BLACKVIEW-TABLET-ZENO-1-8-256.webp\" class=\"attachment-1536x1536 size-1536x1536\" alt=\"Blackview ZENO 1 | 8\u201d con Android 15, 18 GB RAM y 256\u202fGB ROM\" loading=\"eager\" srcset=\"https:\/\/blackviewphones.com\/wp-content\/uploads\/2025\/12\/BLACKVIEW-TABLET-ZENO-1-8-256.webp 1000w, https:\/\/blackviewphones.com\/wp-content\/uploads\/2025\/12\/BLACKVIEW-TABLET-ZENO-1-8-256-300x300.webp 300w, https:\/\/blackviewphones.com\/wp-content\/uploads\/2025\/12\/BLACKVIEW-TABLET-ZENO-1-8-256-150x150.webp 150w, https:\/\/blackviewphones.com\/wp-content\/uploads\/2025\/12\/BLACKVIEW-TABLET-ZENO-1-8-256-768x768.webp 768w, https:\/\/blackviewphones.com\/wp-content\/uploads\/2025\/12\/BLACKVIEW-TABLET-ZENO-1-8-256-12x12.webp 12w, https:\/\/blackviewphones.com\/wp-content\/uploads\/2025\/12\/BLACKVIEW-TABLET-ZENO-1-8-256-700x700.webp 700w, https:\/\/blackviewphones.com\/wp-content\/uploads\/2025\/12\/BLACKVIEW-TABLET-ZENO-1-8-256-450x450.webp 450w, https:\/\/blackviewphones.com\/wp-content\/uploads\/2025\/12\/BLACKVIEW-TABLET-ZENO-1-8-256-90x90.webp 90w, https:\/\/blackviewphones.com\/wp-content\/uploads\/2025\/12\/BLACKVIEW-TABLET-ZENO-1-8-256-600x600.webp 600w, https:\/\/blackviewphones.com\/wp-content\/uploads\/2025\/12\/BLACKVIEW-TABLET-ZENO-1-8-256-54x54.webp 54w\" sizes=\"(max-width: 1000px) 100vw, 1000px\" \/><\/a><h2 class=\"woocommerce-loop-product__title\">Blackview ZENO 1 | 8\u201d con Android 15, 18 GB RAM y 256\u202fGB ROM<\/h2><div class=\"eael-product-price\"><del aria-hidden=\"true\"><span class=\"woocommerce-Price-amount amount\"><bdi>139,99&nbsp;<span class=\"woocommerce-Price-currencySymbol\">&euro;<\/span><\/bdi><\/span><\/del> <span class=\"screen-reader-text\">Original price was: 139,99&nbsp;&euro;.<\/span><ins aria-hidden=\"true\"><span class=\"woocommerce-Price-amount amount\"><bdi>119,99&nbsp;<span class=\"woocommerce-Price-currencySymbol\">&euro;<\/span><\/bdi><\/span><\/ins><span class=\"screen-reader-text\">Current price is: 119,99&nbsp;&euro;.<\/span><\/div><a href=\"https:\/\/blackviewphones.com\/en\/product\/tablet-blackview-zeno-1-tablet-android-15\/\" aria-describedby=\"woocommerce_loop_add_to_cart_link_describedby_8243\" data-quantity=\"1\" class=\"button product_type_variable add_to_cart_button\" data-product_id=\"8243\" data-product_sku=\"\" aria-label=\"Select options for &ldquo;Blackview ZENO 1 | 8\u201d con Android 15, 18 GB RAM y 256\u202fGB ROM&rdquo;\" rel=\"nofollow\"><i class=\"klbth-icon-shop-1\"><\/i> Select options<\/a>\t<span id=\"woocommerce_loop_add_to_cart_link_describedby_8243\" class=\"screen-reader-text\">\n\t\tThis product has multiple variants. The options may be chosen on the product page\t<\/span>\n    <\/div>\n<\/li><li class=\"product \">\n        <div class=\"eael-product-wrap\" data-src=\"\" data-src-hover=\"\" >\n    <span class=\"eael-onsale sale-preset-1 \">Sale!<\/span><a href=\"https:\/\/blackviewphones.com\/en\/product\/blackview-mega-3-pack-tablet\/\" class=\"woocommerce-LoopProduct-link woocommerce-loop-product__link\"><div class='yith-wceue-thumb-and-energy-container'><img decoding=\"async\" width=\"1000\" height=\"1000\" src=\"https:\/\/blackviewphones.com\/wp-content\/uploads\/2025\/11\/BLACKVIEW-TABLET-MEGA-3-con-accesorios-GRIS.webp\" class=\"attachment-1536x1536 size-1536x1536\" alt=\"Tablet Blackview MEGA 3\" loading=\"eager\" srcset=\"https:\/\/blackviewphones.com\/wp-content\/uploads\/2025\/11\/BLACKVIEW-TABLET-MEGA-3-con-accesorios-GRIS.webp 1000w, https:\/\/blackviewphones.com\/wp-content\/uploads\/2025\/11\/BLACKVIEW-TABLET-MEGA-3-con-accesorios-GRIS-300x300.webp 300w, https:\/\/blackviewphones.com\/wp-content\/uploads\/2025\/11\/BLACKVIEW-TABLET-MEGA-3-con-accesorios-GRIS-150x150.webp 150w, https:\/\/blackviewphones.com\/wp-content\/uploads\/2025\/11\/BLACKVIEW-TABLET-MEGA-3-con-accesorios-GRIS-768x768.webp 768w, https:\/\/blackviewphones.com\/wp-content\/uploads\/2025\/11\/BLACKVIEW-TABLET-MEGA-3-con-accesorios-GRIS-12x12.webp 12w, https:\/\/blackviewphones.com\/wp-content\/uploads\/2025\/11\/BLACKVIEW-TABLET-MEGA-3-con-accesorios-GRIS-700x700.webp 700w, https:\/\/blackviewphones.com\/wp-content\/uploads\/2025\/11\/BLACKVIEW-TABLET-MEGA-3-con-accesorios-GRIS-450x450.webp 450w, https:\/\/blackviewphones.com\/wp-content\/uploads\/2025\/11\/BLACKVIEW-TABLET-MEGA-3-con-accesorios-GRIS-90x90.webp 90w, https:\/\/blackviewphones.com\/wp-content\/uploads\/2025\/11\/BLACKVIEW-TABLET-MEGA-3-con-accesorios-GRIS-600x600.webp 600w, https:\/\/blackviewphones.com\/wp-content\/uploads\/2025\/11\/BLACKVIEW-TABLET-MEGA-3-con-accesorios-GRIS-54x54.webp 54w\" sizes=\"(max-width: 1000px) 100vw, 1000px\" \/>\n\n\t\n\t\t<div class=\"yith-wceue-eu-energy-label yith-wceue-eu-energy-label-4 yith-wceue-eu-energy-label-mini new  yith_wceue_tooltip\" data-image='https:\/\/blackviewphones.com\/wp-content\/uploads\/2025\/12\/EFICIENCIA-ENERGETICA-D-PRODUCTOS-1-scaled.webp' data-product-id='9762'>\n\t\t\t\t\t\t\t\t\t\t\t<img decoding=\"async\" src=\"https:\/\/blackviewphones.com\/wp-content\/plugins\/yith-woocommerce-eu-energy-label-premium\/assets\/badges\/D.svg\" data-image='https:\/\/blackviewphones.com\/wp-content\/uploads\/2025\/12\/EFICIENCIA-ENERGETICA-D-PRODUCTOS-1-scaled.webp' data-product-id='9762'>\n\t\t\t\t\t<\/div>\n\n\t\t\n\n<\/div><!--yith-wceue-thumb-and-energy-container--><\/a><h2 class=\"woocommerce-loop-product__title\">Tablet Blackview MEGA 3<\/h2><div class=\"eael-product-price\"><del aria-hidden=\"true\"><span class=\"woocommerce-Price-amount amount\"><bdi>239,99&nbsp;<span class=\"woocommerce-Price-currencySymbol\">&euro;<\/span><\/bdi><\/span><\/del> <span class=\"screen-reader-text\">Original price was: 239,99&nbsp;&euro;.<\/span><ins aria-hidden=\"true\"><span class=\"woocommerce-Price-amount amount\"><bdi>223,99&nbsp;<span class=\"woocommerce-Price-currencySymbol\">&euro;<\/span><\/bdi><\/span><\/ins><span class=\"screen-reader-text\">Current price is: 223,99&nbsp;&euro;.<\/span><\/div><a href=\"https:\/\/blackviewphones.com\/en\/product\/blackview-mega-3-pack-tablet\/\" aria-describedby=\"woocommerce_loop_add_to_cart_link_describedby_9762\" data-quantity=\"1\" class=\"button product_type_variable add_to_cart_button\" data-product_id=\"9762\" data-product_sku=\"\" aria-label=\"Select options for &ldquo;Tablet Blackview MEGA 3&rdquo;\" rel=\"nofollow\"><i class=\"klbth-icon-shop-1\"><\/i> Select options<\/a>\t<span id=\"woocommerce_loop_add_to_cart_link_describedby_9762\" class=\"screen-reader-text\">\n\t\tThis product has multiple variants. The options may be chosen on the product page\t<\/span>\n    <\/div>\n<\/li><li class=\"product \">\n        <div class=\"eael-product-wrap\" data-src=\"\" data-src-hover=\"\" >\n    <span class=\"eael-onsale sale-preset-1 \">Sale!<\/span><a href=\"https:\/\/blackviewphones.com\/en\/product\/blackview-tab20-kids-tablet\/\" class=\"woocommerce-LoopProduct-link woocommerce-loop-product__link\"><div class='yith-wceue-thumb-and-energy-container'><img decoding=\"async\" width=\"1000\" height=\"1000\" src=\"https:\/\/blackviewphones.com\/wp-content\/uploads\/2025\/12\/BLACKVIEW-TAB-20-KIDS.webp\" class=\"attachment-1536x1536 size-1536x1536\" alt=\"Tablet Blackview Tab 20 Kids | 12 GB RAM 64 GB ROM\" loading=\"eager\" srcset=\"https:\/\/blackviewphones.com\/wp-content\/uploads\/2025\/12\/BLACKVIEW-TAB-20-KIDS.webp 1000w, https:\/\/blackviewphones.com\/wp-content\/uploads\/2025\/12\/BLACKVIEW-TAB-20-KIDS-300x300.webp 300w, https:\/\/blackviewphones.com\/wp-content\/uploads\/2025\/12\/BLACKVIEW-TAB-20-KIDS-150x150.webp 150w, https:\/\/blackviewphones.com\/wp-content\/uploads\/2025\/12\/BLACKVIEW-TAB-20-KIDS-768x768.webp 768w, https:\/\/blackviewphones.com\/wp-content\/uploads\/2025\/12\/BLACKVIEW-TAB-20-KIDS-12x12.webp 12w, https:\/\/blackviewphones.com\/wp-content\/uploads\/2025\/12\/BLACKVIEW-TAB-20-KIDS-700x700.webp 700w, https:\/\/blackviewphones.com\/wp-content\/uploads\/2025\/12\/BLACKVIEW-TAB-20-KIDS-450x450.webp 450w, https:\/\/blackviewphones.com\/wp-content\/uploads\/2025\/12\/BLACKVIEW-TAB-20-KIDS-90x90.webp 90w, https:\/\/blackviewphones.com\/wp-content\/uploads\/2025\/12\/BLACKVIEW-TAB-20-KIDS-600x600.webp 600w, https:\/\/blackviewphones.com\/wp-content\/uploads\/2025\/12\/BLACKVIEW-TAB-20-KIDS-54x54.webp 54w\" sizes=\"(max-width: 1000px) 100vw, 1000px\" \/>\n\n\t\n\t\t<div class=\"yith-wceue-eu-energy-label yith-wceue-eu-energy-label-4 yith-wceue-eu-energy-label-mini new  yith_wceue_tooltip\" data-image='https:\/\/blackviewphones.com\/wp-content\/uploads\/2025\/12\/EFICIENCIA-ENERGETICA-D-PRODUCTOS-scaled.webp' data-product-id='9849'>\n\t\t\t\t\t\t\t\t\t\t\t<img decoding=\"async\" src=\"https:\/\/blackviewphones.com\/wp-content\/plugins\/yith-woocommerce-eu-energy-label-premium\/assets\/badges\/D.svg\" data-image='https:\/\/blackviewphones.com\/wp-content\/uploads\/2025\/12\/EFICIENCIA-ENERGETICA-D-PRODUCTOS-scaled.webp' data-product-id='9849'>\n\t\t\t\t\t<\/div>\n\n\t\t\n\n<\/div><!--yith-wceue-thumb-and-energy-container--><\/a><h2 class=\"woocommerce-loop-product__title\">Tablet Blackview Tab 20 Kids | 12 GB RAM 64 GB ROM<\/h2><div class=\"eael-product-price\"><del aria-hidden=\"true\"><span class=\"woocommerce-Price-amount amount\"><bdi>105,00&nbsp;<span class=\"woocommerce-Price-currencySymbol\">&euro;<\/span><\/bdi><\/span><\/del> <span class=\"screen-reader-text\">Original price was: 105,00&nbsp;&euro;.<\/span><ins aria-hidden=\"true\"><span class=\"woocommerce-Price-amount amount\"><bdi>94,99&nbsp;<span class=\"woocommerce-Price-currencySymbol\">&euro;<\/span><\/bdi><\/span><\/ins><span class=\"screen-reader-text\">Current price is: 94,99&nbsp;&euro;.<\/span><\/div><a href=\"https:\/\/blackviewphones.com\/en\/product\/blackview-tab20-kids-tablet\/\" aria-describedby=\"woocommerce_loop_add_to_cart_link_describedby_9849\" data-quantity=\"1\" class=\"button product_type_variable add_to_cart_button\" data-product_id=\"9849\" data-product_sku=\"\" aria-label=\"Select options for &ldquo;Tablet Blackview Tab 20 Kids | 12 GB RAM 64 GB ROM&rdquo;\" rel=\"nofollow\"><i class=\"klbth-icon-shop-1\"><\/i> Select options<\/a>\t<span id=\"woocommerce_loop_add_to_cart_link_describedby_9849\" class=\"screen-reader-text\">\n\t\tThis product has multiple variants. The options may be chosen on the product page\t<\/span>\n    <\/div>\n<\/li><\/ul>            <div class=\"eael-load-more-button-wrap eael-force-hide\">\n                <button class=\"eael-load-more-button\" id=\"eael-load-more-btn-fb06c9f\" data-widget-id=\"fb06c9f\" data-widget=\"fb06c9f\" data-page-id=\"8166\" data-template=\"{&quot;dir&quot;:&quot;lite&quot;,&quot;file_name&quot;:&quot;preset-4.php&quot;,&quot;name&quot;:&quot;Woo-Product-Gallery&quot;}\" data-class=\"Essential_Addons_Elementor\\Elements\\Woo_Product_Gallery\" data-layout=\"masonry\" data-page=\"1\" data-args=\"post_type=product&amp;post_status%5B0%5D=publish&amp;post_status%5B1%5D=pending&amp;post_status%5B2%5D=future&amp;posts_per_page=3&amp;order=DESC&amp;offset=0&amp;tax_query%5Brelation%5D=AND&amp;tax_query%5B0%5D%5Btaxonomy%5D=product_visibility&amp;tax_query%5B0%5D%5Bfield%5D=name&amp;tax_query%5B0%5D%5Bterms%5D%5B0%5D=exclude-from-search&amp;tax_query%5B0%5D%5Bterms%5D%5B1%5D=exclude-from-catalog&amp;tax_query%5B0%5D%5Boperator%5D=NOT+IN&amp;tax_query%5B1%5D%5Brelation%5D=OR&amp;tax_query%5B1%5D%5B0%5D%5Btaxonomy%5D=product_cat&amp;tax_query%5B1%5D%5B0%5D%5Bfield%5D=term_id&amp;tax_query%5B1%5D%5B0%5D%5Bterms%5D=328&amp;tax_query%5B1%5D%5B0%5D%5Boperator%5D=IN&amp;orderby=meta_value_num&amp;meta_query%5Brelation%5D=AND&amp;meta_query%5B0%5D%5Bkey%5D=_stock_status&amp;meta_query%5B0%5D%5Bvalue%5D=instock&amp;meta_key=total_sales&amp;found_posts=11\" data-max-page=\"4\">\n                    <span class=\"eael-btn-loader button__loader\"><\/span>\n                    <span class=\"eael_load_more_text\"><\/span>\n                <\/button>\n            <\/div>\n                        <\/div>\n        <\/div>\n        <script type=\"text\/javascript\">\n\t\t\tjQuery(document).ready(function ($) {\n\t\t\t\tvar $scope = jQuery(\".elementor-element-fb06c9f\");\n\t\t\t\tvar $products = $('.products', $scope);\n\t\t\t\tvar $layout_mode = $products.data('layout-mode');\n\n\t\t\t\tif ($layout_mode === 'masonry') {\n\t\t\t\t\t\/\/ init isotope\n\t\t\t\t\tvar $isotope_products = $products.isotope({ itemSelector: \"li.product\", layoutMode: $layout_mode, percentPosition: true });\n\t\t\t\t\t$isotope_products.imagesLoaded().progress(function () {\n\t\t\t\t\t\t$isotope_products.isotope('layout');\n\t\t\t\t\t})\n\n\t\t\t\t\t$(window).on('resize', function () {\n\t\t\t\t\t\t$isotope_products.isotope('layout');\n\t\t\t\t\t});\n\t\t\t\t}\n\t\t\t});\n        <\/script>\n\t\t\t\t\t\t<\/div>\n\t\t\t\t<\/div>\n\t\t\t\t\t<\/div>\n\t\t\t\t<\/div>\n\t\t<div class=\"elementor-element elementor-element-264e543a e-flex e-con-boxed e-con e-parent\" data-id=\"264e543a\" data-element_type=\"container\" data-e-type=\"container\">\n\t\t\t\t\t<div class=\"e-con-inner\">\n\t\t\t\t<div class=\"elementor-element elementor-element-6651c1a9 elementor-widget elementor-widget-text-editor\" data-id=\"6651c1a9\" data-element_type=\"widget\" data-e-type=\"widget\" data-widget_type=\"text-editor.default\">\n\t\t\t\t<div class=\"elementor-widget-container\">\n\t\t\t\t\t\t\t\t\t<h1>Tablet Blackview MEGA 2 Wifi | 36 GB RAM 256GB ROM<\/h1>\n<h3>Incluye stylus pen (puntero)\u270f\ufe0f<\/h3>\nLa nueva Tablet <strong>Blackview Mega 2 Wifi <\/strong>\u00a0ha llegado para revolucionar tu experiencia tecnol\u00f3gica. Con un dise\u00f1o elegante, con bater\u00eda de 9000 mAh y compatibilidad con Wideline L1. Cuenta con una pantalla de 12&#8243; y Android 15. Adem\u00e1s, de funciones de desbloqueo facial, antihuella y Smart Google Lens.\n<h2>Grabaci\u00f3n de Video FHD 1080P a 30fps<\/h2>\nCaptura cada momento con una calidad impresionante. Con la grabaci\u00f3n de video en FHD 1080P a 30 fps, cada escena cobra vida con colores vibrantes y una claridad asombrosa. Ya sea un evento especial, una salida con amigos o una aventura espont\u00e1nea, tus recuerdos se grabar\u00e1n con una nitidez impecable y un movimiento suave, garantizando que cada detalle sea tan v\u00edvido como el momento mismo.\n<h2>Espacio privado: Guarda lo importante solo para ti<\/h2>\nTu mundo digital a salvo. El Espacio Privado crea un refugio seguro para tus aplicaciones confidenciales, incluidas las sociales, las de citas o las bancarias. Una vez bloqueado, estas aplicaciones se vuelven invisibles desde la lista de aplicaciones, la vista de aplicaciones recientes, las notificaciones e incluso los ajustes.\t\t\t\t\t\t\t\t<\/div>\n\t\t\t\t<\/div>\n\t\t\t\t\t<\/div>\n\t\t\t\t<\/div>\n\t\t\t\t<\/div>\n\t\t","protected":false},"excerpt":{"rendered":"<p>AllWinner A733; Octa core<br \/>\nCompatible with Wideline L1<br \/>\nAndroid 15 | 9000 mAh<br \/>\n281.7*177.2*8.0mm<br \/>\nWeight 615 g | Screen 12\u2033<br \/>\n12GB+24GB RAM 256GB ROM<\/p>","protected":false},"featured_media":8174,"comment_status":"open","ping_status":"closed","template":"","meta":{"_acf_changed":false},"product_brand":[287],"product_cat":[349],"product_tag":[306],"class_list":{"0":"post-8166","1":"product","2":"type-product","3":"status-publish","4":"has-post-thumbnail","6":"product_brand-blackview","7":"product_cat-sin-categoria","8":"product_tag-306","10":"first","11":"instock","12":"sale","13":"shipping-taxable","14":"purchasable","15":"product-type-variable"},"acf":[],"_links":{"self":[{"href":"https:\/\/blackviewphones.com\/en\/wp-json\/wp\/v2\/product\/8166","targetHints":{"allow":["GET"]}}],"collection":[{"href":"https:\/\/blackviewphones.com\/en\/wp-json\/wp\/v2\/product"}],"about":[{"href":"https:\/\/blackviewphones.com\/en\/wp-json\/wp\/v2\/types\/product"}],"replies":[{"embeddable":true,"href":"https:\/\/blackviewphones.com\/en\/wp-json\/wp\/v2\/comments?post=8166"}],"version-history":[{"count":0,"href":"https:\/\/blackviewphones.com\/en\/wp-json\/wp\/v2\/product\/8166\/revisions"}],"wp:featuredmedia":[{"embeddable":true,"href":"https:\/\/blackviewphones.com\/en\/wp-json\/wp\/v2\/media\/8174"}],"wp:attachment":[{"href":"https:\/\/blackviewphones.com\/en\/wp-json\/wp\/v2\/media?parent=8166"}],"wp:term":[{"taxonomy":"product_brand","embeddable":true,"href":"https:\/\/blackviewphones.com\/en\/wp-json\/wp\/v2\/product_brand?post=8166"},{"taxonomy":"product_cat","embeddable":true,"href":"https:\/\/blackviewphones.com\/en\/wp-json\/wp\/v2\/product_cat?post=8166"},{"taxonomy":"product_tag","embeddable":true,"href":"https:\/\/blackviewphones.com\/en\/wp-json\/wp\/v2\/product_tag?post=8166"}],"curies":[{"name":"wp","href":"https:\/\/api.w.org\/{rel}","templated":true}]}}