

{"id":6424,"date":"2025-03-14T09:15:52","date_gmt":"2025-03-14T08:15:52","guid":{"rendered":"https:\/\/blackviewphones.com\/?post_type=product&#038;p=6424"},"modified":"2025-12-29T16:11:19","modified_gmt":"2025-12-29T15:11:19","slug":"blackview-bv7200-10gb-6gb-4gb-ram-128gb-rom","status":"publish","type":"product","link":"https:\/\/blackviewphones.com\/en\/product\/blackview-bv7200-10-gb-6gb-4gb-ram-128-gb-rom\/","title":{"rendered":"Blackview BV7200 | 10GB (6GB + 4GB) RAM + 128GB ROM"},"content":{"rendered":"<h1>Blackview BV7200 | 10GB (6GB + 4GB) RAM + 128GB ROM<\/h1>\n<p>Blackview BV7200, a rugged and invincible lifestyle with the new rugged, water- and dust-resistant Blackview model. Designed with superior durability to survive everyday drops and bumps. With an indicator light, NFC, and a latch so you can take it anywhere without losing it, and to aid in use, a 2-in-1 fingerprint sensor and power button.<\/p>\n<p>MediaTek Helio G85 processor, the power and speed for most demands. It has 6GB of RAM and up to 128GB of expansion.<\/p>\n<p>50-megapixel camera, Dual 4G, and a 6.1-inch display. It also features underwater mode.<\/p>\n<h2>Blackview BV7200 Features<\/h2>\n<table style=\"height: 1277px;\" width=\"790\">\n<tbody>\n<tr>\n<td>\n<h3 id=\"sec-design\" class=\"k-h3\">General Characteristics<\/h3>\n<\/td>\n<\/tr>\n<tr>\n<td><strong>Model:\u00a0<\/strong><\/td>\n<td>MediaTek Helio G85<\/td>\n<\/tr>\n<tr>\n<td><strong>GPU:<\/strong><\/td>\n<td>2x Cortex<b class=\"dot\">\u2022<\/b>A75 2.0 GHz + 6x Cortex<b class=\"dot\">\u2022<\/b>A55 1.8 GHz<\/td>\n<\/tr>\n<tr>\n<td><strong>Guy:<\/strong><\/td>\n<td>Octa-Core<\/td>\n<\/tr>\n<tr>\n<td><strong>Dimensions:<\/strong><\/td>\n<td>81.6 mm \u00b7 165.3 mm \u00b7 16 mm<\/td>\n<\/tr>\n<tr>\n<td><strong>Weight:<\/strong><\/td>\n<td>288 Gr<\/td>\n<\/tr>\n<tr>\n<td><strong>Operating System:<\/strong><\/td>\n<td>Android 12<\/td>\n<\/tr>\n<tr>\n<td>\n<h3>Ability<\/h3>\n<\/td>\n<\/tr>\n<tr>\n<td><strong>RAM:<\/strong><\/td>\n<td>6 GB<\/td>\n<\/tr>\n<tr>\n<td><strong>ROM:<\/strong><\/td>\n<td>128 GB<\/td>\n<\/tr>\n<tr>\n<td><strong>Expandable:<\/strong><\/td>\n<td>Yeah<\/td>\n<\/tr>\n<tr>\n<td><strong>Battery:<\/strong><\/td>\n<td>5180 mAh<\/td>\n<\/tr>\n<tr>\n<td>\n<h3>Screen<\/h3>\n<\/td>\n<\/tr>\n<tr>\n<td><strong>Size:<\/strong><\/td>\n<td>6.1\u2033<\/td>\n<\/tr>\n<tr>\n<td><strong>Guy:<\/strong><\/td>\n<td>IPS LCD<\/td>\n<\/tr>\n<tr>\n<td><strong>Resolution:<\/strong><\/td>\n<td>720 x 21560 px <b class=\"dot\">\u2022<\/b>\u00a0FHD+<\/td>\n<\/tr>\n<tr>\n<td><\/td>\n<td><\/td>\n<\/tr>\n<tr>\n<td>\n<h3>Camera<\/h3>\n<\/td>\n<\/tr>\n<tr>\n<td><strong>Rear camera:<\/strong><\/td>\n<td>50 Mpx<\/td>\n<\/tr>\n<tr>\n<td><strong>Front camera:<\/strong><\/td>\n<td>8 Mpx<\/td>\n<\/tr>\n<tr>\n<td>\n<h3>Other features<\/h3>\n<\/td>\n<td><\/td>\n<\/tr>\n<tr>\n<td><strong>Dual SIM<\/strong><\/td>\n<td>Yeah<\/td>\n<\/tr>\n<tr>\n<td><strong>Wifi<\/strong><\/td>\n<td>802.11a, 802.11b, 802.11g, 802.11n, 802.11n 5GHz, 802.11ac<\/td>\n<\/tr>\n<tr>\n<td><strong>Bluetooth<\/strong><\/td>\n<td>Bluetooth 5.4<\/td>\n<\/tr>\n<tr>\n<td><strong>Navigation<\/strong><\/td>\n<td>GPS, A-GPS, GLONASS, Beidou, Galileo<\/td>\n<\/tr>\n<tr>\n<td><strong>NFC<\/strong><\/td>\n<td>Yeah<\/td>\n<\/tr>\n<tr>\n<td><b>Type C headphone input<\/b><\/td>\n<\/tr>\n<tr>\n<td>\n<h3>Package contents<\/h3>\n<\/td>\n<td><\/td>\n<\/tr>\n<tr>\n<td><strong> Blackview BV7200<\/strong><\/td>\n<td><\/td>\n<\/tr>\n<tr>\n<td><strong>Plug<\/strong><\/td>\n<td><\/td>\n<\/tr>\n<tr>\n<td><strong>Type C charging cable<\/strong><\/td>\n<td><\/td>\n<\/tr>\n<\/tbody>\n<\/table>\n<h2><span style=\"font-size: 16px;\">IP68: WHAT YOU CAN AND CAN&#039;T DO<\/span><\/h2>\n<p>If a device is IP68 certified, it means it can be submerged in <strong>fresh water<\/strong>\u00a0<strong>at depths of up to one metre for a maximum of 30 minutes provided the terminal protections are kept properly sealed.<\/strong><\/p>\n<p><strong>We leave you some tips<\/strong>\u00a0<strong>for any terminal with IP68 certification<\/strong>:<\/p>\n<ul>\n<li>Do not expose your IP68 smartphone to water currents, such as tap water, ocean waves, or waterfalls.<\/li>\n<li>Also, if your IP68 smartphone has been exposed to fresh water, dry it carefully with a clean, soft cloth.<\/li>\n<li>If the IP68 smartphone has been exposed to any type of liquid other than fresh water (such as seawater), immediately rinse the device gently with fresh water and dry thoroughly with a soft, clean cloth.<\/li>\n<li>If you have any doubts about whether the guards are properly closed.\u00a0<strong>NO\u00a0<\/strong>you get it wet.<\/li>\n<li>Avoid aggressive testing to demonstrate your endurance<\/li>\n<li>It is not advisable to manipulate the device buttons in the water.<\/li>\n<li>It is recommended NOT to soak the device in salt water as the IP certification only applies to fresh water.<\/li>\n<\/ul>","protected":false},"excerpt":{"rendered":"<p>Blackview BV7200 | 10 GB (6GB + 4GB) RAM + 128 GB ROM Blackview BV7200, un\u00a0 estilo de vida robusto e invencible con el nuevo modelo de Blackview rugerizado, resistente al agua, polvo. Dise\u00f1ado con un nivel superior de durabilidad para sobrevivir a las ca\u00eddas y golpes del d\u00eda a d\u00eda. Con una luz indicadora,<\/p>\n<div class=\"klb-readmore entry-button\"><a class=\"btn read-more\" href=\"https:\/\/blackviewphones.com\/en\/product\/blackview-bv7200-10-gb-6gb-4gb-ram-128-gb-rom\/\">Read More<\/a><\/div>","protected":false},"featured_media":3651,"comment_status":"closed","ping_status":"closed","template":"","meta":{"_acf_changed":false},"product_brand":[],"product_cat":[349],"product_tag":[],"class_list":{"0":"post-6424","1":"product","2":"type-product","3":"status-publish","4":"has-post-thumbnail","6":"product_cat-sin-categoria","8":"first","9":"outofstock","10":"sale","11":"shipping-taxable","12":"purchasable","13":"product-type-variable","14":"has-default-attributes"},"acf":[],"_links":{"self":[{"href":"https:\/\/blackviewphones.com\/en\/wp-json\/wp\/v2\/product\/6424","targetHints":{"allow":["GET"]}}],"collection":[{"href":"https:\/\/blackviewphones.com\/en\/wp-json\/wp\/v2\/product"}],"about":[{"href":"https:\/\/blackviewphones.com\/en\/wp-json\/wp\/v2\/types\/product"}],"replies":[{"embeddable":true,"href":"https:\/\/blackviewphones.com\/en\/wp-json\/wp\/v2\/comments?post=6424"}],"version-history":[{"count":0,"href":"https:\/\/blackviewphones.com\/en\/wp-json\/wp\/v2\/product\/6424\/revisions"}],"wp:featuredmedia":[{"embeddable":true,"href":"https:\/\/blackviewphones.com\/en\/wp-json\/wp\/v2\/media\/3651"}],"wp:attachment":[{"href":"https:\/\/blackviewphones.com\/en\/wp-json\/wp\/v2\/media?parent=6424"}],"wp:term":[{"taxonomy":"product_brand","embeddable":true,"href":"https:\/\/blackviewphones.com\/en\/wp-json\/wp\/v2\/product_brand?post=6424"},{"taxonomy":"product_cat","embeddable":true,"href":"https:\/\/blackviewphones.com\/en\/wp-json\/wp\/v2\/product_cat?post=6424"},{"taxonomy":"product_tag","embeddable":true,"href":"https:\/\/blackviewphones.com\/en\/wp-json\/wp\/v2\/product_tag?post=6424"}],"curies":[{"name":"wp","href":"https:\/\/api.w.org\/{rel}","templated":true}]}}