

{"id":6179,"date":"2025-03-14T09:00:24","date_gmt":"2025-03-14T08:00:24","guid":{"rendered":"https:\/\/blackviewphones.com\/?post_type=product&#038;p=6179"},"modified":"2025-12-23T14:54:06","modified_gmt":"2025-12-23T13:54:06","slug":"blackview-horizontal-mobile-case","status":"publish","type":"product","link":"https:\/\/blackviewphones.com\/en\/product\/funda-movil-blackview-horizontal\/","title":{"rendered":"Blackview Horizontal Mobile Case"},"content":{"rendered":"<h1>Blackview Horizontal Mobile Case<\/h1>\n<p><strong>Ideal for carrying your device always close to you and very well protected in the Blackview Horizontal Mobile Case<\/strong><\/p>\n<p><span class=\"a-list-item\">HANDY AND PROTECTED: The practical belt and trouser clip of the black protective case allows your smartphone to be easily attached, keeping it always at hand and perfectly protected in the case.<\/span><\/p>\n<p><span class=\"a-list-item\">ELEGANT: This universal protective cover measures 16.5 cm x 8.5 cm x 1.5 cm and is made of durable faux leather. Maximum protection against dirt, scratches, bumps, and drops.<\/span><\/p>\n<p><span class=\"a-list-item\">COMPATIBLE WITH: Almost all Blackview devices except BV6100, BV9100, BV9500 plus, BV9500 Pro, BV9600, BV9600 Pro, BV9700, BV9800, BV9800 Pro and others.<\/span><\/p>\n<p><span class=\"a-list-item\">SOBER: This case will match your clothes and accessories very well due to its sober, solid-color design.<\/span><\/p>\n<p><span class=\"a-list-item\">SECURE: The clip-on cover will stay put wherever you place it. It will securely attach to your belt!<\/span><\/p>","protected":false},"excerpt":{"rendered":"<p>Funda M\u00f3vil Blackview Horizontal Ideal para portar tu dispositivo siempre cerca de ti y muy bien protegido en la Funda M\u00f3vil Blackview Horizontal A MANO Y PROTEGIDO: El pr\u00e1ctico enganche para pantalones y cinturones del case protector negro, tu tel\u00e9fono m\u00f3vil inteligente se podr\u00e1 colocar f\u00e1cilmente, teni\u00e9ndolo siempre a mano y perfectamente protegido en el<\/p>\n<div class=\"klb-readmore entry-button\"><a class=\"btn read-more\" href=\"https:\/\/blackviewphones.com\/en\/product\/funda-movil-blackview-horizontal\/\">Read More<\/a><\/div>","protected":false},"featured_media":3278,"comment_status":"closed","ping_status":"closed","template":"","meta":{"_acf_changed":false},"product_brand":[],"product_cat":[330,154],"product_tag":[],"class_list":{"0":"post-6179","1":"product","2":"type-product","3":"status-publish","4":"has-post-thumbnail","6":"product_cat-accesorios-blackview-accesorios-para-moviles","7":"product_cat-accesorios-blackview","9":"first","10":"instock","11":"shipping-taxable","12":"purchasable","13":"product-type-variable","14":"has-default-attributes"},"acf":[],"_links":{"self":[{"href":"https:\/\/blackviewphones.com\/en\/wp-json\/wp\/v2\/product\/6179","targetHints":{"allow":["GET"]}}],"collection":[{"href":"https:\/\/blackviewphones.com\/en\/wp-json\/wp\/v2\/product"}],"about":[{"href":"https:\/\/blackviewphones.com\/en\/wp-json\/wp\/v2\/types\/product"}],"replies":[{"embeddable":true,"href":"https:\/\/blackviewphones.com\/en\/wp-json\/wp\/v2\/comments?post=6179"}],"version-history":[{"count":0,"href":"https:\/\/blackviewphones.com\/en\/wp-json\/wp\/v2\/product\/6179\/revisions"}],"wp:featuredmedia":[{"embeddable":true,"href":"https:\/\/blackviewphones.com\/en\/wp-json\/wp\/v2\/media\/3278"}],"wp:attachment":[{"href":"https:\/\/blackviewphones.com\/en\/wp-json\/wp\/v2\/media?parent=6179"}],"wp:term":[{"taxonomy":"product_brand","embeddable":true,"href":"https:\/\/blackviewphones.com\/en\/wp-json\/wp\/v2\/product_brand?post=6179"},{"taxonomy":"product_cat","embeddable":true,"href":"https:\/\/blackviewphones.com\/en\/wp-json\/wp\/v2\/product_cat?post=6179"},{"taxonomy":"product_tag","embeddable":true,"href":"https:\/\/blackviewphones.com\/en\/wp-json\/wp\/v2\/product_tag?post=6179"}],"curies":[{"name":"wp","href":"https:\/\/api.w.org\/{rel}","templated":true}]}}