

{"id":6176,"date":"2025-03-14T09:00:19","date_gmt":"2025-03-14T08:00:19","guid":{"rendered":"https:\/\/blackviewphones.com\/?post_type=product&#038;p=6176"},"modified":"2026-04-14T12:36:37","modified_gmt":"2026-04-14T10:36:37","slug":"blackview-charging-adapter","status":"publish","type":"product","link":"https:\/\/blackviewphones.com\/en\/product\/blackview-adaptador-de-carga\/","title":{"rendered":"Blackview Charging Adapter"},"content":{"rendered":"<h1>Blackview Charging Adapter<\/h1>\n<h2 class=\"product_title entry-title\">Type C to Type C Adapter Long<\/h2>\n<p><span class=\"a-list-item\">Blackview Adaptador Tipo C \u2013 Tipo C Largo.<\/span><\/p>\n<ul class=\"a-unordered-list a-vertical a-spacing-none\">\n<li><span class=\"a-list-item\">Micro Type C to Type C Long adapter meets all technical standards for use with all Type C products, including laptops and mobile phones.<\/span><\/li>\n<li><span class=\"a-list-item\">Adapter with Type C to Type C Long, can sync, charge and transfer data. (non-otg).<\/span><\/li>\n<li><span class=\"a-list-item\">Design: Smaller and more convenient. Low-profile connector with a reversible design simplifies connection; plug and unplug easily without checking for connector orientation.<\/span><\/li>\n<li><span class=\"a-list-item\">High-quality materials ensure reliability and provide super-speed charging and transfer.<\/span><\/li>\n<\/ul>\n<h2>Blackview Micro USB Type Adapter \u2013 Long Micro USB Type<\/h2>\n<ul>\n<li>The Blackview Micro USB Type C to Micro USB Long Adapter is compatible with various Blackview devices including laptops and mobile phones.<\/li>\n<li>Adapter with Micro USB to Long Micro USB, you can sync, charge and transfer data from your regular Micro USB to Long Micro USB type devices using its micro input<\/li>\n<li>Standard USB (non-OTG) chargers, this allows you to connect flash drives, keyboards, and other micro USB devices to your micro USB device.<\/li>\n<li>Reversible Design: Smaller and more convenient. Low-profile connector with a reversible design simplifies connection; plug and unplug easily without checking for connector orientation.<\/li>\n<li>High-quality materials ensure reliability and provide super-speed charging and transfer.<\/li>\n<\/ul>\n<h2>Blackview Micro Usb Adapter \u2013 Type C Long<\/h2>\n<ul>\n<li>Micro USB to Type C adapter meets all technical standards for use with all Type C products, including laptops and mobile phones.<\/li>\n<li>Micro USB to Type C adapter, can sync, charge and transfer data. (non-OTG).<\/li>\n<li>Design: Smaller and more convenient. Low-profile connector with a reversible design simplifies connection; plug and unplug easily without checking for connector orientation.<\/li>\n<li>High-quality materials ensure reliability and provide super-speed charging and transfer.<\/li>\n<\/ul>","protected":false},"excerpt":{"rendered":"<p>Blackview Adaptador de Carga Adaptador de Tipo C a Tipo C Largo Blackview Adaptador Tipo C \u2013 Tipo C Largo. Micro Tipo C a Tipo C Largo, adaptador cumple con todas las normas t\u00e9cnicas para utilizar con todos los productos Tipo C; incluyendo ordenadores port\u00e1tiles y tel\u00e9fonos m\u00f3viles. Adaptador con Tipo C a Tipo C<\/p>\n<div class=\"klb-readmore entry-button\"><a class=\"btn read-more\" href=\"https:\/\/blackviewphones.com\/en\/product\/blackview-adaptador-de-carga\/\">Read More<\/a><\/div>","protected":false},"featured_media":3271,"comment_status":"closed","ping_status":"closed","template":"","meta":{"_acf_changed":false},"product_brand":[],"product_cat":[154],"product_tag":[],"class_list":{"0":"post-6176","1":"product","2":"type-product","3":"status-publish","4":"has-post-thumbnail","6":"product_cat-accesorios-blackview","8":"first","9":"instock","10":"shipping-taxable","11":"purchasable","12":"product-type-variable"},"acf":[],"_links":{"self":[{"href":"https:\/\/blackviewphones.com\/en\/wp-json\/wp\/v2\/product\/6176","targetHints":{"allow":["GET"]}}],"collection":[{"href":"https:\/\/blackviewphones.com\/en\/wp-json\/wp\/v2\/product"}],"about":[{"href":"https:\/\/blackviewphones.com\/en\/wp-json\/wp\/v2\/types\/product"}],"replies":[{"embeddable":true,"href":"https:\/\/blackviewphones.com\/en\/wp-json\/wp\/v2\/comments?post=6176"}],"version-history":[{"count":0,"href":"https:\/\/blackviewphones.com\/en\/wp-json\/wp\/v2\/product\/6176\/revisions"}],"wp:featuredmedia":[{"embeddable":true,"href":"https:\/\/blackviewphones.com\/en\/wp-json\/wp\/v2\/media\/3271"}],"wp:attachment":[{"href":"https:\/\/blackviewphones.com\/en\/wp-json\/wp\/v2\/media?parent=6176"}],"wp:term":[{"taxonomy":"product_brand","embeddable":true,"href":"https:\/\/blackviewphones.com\/en\/wp-json\/wp\/v2\/product_brand?post=6176"},{"taxonomy":"product_cat","embeddable":true,"href":"https:\/\/blackviewphones.com\/en\/wp-json\/wp\/v2\/product_cat?post=6176"},{"taxonomy":"product_tag","embeddable":true,"href":"https:\/\/blackviewphones.com\/en\/wp-json\/wp\/v2\/product_tag?post=6176"}],"curies":[{"name":"wp","href":"https:\/\/api.w.org\/{rel}","templated":true}]}}