

{"id":6106,"date":"2025-03-14T08:57:30","date_gmt":"2025-03-14T07:57:30","guid":{"rendered":"https:\/\/blackviewphones.com\/?post_type=product&#038;p=6106"},"modified":"2026-04-14T12:36:39","modified_gmt":"2026-04-14T10:36:39","slug":"sports-bracelet","status":"publish","type":"product","link":"https:\/\/blackviewphones.com\/en\/product\/brazalete-deportivo\/","title":{"rendered":"Sports bracelet"},"content":{"rendered":"<h1>Sports bracelet<\/h1>\n<p>The sports bracelet is ideal for any type of sport such as:<span class=\"a-list-item\">\u00a0running, fishing, climbing, gym, cycling, hiking, gardening and much more.<\/span><\/p>\n<p>It fits on the wrist, has a design that allows the screen to rotate without having to remove it from the stand for use, is black and easy to use.<\/p>\n<h2>Characteristics<\/h2>\n<ul class=\"a-unordered-list a-vertical a-spacing-none\">\n<li><span class=\"a-list-item\">\u00a0180\u00b0 rotation as <\/span><span class=\"a-list-item\">Mobile phone holder, worn on the wrist, easy to view the message\/call or take a photo whenever you like, no need to remove the phone from the old-style wristband anymore.<\/span><\/li>\n<li><span class=\"a-list-item\">Universal Compatibility: Fits most Blackview mobile phones from 4 inches to 6.5 inches screen size.<\/span><\/li>\n<li><span class=\"a-list-item\">Quality: It is strong to hold any device. <\/span><\/li>\n<li><span class=\"a-list-item\">Material: Soft silicone elastic, it is easy to adjust the size for different models, elastic velcro 9\u2033 wrist perimeter, cushion holder is under the phone soft for wrist comfort against scratches.<\/span><\/li>\n<\/ul>","protected":false},"excerpt":{"rendered":"<p>Brazalete deportivo El Brazalete deportivo es ideal para hacer cualquier tipo de deporte como:\u00a0correr, pesca, escalada, gimnasio, ciclismo, senderismo, jardiner\u00eda y mucho m\u00e1s. Se ajusta a la mu\u00f1eca, tiene un dise\u00f1o que permite que se gire la pantalla, sin necesidad de quitarlo del soporte para su uso, es color negro y f\u00e1cil de usar. Caracter\u00edsticas<\/p>\n<div class=\"klb-readmore entry-button\"><a class=\"btn read-more\" href=\"https:\/\/blackviewphones.com\/en\/product\/brazalete-deportivo\/\">Read More<\/a><\/div>","protected":false},"featured_media":3128,"comment_status":"closed","ping_status":"closed","template":"","meta":{"_acf_changed":false},"product_brand":[],"product_cat":[42],"product_tag":[],"class_list":{"0":"post-6106","1":"product","2":"type-product","3":"status-publish","4":"has-post-thumbnail","6":"product_cat-moviles-blackview","8":"first","9":"instock","10":"sale","11":"purchasable","12":"product-type-variable","13":"has-default-attributes"},"acf":[],"_links":{"self":[{"href":"https:\/\/blackviewphones.com\/en\/wp-json\/wp\/v2\/product\/6106","targetHints":{"allow":["GET"]}}],"collection":[{"href":"https:\/\/blackviewphones.com\/en\/wp-json\/wp\/v2\/product"}],"about":[{"href":"https:\/\/blackviewphones.com\/en\/wp-json\/wp\/v2\/types\/product"}],"replies":[{"embeddable":true,"href":"https:\/\/blackviewphones.com\/en\/wp-json\/wp\/v2\/comments?post=6106"}],"version-history":[{"count":0,"href":"https:\/\/blackviewphones.com\/en\/wp-json\/wp\/v2\/product\/6106\/revisions"}],"wp:featuredmedia":[{"embeddable":true,"href":"https:\/\/blackviewphones.com\/en\/wp-json\/wp\/v2\/media\/3128"}],"wp:attachment":[{"href":"https:\/\/blackviewphones.com\/en\/wp-json\/wp\/v2\/media?parent=6106"}],"wp:term":[{"taxonomy":"product_brand","embeddable":true,"href":"https:\/\/blackviewphones.com\/en\/wp-json\/wp\/v2\/product_brand?post=6106"},{"taxonomy":"product_cat","embeddable":true,"href":"https:\/\/blackviewphones.com\/en\/wp-json\/wp\/v2\/product_cat?post=6106"},{"taxonomy":"product_tag","embeddable":true,"href":"https:\/\/blackviewphones.com\/en\/wp-json\/wp\/v2\/product_tag?post=6106"}],"curies":[{"name":"wp","href":"https:\/\/api.w.org\/{rel}","templated":true}]}}