

{"id":6105,"date":"2025-03-14T08:57:29","date_gmt":"2025-03-14T07:57:29","guid":{"rendered":"https:\/\/blackviewphones.com\/?post_type=product&#038;p=6105"},"modified":"2026-05-04T12:44:21","modified_gmt":"2026-05-04T10:44:21","slug":"wireless-charger-for-blackview","status":"publish","type":"product","link":"https:\/\/blackviewphones.com\/en\/product\/cargador-inalambrico-para-blackview\/","title":{"rendered":"Wireless Charger for Blackview"},"content":{"rendered":"<h1>Wireless Charger for Blackview<\/h1>\n<h2>Advantages of Wireless Charger for Blackview<\/h2>\n<ul>\n<li><span class=\"a-list-item\">No more cables needed. Now with the Wireless Charger for Blackview, you can charge your phone devices without the hassle of messy cables.<\/span><\/li>\n<li><span class=\"a-list-item\">This desktop wireless charger is compatible with any type of wireless charging phone, such as the Blackview, with a wireless charger receiver. You don&#039;t need to connect a cable to your smartphone. All you need to do is place your device on the pad, and it&#039;ll charge.<\/span><\/li>\n<li><span class=\"a-list-item\">Place your phone on the pad and make sure it&#039;s securely positioned. When the phone is charging, the LED indicator will automatically turn on to show the charging status.<\/span><\/li>\n<li><span class=\"a-list-item\">It&#039;s lightweight and easy to clean. The device looks exceptional; the light on the top shows that the LED is on when the wireless charger is working.\u00a0<\/span><\/li>\n<li><span class=\"a-list-item\">With its ultra-compact, slim, rounded edges, the charging device looks like a small decoration on your desk. It&#039;s easy to use, as you simply place your phone on the pad from any direction.<\/span><\/li>\n<li>Perfect charger for any type of surface, as long as it is connected to electricity.<\/li>\n<li>Ideal for smartphones with wireless charging, with a wireless charging distance +\/- 8 mm.<\/li>\n<\/ul>\n<h2>Specs<\/h2>\n<p><strong>Universal entry:<\/strong> 5.0V 2A<\/p>\n<p><strong>Fast charging input:<\/strong> 9.0V 2A<\/p>\n<p><strong>Universal output:<\/strong> 5.0V 1A<\/p>\n<p><strong>Transmission distance:<\/strong> \u22648mm<\/p>\n<p><strong>Conversion ratio:<\/strong> \u226476%<\/p>\n<p><strong>Product size:<\/strong> 105 x 105 x 20 mm<\/p>\n<div id=\"gtx-trans\" style=\"position: absolute; left: 660px; top: 655.062px;\">\n<div class=\"gtx-trans-icon\"><\/div>\n<\/div>","protected":false},"excerpt":{"rendered":"<p>Cargador Inal\u00e1mbrico para Blackview Ventajas de Cargador Inal\u00e1mbrico para Blackview No m\u00e1s cables necesarios. Ahora con el Cargador Inal\u00e1mbrico para Blackview, puede cargar sus dispositivos telef\u00f3nicos sin problemas de cables desordenados con CARGADOR INAL\u00c1MBRICO DE ESCRITORIO. Este cargador inal\u00e1mbrico de escritorio, es compatible con cualquier tipo de tel\u00e9fono con carga inal\u00e1mbrica como BLACKVIEW con un<\/p>\n<div class=\"klb-readmore entry-button\"><a class=\"btn read-more\" href=\"https:\/\/blackviewphones.com\/en\/product\/cargador-inalambrico-para-blackview\/\">Read More<\/a><\/div>","protected":false},"featured_media":10974,"comment_status":"closed","ping_status":"closed","template":"","meta":{"_acf_changed":false},"product_brand":[287],"product_cat":[330,154,159],"product_tag":[],"class_list":{"0":"post-6105","1":"product","2":"type-product","3":"status-publish","4":"has-post-thumbnail","6":"product_brand-blackview","7":"product_cat-accesorios-blackview-accesorios-para-moviles","8":"product_cat-accesorios-blackview","9":"product_cat-ofertas","11":"first","12":"instock","13":"sale","14":"purchasable","15":"product-type-variable","16":"has-default-attributes"},"acf":[],"_links":{"self":[{"href":"https:\/\/blackviewphones.com\/en\/wp-json\/wp\/v2\/product\/6105","targetHints":{"allow":["GET"]}}],"collection":[{"href":"https:\/\/blackviewphones.com\/en\/wp-json\/wp\/v2\/product"}],"about":[{"href":"https:\/\/blackviewphones.com\/en\/wp-json\/wp\/v2\/types\/product"}],"replies":[{"embeddable":true,"href":"https:\/\/blackviewphones.com\/en\/wp-json\/wp\/v2\/comments?post=6105"}],"version-history":[{"count":0,"href":"https:\/\/blackviewphones.com\/en\/wp-json\/wp\/v2\/product\/6105\/revisions"}],"wp:featuredmedia":[{"embeddable":true,"href":"https:\/\/blackviewphones.com\/en\/wp-json\/wp\/v2\/media\/10974"}],"wp:attachment":[{"href":"https:\/\/blackviewphones.com\/en\/wp-json\/wp\/v2\/media?parent=6105"}],"wp:term":[{"taxonomy":"product_brand","embeddable":true,"href":"https:\/\/blackviewphones.com\/en\/wp-json\/wp\/v2\/product_brand?post=6105"},{"taxonomy":"product_cat","embeddable":true,"href":"https:\/\/blackviewphones.com\/en\/wp-json\/wp\/v2\/product_cat?post=6105"},{"taxonomy":"product_tag","embeddable":true,"href":"https:\/\/blackviewphones.com\/en\/wp-json\/wp\/v2\/product_tag?post=6105"}],"curies":[{"name":"wp","href":"https:\/\/api.w.org\/{rel}","templated":true}]}}