

{"id":9849,"date":"2025-12-01T10:13:30","date_gmt":"2025-12-01T09:13:30","guid":{"rendered":"https:\/\/blackviewphones.com\/?post_type=product&#038;p=9849"},"modified":"2026-04-30T10:30:16","modified_gmt":"2026-04-30T08:30:16","slug":"blackview-tab20-kindertablet","status":"publish","type":"product","link":"https:\/\/blackviewphones.com\/de\/product\/tablet-blackview-tab20-kids\/","title":{"rendered":"Blackview Tab 20 Kinder-Tablet | 12 GB RAM, 64 GB ROM"},"content":{"rendered":"<h1>Blackview Tab 20 Kinder-Tablet | 12 GB RAM, 64 GB ROM<\/h1>\n<p data-start=\"707\" data-end=\"1048\">Das Tab 20 Kids Tablet verf\u00fcgt \u00fcber einen Akku von <strong>6600 mAh<\/strong> Es garantiert stundenlange, ununterbrochene Nutzung, w\u00e4hrend die 8-MP- und 5-MP-Kameras das Festhalten von Momenten, das Aufnehmen von Videos oder das F\u00fchren von hochwertigen Videoanrufen erm\u00f6glichen. Es verf\u00fcgt \u00fcber Stereolautsprecher und ein System, das auf \u2026 basiert. <strong>Android 15<\/strong>, Es wurde entwickelt, um Sicherheit, elterliche Kontrollfunktionen und eine einfache Bedienung f\u00fcr Kleinkinder zu bieten. Au\u00dferdem verf\u00fcgt es \u00fcber <strong>4 GB RAM, erweiterbar auf bis zu 12 GB ROM<\/strong> und 64 GB ROM.<\/p>\n<p data-start=\"1050\" data-end=\"1266\">Dank seines leichten Designs und der abgerundeten Kanten liegt es angenehm in der Hand und ist sicher f\u00fcr Kinder. Das Tab 20 Kids vereint Leistung, Akkulaufzeit und Benutzerfreundlichkeit in einem Ger\u00e4t, das sich perfekt f\u00fcr den t\u00e4glichen Gebrauch eignet.<\/p>","protected":false},"excerpt":{"rendered":"<p>Das Blackview Tab 20 Kids ist ein Kindertablet, das Kinder begleiten soll in <strong>Lernen, Unterhaltung und allt\u00e4gliche Aufgaben.<\/strong> Das 10,1 Zoll gro\u00dfe HD+ IPS-Display bietet eine gute Sch\u00e4rfe und angenehme Farben \u2013 ideal zum Lesen, Videos schauen oder Lernen mit Apps, ohne die Augen zu belasten. Mit dem UNISOC T310 Prozessor, 4 GB RAM und 64 GB internem Speicher, der auf bis zu 2 TB erweiterbar ist, bietet es gen\u00fcgend Leistung f\u00fcr einfache Spiele, Online-Kurse und fl\u00fcssiges Surfen.<\/p>","protected":false},"featured_media":10016,"comment_status":"open","ping_status":"closed","template":"","meta":{"_acf_changed":false},"product_brand":[287],"product_cat":[159,95,328],"product_tag":[],"class_list":{"0":"post-9849","1":"product","2":"type-product","3":"status-publish","4":"has-post-thumbnail","6":"product_brand-blackview","7":"product_cat-ofertas","8":"product_cat-tablets-blackview","9":"product_cat-tablets-blackview-tablets-inteligentes-blackview","11":"first","12":"instock","13":"sale","14":"shipping-taxable","15":"purchasable","16":"product-type-variable","17":"has-default-attributes"},"acf":[],"_links":{"self":[{"href":"https:\/\/blackviewphones.com\/de\/wp-json\/wp\/v2\/product\/9849","targetHints":{"allow":["GET"]}}],"collection":[{"href":"https:\/\/blackviewphones.com\/de\/wp-json\/wp\/v2\/product"}],"about":[{"href":"https:\/\/blackviewphones.com\/de\/wp-json\/wp\/v2\/types\/product"}],"replies":[{"embeddable":true,"href":"https:\/\/blackviewphones.com\/de\/wp-json\/wp\/v2\/comments?post=9849"}],"version-history":[{"count":0,"href":"https:\/\/blackviewphones.com\/de\/wp-json\/wp\/v2\/product\/9849\/revisions"}],"wp:featuredmedia":[{"embeddable":true,"href":"https:\/\/blackviewphones.com\/de\/wp-json\/wp\/v2\/media\/10016"}],"wp:attachment":[{"href":"https:\/\/blackviewphones.com\/de\/wp-json\/wp\/v2\/media?parent=9849"}],"wp:term":[{"taxonomy":"product_brand","embeddable":true,"href":"https:\/\/blackviewphones.com\/de\/wp-json\/wp\/v2\/product_brand?post=9849"},{"taxonomy":"product_cat","embeddable":true,"href":"https:\/\/blackviewphones.com\/de\/wp-json\/wp\/v2\/product_cat?post=9849"},{"taxonomy":"product_tag","embeddable":true,"href":"https:\/\/blackviewphones.com\/de\/wp-json\/wp\/v2\/product_tag?post=9849"}],"curies":[{"name":"wp","href":"https:\/\/api.w.org\/{rel}","templated":true}]}}