

{"id":9804,"date":"2025-11-27T15:59:36","date_gmt":"2025-11-27T14:59:36","guid":{"rendered":"https:\/\/blackviewphones.com\/?post_type=product&#038;p=9804"},"modified":"2026-04-22T10:50:24","modified_gmt":"2026-04-22T08:50:24","slug":"dcm6-tragbarer-bildschirm","status":"publish","type":"product","link":"https:\/\/blackviewphones.com\/de\/product\/pantalla-portatil-dcm6\/","title":{"rendered":"Blackview DCM6: Laptop mit zwei Bildschirmen."},"content":{"rendered":"<h1>Blackview DCM6: Laptop mit zwei Bildschirmen.<\/h1>\n<p data-start=\"1773\" data-end=\"2057\">Mit seinem <strong data-start=\"1781\" data-end=\"1858\">zwei vollwertige USB-C-Anschl\u00fcsse und ein dritter USB-C-Anschluss, der ausschlie\u00dflich der Stromversorgung dient.<\/strong>, Mit dem DCM6 k\u00f6nnen Sie Video und Strom \u00fcber ein einziges Kabel \u00fcbertragen. Keine technische Konfiguration oder zus\u00e4tzliche Schritte erforderlich: einfach anschlie\u00dfen und loslegen. Native Kompatibilit\u00e4t mit <strong data-start=\"2011\" data-end=\"2056\">Windows, macOS, Linux, Android und ChromeOS<\/strong>.<\/p>\n<p data-start=\"2059\" data-end=\"2364\">Es beinhaltet ein <strong data-start=\"2070\" data-end=\"2093\">eingebauter Lautsprecher<\/strong>, Ideal f\u00fcr Online-Meetings, Videowiedergabe oder kurze Pr\u00e4sentationen, wenn keine weiteren Peripherieger\u00e4te zur Verf\u00fcgung stehen. Sein Geh\u00e4use... <strong data-start=\"2231\" data-end=\"2267\">Aluminium mit ABS- und PC-Materialien<\/strong> Es garantiert Langlebigkeit ohne Einbu\u00dfen bei der Leichtigkeit und ist somit perfekt f\u00fcr unterwegs geeignet.<\/p>\n<p data-start=\"2366\" data-end=\"2611\">Kurz gesagt, die <strong data-start=\"2384\" data-end=\"2392\">DCM6<\/strong> Es ist eine L\u00f6sung <strong data-start=\"2409\" data-end=\"2443\">tragbar, praktisch und universell<\/strong> Erweitern Sie Ihren Arbeitsbereich mit einem zweiten oder dritten Bildschirm und optimieren Sie so Ihre Produktivit\u00e4t, Ihre Arbeit aus der Ferne, Ihre Bearbeitungsfunktionen oder Ihre Unterhaltung, wo immer Sie sich befinden.<\/p>\n<p data-start=\"2613\" data-end=\"2652\"><strong>Laptop-Bildschirmst\u00e4nder<\/strong><\/p>\n<p data-start=\"2653\" data-end=\"2847\">Komfortableres Arbeiten, optimal ausgerichtete Bildschirme. Der St\u00e4nder h\u00e4lt Ihren Laptop stabil und in der richtigen H\u00f6he, verhindert unangenehme Neigungen und sorgt f\u00fcr ein angenehmeres, ergonomischeres Arbeitsumfeld.<\/p>\n<p data-start=\"2849\" data-end=\"2882\"><strong>Multiplattform-Plug &amp; Play<\/strong><\/p>\n<p data-start=\"2883\" data-end=\"3055\">Kompatibel mit den g\u00e4ngigen Betriebssystemen: <strong data-start=\"2935\" data-end=\"2978\">Mac, Windows, Android, Linux und ChromeOS<\/strong>. Es ist keine zus\u00e4tzliche Software erforderlich. Einfach anschlie\u00dfen und sofort loslegen.<\/p>\n<p data-start=\"3057\" data-end=\"3098\"><strong>100-W-bidirektionales Netzteil<\/strong><\/p>\n<p data-start=\"3099\" data-end=\"3314\">Unbegrenzte Energie. Dank seiner <strong data-start=\"3133\" data-end=\"3165\">R\u00fcckw\u00e4rtsladung bis zu 100 W<\/strong>, Der DCM6 versorgt Ihren Laptop w\u00e4hrend der Benutzung mit Strom und gew\u00e4hrleistet so eine kontinuierliche Leistung auch bei langen Arbeitstagen, beim Streaming oder Gaming.<\/p>\n<p><strong>*F\u00fcr den Betrieb mit Netzstecker wird ein Netzteil mit mindestens 65 W empfohlen.<\/strong><\/p>\n<p>&nbsp;<\/p>","protected":false},"excerpt":{"rendered":"<p>Er <strong data-start=\"1612\" data-end=\"1620\">DCM6<\/strong> Blackview bietet zwei Bildschirme an. <strong data-start=\"1658\" data-end=\"1681\">14-Zoll-Full-HD-Bildschirm<\/strong> Um Ihr Multitasking-Erlebnis auf die n\u00e4chste Stufe zu heben. Dank seines leichten und faltbaren Designs ist es das perfekte Zubeh\u00f6r f\u00fcr alle, die in Caf\u00e9s, Coworking-Spaces, auf Reisen oder auf kleinem Raum arbeiten m\u00fcssen. <strong data-start=\"1896\" data-end=\"1918\">300 Nits Helligkeit<\/strong>, Jedes Panel bietet auch in hellen Umgebungen eine ausgezeichnete Sch\u00e4rfe.<\/p>\n<p><strong>*Abbildung dient als Referenz: Bildschirme mit St\u00e4nder, Laptop nicht im Lieferumfang enthalten.<\/strong><\/p>","protected":false},"featured_media":10278,"comment_status":"open","ping_status":"closed","template":"","meta":{"_acf_changed":false},"product_brand":[287],"product_cat":[42,159],"product_tag":[],"class_list":{"0":"post-9804","1":"product","2":"type-product","3":"status-publish","4":"has-post-thumbnail","6":"product_brand-blackview","7":"product_cat-moviles-blackview","8":"product_cat-ofertas","10":"first","11":"instock","12":"sale","13":"shipping-taxable","14":"purchasable","15":"product-type-variable","16":"has-default-attributes"},"acf":[],"_links":{"self":[{"href":"https:\/\/blackviewphones.com\/de\/wp-json\/wp\/v2\/product\/9804","targetHints":{"allow":["GET"]}}],"collection":[{"href":"https:\/\/blackviewphones.com\/de\/wp-json\/wp\/v2\/product"}],"about":[{"href":"https:\/\/blackviewphones.com\/de\/wp-json\/wp\/v2\/types\/product"}],"replies":[{"embeddable":true,"href":"https:\/\/blackviewphones.com\/de\/wp-json\/wp\/v2\/comments?post=9804"}],"version-history":[{"count":0,"href":"https:\/\/blackviewphones.com\/de\/wp-json\/wp\/v2\/product\/9804\/revisions"}],"wp:featuredmedia":[{"embeddable":true,"href":"https:\/\/blackviewphones.com\/de\/wp-json\/wp\/v2\/media\/10278"}],"wp:attachment":[{"href":"https:\/\/blackviewphones.com\/de\/wp-json\/wp\/v2\/media?parent=9804"}],"wp:term":[{"taxonomy":"product_brand","embeddable":true,"href":"https:\/\/blackviewphones.com\/de\/wp-json\/wp\/v2\/product_brand?post=9804"},{"taxonomy":"product_cat","embeddable":true,"href":"https:\/\/blackviewphones.com\/de\/wp-json\/wp\/v2\/product_cat?post=9804"},{"taxonomy":"product_tag","embeddable":true,"href":"https:\/\/blackviewphones.com\/de\/wp-json\/wp\/v2\/product_tag?post=9804"}],"curies":[{"name":"wp","href":"https:\/\/api.w.org\/{rel}","templated":true}]}}