

{"id":9762,"date":"2025-11-27T11:24:00","date_gmt":"2025-11-27T10:24:00","guid":{"rendered":"https:\/\/blackviewphones.com\/?post_type=product&#038;p=9762"},"modified":"2026-04-23T12:03:18","modified_gmt":"2026-04-23T10:03:18","slug":"blackview-mega-3er-pack-tablet","status":"publish","type":"product","link":"https:\/\/blackviewphones.com\/de\/product\/tablet-blackview-mega-3-pack\/","title":{"rendered":"Blackview MEGA 3 Tablet"},"content":{"rendered":"<h1>Blackview MEGA 3 Tablet<\/h1>\n<p data-start=\"1761\" data-end=\"2043\">Ihre Batterie von <strong data-start=\"1775\" data-end=\"1787\">8800 mAh<\/strong> So k\u00f6nnen Sie lange Tage ohne Aufladen bew\u00e4ltigen, und dank der 33-Watt-Schnellladefunktion ist es im Handumdrehen wieder einsatzbereit. Die Kameras \u2013<strong data-start=\"1935\" data-end=\"1968\">50-MP-R\u00fcckkamera und 13-MP-Frontkamera<\/strong>\u2014 Sie bew\u00e4ltigen Videogespr\u00e4che, Online-Kurse oder gelegentliche Aufnahmen problemlos.<\/p>\n<p data-start=\"2045\" data-end=\"2321\">Diese Version wird mit einem\/einer <strong data-start=\"2081\" data-end=\"2112\">komplettes Zubeh\u00f6rpaket<\/strong>Inklusive Stift zum Schreiben und Zeichnen, Kopfh\u00f6rer, Schutzh\u00fclle, Displayschutzfolie aus geh\u00e4rtetem Glas und Ladeger\u00e4t. Ein Tablet, das sofort einsatzbereit ist \u2013 f\u00fcr Produktivit\u00e4t, Studium oder kreatives Schaffen, ohne dass weitere Anschaffungen n\u00f6tig sind.<\/p>\n<p>&nbsp;<\/p>\n<p>&nbsp;<\/p>","protected":false},"excerpt":{"rendered":"<p>Das Blackview-Tablet <strong data-start=\"1384\" data-end=\"1394\">MEGA 3<\/strong> Es wurde f\u00fcr all jene entwickelt, die ein leistungsstarkes, leichtes Tablet mit \u00fcberragender Bildqualit\u00e4t suchen. Sein Display <strong data-start=\"1516\" data-end=\"1538\">12,1\u2033 FHD+ bei 90 Hz<\/strong> Es bietet brillante Farben und reibungslose Leistung beim Wechseln zwischen Apps, beim Lesen, Surfen oder Fernsehen. Ausgestattet bis zu <strong>36 GB RAM und 256 GB Speicherplatz<\/strong>, Der MEGA 3 reagiert auch bei intensivem Multitasking schnell.<\/p>","protected":false},"featured_media":10345,"comment_status":"open","ping_status":"closed","template":"","meta":{"_acf_changed":false},"product_brand":[287],"product_cat":[159,95,328],"product_tag":[],"class_list":{"0":"post-9762","1":"product","2":"type-product","3":"status-publish","4":"has-post-thumbnail","6":"product_brand-blackview","7":"product_cat-ofertas","8":"product_cat-tablets-blackview","9":"product_cat-tablets-blackview-tablets-inteligentes-blackview","11":"first","12":"instock","13":"sale","14":"shipping-taxable","15":"purchasable","16":"product-type-variable"},"acf":[],"_links":{"self":[{"href":"https:\/\/blackviewphones.com\/de\/wp-json\/wp\/v2\/product\/9762","targetHints":{"allow":["GET"]}}],"collection":[{"href":"https:\/\/blackviewphones.com\/de\/wp-json\/wp\/v2\/product"}],"about":[{"href":"https:\/\/blackviewphones.com\/de\/wp-json\/wp\/v2\/types\/product"}],"replies":[{"embeddable":true,"href":"https:\/\/blackviewphones.com\/de\/wp-json\/wp\/v2\/comments?post=9762"}],"version-history":[{"count":0,"href":"https:\/\/blackviewphones.com\/de\/wp-json\/wp\/v2\/product\/9762\/revisions"}],"wp:featuredmedia":[{"embeddable":true,"href":"https:\/\/blackviewphones.com\/de\/wp-json\/wp\/v2\/media\/10345"}],"wp:attachment":[{"href":"https:\/\/blackviewphones.com\/de\/wp-json\/wp\/v2\/media?parent=9762"}],"wp:term":[{"taxonomy":"product_brand","embeddable":true,"href":"https:\/\/blackviewphones.com\/de\/wp-json\/wp\/v2\/product_brand?post=9762"},{"taxonomy":"product_cat","embeddable":true,"href":"https:\/\/blackviewphones.com\/de\/wp-json\/wp\/v2\/product_cat?post=9762"},{"taxonomy":"product_tag","embeddable":true,"href":"https:\/\/blackviewphones.com\/de\/wp-json\/wp\/v2\/product_tag?post=9762"}],"curies":[{"name":"wp","href":"https:\/\/api.w.org\/{rel}","templated":true}]}}