

{"id":9747,"date":"2025-11-26T16:14:02","date_gmt":"2025-11-26T15:14:02","guid":{"rendered":"https:\/\/blackviewphones.com\/?post_type=product&#038;p=9747"},"modified":"2026-05-07T12:40:30","modified_gmt":"2026-05-07T10:40:30","slug":"scm6-tragbarer-bildschirm","status":"publish","type":"product","link":"https:\/\/blackviewphones.com\/de\/product\/pantalla-portatil-scm6\/","title":{"rendered":"SCM6 Tragbarer Bildschirm"},"content":{"rendered":"<h1>SCM6 Tragbarer Bildschirm<\/h1>\n<p data-start=\"3074\" data-end=\"3438\">Er <strong data-start=\"261\" data-end=\"279\">Blackview SCM6<\/strong> Es handelt sich um einen tragbaren 14-Zoll-Full-HD-Monitor, der f\u00fcr alle entwickelt wurde, die ihren Arbeitsbereich jederzeit erweitern m\u00f6chten. Sein leichtes Geh\u00e4use <strong data-start=\"422\" data-end=\"431\">600 g<\/strong> Durch sein ultrad\u00fcnnes Design ist es das perfekte Werkzeug f\u00fcr Berufst\u00e4tige, Studierende und Kreative, die viel unterwegs sind. Es ben\u00f6tigt nur ein Kabel. <strong data-start=\"590\" data-end=\"613\">USB-C mit vollem Funktionsumfang<\/strong> zur \u00dcbertragung von Bild, Ton und Strom, wodurch eine schnelle Verbindung ohne Konfigurationen erm\u00f6glicht wird.<\/p>\n<p>\u00a0<\/p>\n<p>\u00a0<\/p>","protected":false},"excerpt":{"rendered":"<p>Der tragbare 14-Zoll-Full-HD-Monitor Blackview SCM6 ist leicht und ultrad\u00fcnn und verf\u00fcgt \u00fcber USB-C Plug &amp; Play, ein IPS-Panel und einen integrierten Lautsprecher. Er ist ideal, um Ihre Produktivit\u00e4t \u00fcberall zu steigern.<\/p>\n<p><strong>*Abbildung dient als Referenz: Bildschirme mit St\u00e4nder, Laptop nicht im Lieferumfang enthalten.<\/strong><\/p>","protected":false},"featured_media":10839,"comment_status":"open","ping_status":"closed","template":"","meta":{"_acf_changed":false},"product_brand":[287],"product_cat":[61,159,151],"product_tag":[],"class_list":{"0":"post-9747","1":"product","2":"type-product","3":"status-publish","4":"has-post-thumbnail","6":"product_brand-blackview","7":"product_cat-equipos-blackview-portatiles","8":"product_cat-ofertas","9":"product_cat-equipos-blackview","11":"first","12":"instock","13":"sale","14":"shipping-taxable","15":"purchasable","16":"product-type-variable","17":"has-default-attributes"},"acf":[],"_links":{"self":[{"href":"https:\/\/blackviewphones.com\/de\/wp-json\/wp\/v2\/product\/9747","targetHints":{"allow":["GET"]}}],"collection":[{"href":"https:\/\/blackviewphones.com\/de\/wp-json\/wp\/v2\/product"}],"about":[{"href":"https:\/\/blackviewphones.com\/de\/wp-json\/wp\/v2\/types\/product"}],"replies":[{"embeddable":true,"href":"https:\/\/blackviewphones.com\/de\/wp-json\/wp\/v2\/comments?post=9747"}],"version-history":[{"count":0,"href":"https:\/\/blackviewphones.com\/de\/wp-json\/wp\/v2\/product\/9747\/revisions"}],"wp:featuredmedia":[{"embeddable":true,"href":"https:\/\/blackviewphones.com\/de\/wp-json\/wp\/v2\/media\/10839"}],"wp:attachment":[{"href":"https:\/\/blackviewphones.com\/de\/wp-json\/wp\/v2\/media?parent=9747"}],"wp:term":[{"taxonomy":"product_brand","embeddable":true,"href":"https:\/\/blackviewphones.com\/de\/wp-json\/wp\/v2\/product_brand?post=9747"},{"taxonomy":"product_cat","embeddable":true,"href":"https:\/\/blackviewphones.com\/de\/wp-json\/wp\/v2\/product_cat?post=9747"},{"taxonomy":"product_tag","embeddable":true,"href":"https:\/\/blackviewphones.com\/de\/wp-json\/wp\/v2\/product_tag?post=9747"}],"curies":[{"name":"wp","href":"https:\/\/api.w.org\/{rel}","templated":true}]}}