

{"id":9734,"date":"2025-11-26T14:43:29","date_gmt":"2025-11-26T13:43:29","guid":{"rendered":"https:\/\/blackviewphones.com\/?post_type=product&#038;p=9734"},"modified":"2026-04-24T12:25:48","modified_gmt":"2026-04-24T10:25:48","slug":"blackview-w90-pro-smartwatch","status":"publish","type":"product","link":"https:\/\/blackviewphones.com\/de\/product\/blackview-w90-pro-smartwatch\/","title":{"rendered":"Blackview W90 Pro \u2013 Smartwatch"},"content":{"rendered":"<h1>Blackview W90 Pro \u2013 SMARTWACTH<\/h1>\n<p data-start=\"188\" data-end=\"639\">Er <strong data-start=\"191\" data-end=\"213\">Smartwatch W90 Pro<\/strong> Es ist Ihr pers\u00f6nlicher Assistent, Fitnesstrainer und idealer Begleiter f\u00fcr jeden Tag. Sein Geh\u00e4use aus Zinklegierung verf\u00fcgt \u00fcber ein Display. <strong data-start=\"339\" data-end=\"365\">AMOLED 1,43\u2033 (466\u00d7466)<\/strong> Es bietet ein klares und elegantes Display, ideal f\u00fcr Benachrichtigungen, Anrufe und Erinnerungen. Es verf\u00fcgt \u00fcber eine Taschenlampe, ein Metallarmband und ist robust f\u00fcr den Dauereinsatz. Der Akku... <strong data-start=\"562\" data-end=\"573\">900 mAh<\/strong> Es gew\u00e4hrleistet eine \u00fcberlegene Autonomie ohne h\u00e4ufiges Aufladen.<\/p>\n<h2 data-start=\"646\" data-end=\"691\"><strong data-start=\"655\" data-end=\"691\">Ideal f\u00fcr Sportler und aktive Menschen<\/strong><\/h2>\n<p data-start=\"693\" data-end=\"994\">Mit mehr als <strong data-start=\"704\" data-end=\"728\">100 Sportmodi<\/strong>, Die W90 Pro zeichnet Ihre Workouts pr\u00e4zise auf \u2013 vom Laufen und Radfahren bis hin zu Krafttraining und Dehn\u00fcbungen. Ihre fortschrittlichen Sensoren \u00fcberwachen Herzfrequenz, Sauerstoffs\u00e4ttigung (SpO\u2082) und Blutdruck und liefern so umfassende Aufzeichnungen f\u00fcr jede Trainingseinheit.<\/p>\n<h2 data-start=\"1001\" data-end=\"1036\"><strong data-start=\"1007\" data-end=\"1036\">Langlebiger Akku<\/strong><\/h2>\n<p data-start=\"1038\" data-end=\"1206\">Dank seines 900-mAh-Akkus bietet das W90 Pro <strong data-start=\"1089\" data-end=\"1121\">mehr als 20 Tage normale Anwendung<\/strong>, So k\u00f6nnen Sie trainieren, arbeiten und sich erholen, ohne sich Gedanken dar\u00fcber machen zu m\u00fcssen, es jeden Tag mit sich herumtragen zu m\u00fcssen.<\/p>","protected":false},"excerpt":{"rendered":"<p>19,1-Zoll-Bildschirm<\/p>\n<p>1000 Nits<\/p>\n<p>55,65*46,80*13,70 mm<\/p>\n<p>36 Gramm | 900 mAh<\/p>\n<p>Sportmodus<\/p>\n<p>Bluetooth-Anrufe und Nachrichtenbenachrichtigungen<\/p>\n<p>Sprachassistent + Musiksteuerung<\/p>\n<p>Telefonortungsfunktion<\/p>","protected":false},"featured_media":9738,"comment_status":"open","ping_status":"closed","template":"","meta":{"_acf_changed":false},"product_brand":[287],"product_cat":[154,159,90],"product_tag":[],"class_list":{"0":"post-9734","1":"product","2":"type-product","3":"status-publish","4":"has-post-thumbnail","6":"product_brand-blackview","7":"product_cat-accesorios-blackview","8":"product_cat-ofertas","9":"product_cat-smartwatch","11":"first","12":"instock","13":"sale","14":"shipping-taxable","15":"purchasable","16":"product-type-variable","17":"has-default-attributes"},"acf":[],"_links":{"self":[{"href":"https:\/\/blackviewphones.com\/de\/wp-json\/wp\/v2\/product\/9734","targetHints":{"allow":["GET"]}}],"collection":[{"href":"https:\/\/blackviewphones.com\/de\/wp-json\/wp\/v2\/product"}],"about":[{"href":"https:\/\/blackviewphones.com\/de\/wp-json\/wp\/v2\/types\/product"}],"replies":[{"embeddable":true,"href":"https:\/\/blackviewphones.com\/de\/wp-json\/wp\/v2\/comments?post=9734"}],"version-history":[{"count":0,"href":"https:\/\/blackviewphones.com\/de\/wp-json\/wp\/v2\/product\/9734\/revisions"}],"wp:featuredmedia":[{"embeddable":true,"href":"https:\/\/blackviewphones.com\/de\/wp-json\/wp\/v2\/media\/9738"}],"wp:attachment":[{"href":"https:\/\/blackviewphones.com\/de\/wp-json\/wp\/v2\/media?parent=9734"}],"wp:term":[{"taxonomy":"product_brand","embeddable":true,"href":"https:\/\/blackviewphones.com\/de\/wp-json\/wp\/v2\/product_brand?post=9734"},{"taxonomy":"product_cat","embeddable":true,"href":"https:\/\/blackviewphones.com\/de\/wp-json\/wp\/v2\/product_cat?post=9734"},{"taxonomy":"product_tag","embeddable":true,"href":"https:\/\/blackviewphones.com\/de\/wp-json\/wp\/v2\/product_tag?post=9734"}],"curies":[{"name":"wp","href":"https:\/\/api.w.org\/{rel}","templated":true}]}}