

{"id":9683,"date":"2025-11-27T15:03:33","date_gmt":"2025-11-27T14:03:33","guid":{"rendered":"https:\/\/blackviewphones.com\/?post_type=product&#038;p=9683"},"modified":"2026-04-14T12:05:40","modified_gmt":"2026-04-14T10:05:40","slug":"xplore-1-pro","status":"publish","type":"product","link":"https:\/\/blackviewphones.com\/de\/product\/xplore-1-pro\/","title":{"rendered":"Blackview XPLORE 1 Pro 5G | Mit W\u00e4rmebildkamera und Fernbedienung"},"content":{"rendered":"<h1>Blackview XPLORE 1 Pro 5G | Mit W\u00e4rmebildkamera und Fernbedienung<\/h1>\n<p data-start=\"3074\" data-end=\"3438\">Er <strong data-start=\"3077\" data-end=\"3103\">Blackview XPLORE 1 Pro<\/strong> Es handelt sich um ein leistungsstarkes, robustes Smartphone mit NFC, das f\u00fcr Profis und Abenteurer entwickelt wurde, die ein zuverl\u00e4ssiges Ger\u00e4t ben\u00f6tigen. <strong>W\u00e4rmebildkamera<\/strong>. Ausgestattet mit bis zu <strong>36 GB oder 48 GB RAM<\/strong> und die <strong data-start=\"3303\" data-end=\"3338\">256 GB oder 512 GB Speicherplatz<\/strong>, Es bietet au\u00dfergew\u00f6hnliche Leistung f\u00fcr Multitasking, Surfen, rechenintensive Anwendungen und intensive Nutzung.<\/p>\n<p data-start=\"3440\" data-end=\"3859\">Sein <strong>eingebaute W\u00e4rmebildkamera<\/strong> Es eignet sich hervorragend zur Erkennung von W\u00e4rmezonen, egal ob im Alltag oder am Arbeitsplatz. Dar\u00fcber hinaus ist es enorm. <strong data-start=\"3638\" data-end=\"3663\">20.000 mAh Akku<\/strong>, der Bildschirm <strong data-start=\"3677\" data-end=\"3694\">FHD+ bei 120 Hz<\/strong>, das Android 15-System und zertifizierte Langlebigkeit <strong data-start=\"3747\" data-end=\"3774\">IP68\/IP69K\/MIL-STD-810H<\/strong> Sie garantieren absolute Zuverl\u00e4ssigkeit gegen\u00fcber St\u00f6\u00dfen, Staub, Wasser und extremen Temperaturen. Sie zeichnen sich au\u00dferdem durch folgende Merkmale aus: <strong>Infrarot-Fernbedienung<\/strong> zur Steuerung des Fernsehers oder anderer Ger\u00e4te.<\/p>\n<p data-start=\"3861\" data-end=\"4061\">Die Kameras von <strong data-start=\"3876\" data-end=\"3909\">64 MP + 20 MP Nachtsicht<\/strong> Und die 50-MP-Frontlinse macht das Ger\u00e4t zu einem perfekten Allrounder f\u00fcr Anwender, die maximale Autonomie, Sicherheit und fortschrittliche Kommunikation suchen.<\/p>\n<p>&nbsp;<\/p>\n<p>&nbsp;<\/p>","protected":false},"excerpt":{"rendered":"<p>Er <strong data-start=\"4103\" data-end=\"4129\">Blackview XPLORE 1 Pro<\/strong> Es vereint extreme Langlebigkeit mit einer W\u00e4rmebildkamera, einer leistungsstarken Taschenlampe, einer Infrarot-Fernbedienung und \u00fcberragender Leistung. <strong data-start=\"4213\" data-end=\"4231\">12\/16 GB RAM<\/strong>. Seine Batterie <strong data-start=\"4263\" data-end=\"4277\">20.000 mAh<\/strong>, Das 120-Hz-Display und die Zertifizierungen IP68\/IP69K\/MIL-STD-810H garantieren absolute Zuverl\u00e4ssigkeit in jeder Umgebung.<\/p>","protected":false},"featured_media":13055,"comment_status":"open","ping_status":"closed","template":"","meta":{"_acf_changed":false},"product_brand":[287],"product_cat":[42,136,166,159,338],"product_tag":[],"class_list":{"0":"post-9683","1":"product","2":"type-product","3":"status-publish","4":"has-post-thumbnail","6":"product_brand-blackview","7":"product_cat-moviles-blackview","8":"product_cat-moviles-resistentes-rugerizados","9":"product_cat-moviles-resistentes-rugerizados-nuevos-modelos","10":"product_cat-ofertas","11":"product_cat-productos","13":"first","14":"instock","15":"sale","16":"shipping-taxable","17":"purchasable","18":"product-type-variable","19":"has-default-attributes"},"acf":[],"_links":{"self":[{"href":"https:\/\/blackviewphones.com\/de\/wp-json\/wp\/v2\/product\/9683","targetHints":{"allow":["GET"]}}],"collection":[{"href":"https:\/\/blackviewphones.com\/de\/wp-json\/wp\/v2\/product"}],"about":[{"href":"https:\/\/blackviewphones.com\/de\/wp-json\/wp\/v2\/types\/product"}],"replies":[{"embeddable":true,"href":"https:\/\/blackviewphones.com\/de\/wp-json\/wp\/v2\/comments?post=9683"}],"version-history":[{"count":0,"href":"https:\/\/blackviewphones.com\/de\/wp-json\/wp\/v2\/product\/9683\/revisions"}],"wp:featuredmedia":[{"embeddable":true,"href":"https:\/\/blackviewphones.com\/de\/wp-json\/wp\/v2\/media\/13055"}],"wp:attachment":[{"href":"https:\/\/blackviewphones.com\/de\/wp-json\/wp\/v2\/media?parent=9683"}],"wp:term":[{"taxonomy":"product_brand","embeddable":true,"href":"https:\/\/blackviewphones.com\/de\/wp-json\/wp\/v2\/product_brand?post=9683"},{"taxonomy":"product_cat","embeddable":true,"href":"https:\/\/blackviewphones.com\/de\/wp-json\/wp\/v2\/product_cat?post=9683"},{"taxonomy":"product_tag","embeddable":true,"href":"https:\/\/blackviewphones.com\/de\/wp-json\/wp\/v2\/product_tag?post=9683"}],"curies":[{"name":"wp","href":"https:\/\/api.w.org\/{rel}","templated":true}]}}