

{"id":9528,"date":"2025-11-17T14:58:12","date_gmt":"2025-11-17T13:58:12","guid":{"rendered":"https:\/\/blackviewphones.com\/?post_type=product&#038;p=9528"},"modified":"2026-04-23T16:18:34","modified_gmt":"2026-04-23T14:18:34","slug":"aurabass-2","status":"publish","type":"product","link":"https:\/\/blackviewphones.com\/de\/product\/aurabass-2\/","title":{"rendered":"Blackview AuraBass 2"},"content":{"rendered":"<h1 data-start=\"306\" data-end=\"365\"><strong data-start=\"309\" data-end=\"365\">Blackview AuraBass 2: Bluetooth-Lautsprecher<\/strong><\/h1>\n<p data-start=\"367\" data-end=\"681\">M\u00f6chten Sie Ihr Klangerlebnis auf ein neues Niveau heben? <strong data-start=\"422\" data-end=\"436\">AuraBass 2<\/strong> Dieser Lautsprecher ist ideal f\u00fcr alle, die Musik mit Tiefe, Detailreichtum und Emotionen lieben. Mit seinem modernen Design und dem raumf\u00fcllenden Klang vereint er... <strong data-start=\"592\" data-end=\"624\">fortschrittliche Audiotechnologie<\/strong> mit einem eleganten Stil, der sich Ihrem Lebensstil anpasst.<\/p>\n<h2 data-start=\"683\" data-end=\"736\"><strong data-start=\"687\" data-end=\"736\">Bass, den man sp\u00fcren kann, Klang, der einen umh\u00fcllt<\/strong><\/h2>\n<p data-start=\"738\" data-end=\"1156\">Er <strong data-start=\"741\" data-end=\"755\">Aurabass 2<\/strong> Es ist ausgestattet mit einem <strong data-start=\"777\" data-end=\"816\">Doppelmembran-Akustiksystem<\/strong> und ein <strong data-start=\"822\" data-end=\"867\">hocheffizienter integrierter Verst\u00e4rker<\/strong>, Er liefert eine kraftvolle, klare und verzerrungsfreie Klangwiedergabe. Sein Bass ist tief und pr\u00e4zise \u2013 ideal f\u00fcr alle, die Musik nicht nur h\u00f6ren, sondern auch f\u00fchlen wollen. Von den intensivsten urbanen Rhythmen bis zu den sanftesten Akkorden wird jedes Genre in perfekter Balance zum Leben erweckt.<\/p>\n<h2 data-start=\"1158\" data-end=\"1206\"><strong data-start=\"1162\" data-end=\"1206\">Elegantes Design, speziell f\u00fcr Ihren Raum entworfen<\/strong><\/h2>\n<p data-start=\"1208\" data-end=\"1519\">Kompakt, robust und optisch ansprechend, <strong data-start=\"1254\" data-end=\"1268\">AuraBass 2<\/strong> Es vereint hochwertige Materialien mit einer soliden Konstruktion, die Vibrationen reduziert und die Klangreinheit verbessert. Es ist perfekt f\u00fcr Ihren Schreibtisch, Ihr Wohnzimmer oder sogar Ihr Gaming-Setup: ein Hauch von Stil, der auch bietet <strong data-start=\"1491\" data-end=\"1518\">professionelle Leistung<\/strong>.<\/p>\n<h2 data-start=\"1521\" data-end=\"1565\"><strong data-start=\"1525\" data-end=\"1565\">Volle Konnektivit\u00e4t f\u00fcr Ihren Komfort<\/strong><\/h2>\n<p data-start=\"1567\" data-end=\"1844\">Mit <strong data-start=\"1571\" data-end=\"1588\">Bluetooth 5.0<\/strong>, <strong data-start=\"1590\" data-end=\"1610\">Hilfseingang<\/strong> und die <strong data-start=\"1613\" data-end=\"1627\">USB-Anschluss<\/strong>, Er <strong data-start=\"1632\" data-end=\"1646\">AuraBass 2<\/strong> Es erm\u00f6glicht Ihnen, jedes Ger\u00e4t problemlos anzuschlie\u00dfen und Ihre Musik uneingeschr\u00e4nkt zu genie\u00dfen. Wechseln Sie mit nur einer Ber\u00fchrung zwischen den Quellen und profitieren Sie stets von einer stabilen und schnellen Verbindung ohne Unterbrechungen.<\/p>\n<h2 data-start=\"1846\" data-end=\"1895\"><strong data-start=\"1850\" data-end=\"1895\">Langanhaltende, problemlose Leistung<\/strong><\/h2>\n<p data-start=\"1897\" data-end=\"2174\">Dank Ihrer <strong data-start=\"1910\" data-end=\"1939\">langlebiger Akku<\/strong>, Genie\u00dfen Sie stundenlange Musik ohne sich Gedanken ums Aufladen machen zu m\u00fcssen. Dank Schnellladefunktion ist Ihr Ger\u00e4t im Handumdrehen wieder einsatzbereit. Es ist zuverl\u00e4ssig, leistungsstark und der perfekte Begleiter f\u00fcr unterwegs.<\/p>","protected":false},"excerpt":{"rendered":"<p data-start=\"436\" data-end=\"691\">Erleben Sie kraftvollen Klang mit dem <strong data-start=\"479\" data-end=\"493\">AuraBass 2<\/strong>, Der Bluetooth-Lautsprecher vereint elegantes Design, satten Bass und raumf\u00fcllenden Klang. Dank langer Akkulaufzeit und umfassender Konnektivit\u00e4t ist er perfekt, um Ihre Musik \u00fcberall zu genie\u00dfen.<\/p>","protected":false},"featured_media":10210,"comment_status":"open","ping_status":"closed","template":"","meta":{"_acf_changed":false},"product_brand":[287],"product_cat":[154],"product_tag":[],"class_list":{"0":"post-9528","1":"product","2":"type-product","3":"status-publish","4":"has-post-thumbnail","6":"product_brand-blackview","7":"product_cat-accesorios-blackview","9":"first","10":"outofstock","11":"sale","12":"shipping-taxable","13":"purchasable","14":"product-type-variable","15":"has-default-attributes"},"acf":[],"_links":{"self":[{"href":"https:\/\/blackviewphones.com\/de\/wp-json\/wp\/v2\/product\/9528","targetHints":{"allow":["GET"]}}],"collection":[{"href":"https:\/\/blackviewphones.com\/de\/wp-json\/wp\/v2\/product"}],"about":[{"href":"https:\/\/blackviewphones.com\/de\/wp-json\/wp\/v2\/types\/product"}],"replies":[{"embeddable":true,"href":"https:\/\/blackviewphones.com\/de\/wp-json\/wp\/v2\/comments?post=9528"}],"version-history":[{"count":1,"href":"https:\/\/blackviewphones.com\/de\/wp-json\/wp\/v2\/product\/9528\/revisions"}],"predecessor-version":[{"id":13629,"href":"https:\/\/blackviewphones.com\/de\/wp-json\/wp\/v2\/product\/9528\/revisions\/13629"}],"wp:featuredmedia":[{"embeddable":true,"href":"https:\/\/blackviewphones.com\/de\/wp-json\/wp\/v2\/media\/10210"}],"wp:attachment":[{"href":"https:\/\/blackviewphones.com\/de\/wp-json\/wp\/v2\/media?parent=9528"}],"wp:term":[{"taxonomy":"product_brand","embeddable":true,"href":"https:\/\/blackviewphones.com\/de\/wp-json\/wp\/v2\/product_brand?post=9528"},{"taxonomy":"product_cat","embeddable":true,"href":"https:\/\/blackviewphones.com\/de\/wp-json\/wp\/v2\/product_cat?post=9528"},{"taxonomy":"product_tag","embeddable":true,"href":"https:\/\/blackviewphones.com\/de\/wp-json\/wp\/v2\/product_tag?post=9528"}],"curies":[{"name":"wp","href":"https:\/\/api.w.org\/{rel}","templated":true}]}}